{"id":35135,"date":"2022-10-31T22:20:23","date_gmt":"2022-10-31T20:20:23","guid":{"rendered":"https:\/\/ddt.lv\/lv\/product\/57913-wireless-ladejama-ierice-10000mah-bl1-varta\/"},"modified":"2026-04-13T10:02:15","modified_gmt":"2026-04-13T07:02:15","slug":"57913-wireless-ladejama-ierice-10000mah-bl1-varta","status":"publish","type":"product","link":"https:\/\/ddt.lv\/lv\/product\/57913-wireless-ladejama-ierice-10000mah-bl1-varta\/","title":{"rendered":"57913 Powerbank Wireless L\u0101d\u0113jam\u0101 ier\u012bce 10000mAh BL1 VARTA"},"content":{"rendered":"<p>Bezgal\u012bga ener\u0123ija ar Varta 57913 jauno powerbanku!<br \/>\nVarta Powerbank Wireless Carger 57913\u00a0\u2014 vienk\u0101r\u0161s uzl\u0101des veids. Ar praktisko 2-in-1 izstr\u0101d\u0101jumu jums ir l\u0101d\u0113t\u0101js un str\u0101vas banka vien\u0101. Str\u0101vas banka uzl\u0101d\u0113 l\u012bdz 18 W (USB tips C) un bezvadu re\u017e\u012bm\u0101 l\u012bdz 10 W. Pateicoties caurlaides uzl\u0101des funkcijai, baro\u0161anas banku un viedt\u0101lruni var uzl\u0101d\u0113t vienlaikus. Ar 4 balt\u0101m gaismas diod\u0113m, kas nor\u0101da uzl\u0101des un izl\u0101des l\u012bmeni (zilas gaismas diodes, kas nor\u0101da uz \u0101tru uzl\u0101di un bezvadu uzl\u0101di).<\/p>","protected":false},"excerpt":{"rendered":"<p>Bezgal\u012bga ener\u0123ija ar Varta 57913 jauno powerbanku! Varta Powerbank Wireless Carger 57913\u00a0\u2014 vienk\u0101r\u0161s uzl\u0101des veids. Ar praktisko 2-in-1 izstr\u0101d\u0101jumu jums ir l\u0101d\u0113t\u0101js un str\u0101vas banka vien\u0101. Str\u0101vas banka uzl\u0101d\u0113 l\u012bdz 18 W (USB tips C) un bezvadu re\u017e\u012bm\u0101 l\u012bdz 10 W. Pateicoties caurlaides uzl\u0101des funkcijai, baro\u0161anas banku un viedt\u0101lruni var uzl\u0101d\u0113t vienlaikus. Ar 4 balt\u0101m [&hellip;]<\/p>\n","protected":false},"featured_media":35149,"comment_status":"closed","ping_status":"closed","template":"","meta":{"inline_featured_image":false},"product_cat":[772,460],"product_tag":[],"yst_prominent_words":[],"class_list":{"0":"post-35135","1":"product","2":"type-product","3":"status-publish","4":"has-post-thumbnail","6":"product_cat-atlaides","7":"product_cat-uzlades-stacijas","9":"first","10":"instock","11":"sale","12":"taxable","13":"shipping-taxable","14":"purchasable","15":"product-type-simple"},"jetpack_sharing_enabled":true,"_links":{"self":[{"href":"https:\/\/ddt.lv\/lv\/wp-json\/wp\/v2\/product\/35135"}],"collection":[{"href":"https:\/\/ddt.lv\/lv\/wp-json\/wp\/v2\/product"}],"about":[{"href":"https:\/\/ddt.lv\/lv\/wp-json\/wp\/v2\/types\/product"}],"replies":[{"embeddable":true,"href":"https:\/\/ddt.lv\/lv\/wp-json\/wp\/v2\/comments?post=35135"}],"wp:featuredmedia":[{"embeddable":true,"href":"https:\/\/ddt.lv\/lv\/wp-json\/wp\/v2\/media\/35149"}],"wp:attachment":[{"href":"https:\/\/ddt.lv\/lv\/wp-json\/wp\/v2\/media?parent=35135"}],"wp:term":[{"taxonomy":"product_cat","embeddable":true,"href":"https:\/\/ddt.lv\/lv\/wp-json\/wp\/v2\/product_cat?post=35135"},{"taxonomy":"product_tag","embeddable":true,"href":"https:\/\/ddt.lv\/lv\/wp-json\/wp\/v2\/product_tag?post=35135"},{"taxonomy":"yst_prominent_words","embeddable":true,"href":"https:\/\/ddt.lv\/lv\/wp-json\/wp\/v2\/yst_prominent_words?post=35135"}],"curies":[{"name":"wp","href":"https:\/\/api.w.org\/{rel}","templated":true}]}}