{"id":35132,"date":"2022-10-31T22:20:22","date_gmt":"2022-10-31T20:20:22","guid":{"rendered":"https:\/\/ddt.lv\/lv\/product\/led-globe-e27-9-4w-806lm-rgb-w-wifi-avide-spuldze\/"},"modified":"2026-04-09T12:00:28","modified_gmt":"2026-04-09T09:00:28","slug":"led-globe-e27-9-4w-806lm-rgb-w-wifi-avide-spuldze","status":"publish","type":"product","link":"https:\/\/ddt.lv\/lv\/product\/led-globe-e27-9-4w-806lm-rgb-w-wifi-avide-spuldze\/","title":{"rendered":"LED Globe E27 9.4W 806lm RGB+W WiFi Avide spuldze"},"content":{"rendered":"<p>LED lampa, kas papildus tam, ka ir ekonomiska, padar\u012bs j\u016bsu m\u0101ju nedaudz&#8230; gudr\u0101ku! Izmantojot mobilo t\u0101lruni vai plan\u0161etdatoru, to var piesl\u0113gt j\u016bsu vietas WiFi t\u012bklam un t\u0101d\u0113j\u0101di to vad\u012bt att\u0101lin\u0101ti, nedodoties pie sl\u0113d\u017ea vai atrodoties m\u0101j\u0101s. No mobil\u0101s aplik\u0101cijas varat ar\u012b izv\u0113l\u0113ties v\u0113lamo kr\u0101su&#8230;<\/p>","protected":false},"excerpt":{"rendered":"<p>LED lampa, kas papildus tam, ka ir ekonomiska, padar\u012bs j\u016bsu m\u0101ju nedaudz&#8230; gudr\u0101ku! Izmantojot mobilo t\u0101lruni vai plan\u0161etdatoru, to var piesl\u0113gt j\u016bsu vietas WiFi t\u012bklam un t\u0101d\u0113j\u0101di to vad\u012bt att\u0101lin\u0101ti, nedodoties pie sl\u0113d\u017ea vai atrodoties m\u0101j\u0101s. No mobil\u0101s aplik\u0101cijas varat ar\u012b izv\u0113l\u0113ties v\u0113lamo kr\u0101su&#8230;<\/p>\n","protected":false},"featured_media":35122,"comment_status":"closed","ping_status":"closed","template":"","meta":{"inline_featured_image":false},"product_cat":[1299],"product_tag":[],"yst_prominent_words":[],"class_list":{"0":"post-35132","1":"product","2":"type-product","3":"status-publish","4":"has-post-thumbnail","6":"product_cat-viedas-spuldzes","8":"first","9":"instock","10":"taxable","11":"shipping-taxable","12":"purchasable","13":"product-type-simple"},"jetpack_sharing_enabled":true,"_links":{"self":[{"href":"https:\/\/ddt.lv\/lv\/wp-json\/wp\/v2\/product\/35132"}],"collection":[{"href":"https:\/\/ddt.lv\/lv\/wp-json\/wp\/v2\/product"}],"about":[{"href":"https:\/\/ddt.lv\/lv\/wp-json\/wp\/v2\/types\/product"}],"replies":[{"embeddable":true,"href":"https:\/\/ddt.lv\/lv\/wp-json\/wp\/v2\/comments?post=35132"}],"wp:featuredmedia":[{"embeddable":true,"href":"https:\/\/ddt.lv\/lv\/wp-json\/wp\/v2\/media\/35122"}],"wp:attachment":[{"href":"https:\/\/ddt.lv\/lv\/wp-json\/wp\/v2\/media?parent=35132"}],"wp:term":[{"taxonomy":"product_cat","embeddable":true,"href":"https:\/\/ddt.lv\/lv\/wp-json\/wp\/v2\/product_cat?post=35132"},{"taxonomy":"product_tag","embeddable":true,"href":"https:\/\/ddt.lv\/lv\/wp-json\/wp\/v2\/product_tag?post=35132"},{"taxonomy":"yst_prominent_words","embeddable":true,"href":"https:\/\/ddt.lv\/lv\/wp-json\/wp\/v2\/yst_prominent_words?post=35132"}],"curies":[{"name":"wp","href":"https:\/\/api.w.org\/{rel}","templated":true}]}}