{"id":35131,"date":"2022-10-31T22:20:22","date_gmt":"2022-10-31T20:20:22","guid":{"rendered":"https:\/\/ddt.lv\/lv\/product\/led-gls-e27-9-7w-806lm-rgb-w-talv-pults-avide-spuldze\/"},"modified":"2026-04-01T00:20:36","modified_gmt":"2026-03-31T21:20:36","slug":"led-gls-e27-9-7w-806lm-rgb-w-talv-pults-avide-spuldze","status":"publish","type":"product","link":"https:\/\/ddt.lv\/lv\/product\/led-gls-e27-9-7w-806lm-rgb-w-talv-pults-avide-spuldze\/","title":{"rendered":"LED GLS E27 9.7W 806lm RGB+W t\u0101lv.pults Avide spuldze"},"content":{"rendered":"<p>Produkts piem\u0113rots gan noska\u0146as rad\u012b\u0161anai (izgaismojot da\u017e\u0101d\u0101s kr\u0101s\u0101s), gan izmanto\u0161anai k\u0101 galven\u0101 gaisma. Izmantojot t\u0101lvad\u012bbas pulti, varat izv\u0113l\u0113ties v\u0113lamo kr\u0101su (sarkanu, zilu, za\u013cu, dzeltenu), k\u0101 ar\u012b iestat\u012bt silti baltu (2700 K) gaismu. Vienu t\u0101lvad\u012bbas pulti var izmantot, lai vienlaikus vad\u012btu vair\u0101kas, pat da\u017e\u0101das Avide LED spuldzes. Caur to iesp\u0113jams gan iesl\u0113gt un izsl\u0113gt, gan uzst\u0101d\u012bt da\u017e\u0101dus gaismas efektus. T\u0101lvad\u012bbas pults darbojas ar 1 komplekt\u0101 iek\u013cauto CR2025 tipa bateriju. L\u016bdzu, \u0146emiet v\u0113r\u0101, ka pirms lieto\u0161anas ir j\u0101no\u0146em plastmasas aizsargpl\u0113ve no akumulatora.<\/p>","protected":false},"excerpt":{"rendered":"<p>Produkts piem\u0113rots gan noska\u0146as rad\u012b\u0161anai (izgaismojot da\u017e\u0101d\u0101s kr\u0101s\u0101s), gan izmanto\u0161anai k\u0101 galven\u0101 gaisma. Izmantojot t\u0101lvad\u012bbas pulti, varat izv\u0113l\u0113ties v\u0113lamo kr\u0101su (sarkanu, zilu, za\u013cu, dzeltenu), k\u0101 ar\u012b iestat\u012bt silti baltu (2700 K) gaismu. Vienu t\u0101lvad\u012bbas pulti var izmantot, lai vienlaikus vad\u012btu vair\u0101kas, pat da\u017e\u0101das Avide LED spuldzes. Caur to iesp\u0113jams gan iesl\u0113gt un izsl\u0113gt, gan uzst\u0101d\u012bt [&hellip;]<\/p>\n","protected":false},"featured_media":35117,"comment_status":"closed","ping_status":"closed","template":"","meta":{"inline_featured_image":false},"product_cat":[1299],"product_tag":[],"yst_prominent_words":[],"class_list":{"0":"post-35131","1":"product","2":"type-product","3":"status-publish","4":"has-post-thumbnail","6":"product_cat-viedas-spuldzes","8":"first","9":"instock","10":"taxable","11":"shipping-taxable","12":"purchasable","13":"product-type-simple"},"jetpack_sharing_enabled":true,"_links":{"self":[{"href":"https:\/\/ddt.lv\/lv\/wp-json\/wp\/v2\/product\/35131"}],"collection":[{"href":"https:\/\/ddt.lv\/lv\/wp-json\/wp\/v2\/product"}],"about":[{"href":"https:\/\/ddt.lv\/lv\/wp-json\/wp\/v2\/types\/product"}],"replies":[{"embeddable":true,"href":"https:\/\/ddt.lv\/lv\/wp-json\/wp\/v2\/comments?post=35131"}],"wp:featuredmedia":[{"embeddable":true,"href":"https:\/\/ddt.lv\/lv\/wp-json\/wp\/v2\/media\/35117"}],"wp:attachment":[{"href":"https:\/\/ddt.lv\/lv\/wp-json\/wp\/v2\/media?parent=35131"}],"wp:term":[{"taxonomy":"product_cat","embeddable":true,"href":"https:\/\/ddt.lv\/lv\/wp-json\/wp\/v2\/product_cat?post=35131"},{"taxonomy":"product_tag","embeddable":true,"href":"https:\/\/ddt.lv\/lv\/wp-json\/wp\/v2\/product_tag?post=35131"},{"taxonomy":"yst_prominent_words","embeddable":true,"href":"https:\/\/ddt.lv\/lv\/wp-json\/wp\/v2\/yst_prominent_words?post=35131"}],"curies":[{"name":"wp","href":"https:\/\/api.w.org\/{rel}","templated":true}]}}