{"id":35087,"date":"2022-10-31T12:20:17","date_gmt":"2022-10-31T10:20:17","guid":{"rendered":"https:\/\/ddt.lv\/lv\/product\/57908-wireless-ladejama-ierice-usb-c-15000mah-bl1-varta\/"},"modified":"2026-04-13T10:02:15","modified_gmt":"2026-04-13T07:02:15","slug":"57908-wireless-ladejama-ierice-usb-c-15000mah-bl1-varta","status":"publish","type":"product","link":"https:\/\/ddt.lv\/lv\/product\/57908-wireless-ladejama-ierice-usb-c-15000mah-bl1-varta\/","title":{"rendered":"57908 Powerbank Wireless L\u0101d\u0113jam\u0101 ier\u012bce+ USB C 15000mAh BL1 VARTA"},"content":{"rendered":"<p>VARTA 2-in-1 bezvadu baro\u0161anas bank\u0101m ir 3 da\u017e\u0101das jaudas, s\u0101kot no 10 000 mAh l\u012bdz 20 000 mAh, lai t\u0101s atbilstu jebkuram individu\u0101lam ener\u0123ijas piepras\u012bjumam. Produkts atbalsta 10 W \u0101tro bezvadu uzl\u0101di, un taj\u0101 ir str\u0101vas padeve un \u0101tr\u0101 uzl\u0101de, lai atbalst\u012btu \u012bpa\u0161i \u0101tru un inteli\u0123entu uzl\u0101di ar jaudu l\u012bdz 20 W. Uzlabot\u0101 dro\u0161\u012bbas tehnolo\u0123ija un caurlaides uzl\u0101de padara VARTA bezvadu baro\u0161anas blokus par ide\u0101lu ener\u0123ijas avotu neatkar\u012bbas nodro\u0161in\u0101\u0161anai ce\u013c\u0101.<\/p>","protected":false},"excerpt":{"rendered":"<p>VARTA 2-in-1 bezvadu baro\u0161anas bank\u0101m ir 3 da\u017e\u0101das jaudas, s\u0101kot no 10 000 mAh l\u012bdz 20 000 mAh, lai t\u0101s atbilstu jebkuram individu\u0101lam ener\u0123ijas piepras\u012bjumam. Produkts atbalsta 10 W \u0101tro bezvadu uzl\u0101di, un taj\u0101 ir str\u0101vas padeve un \u0101tr\u0101 uzl\u0101de, lai atbalst\u012btu \u012bpa\u0161i \u0101tru un inteli\u0123entu uzl\u0101di ar jaudu l\u012bdz 20 W. Uzlabot\u0101 dro\u0161\u012bbas tehnolo\u0123ija [&hellip;]<\/p>\n","protected":false},"featured_media":35088,"comment_status":"closed","ping_status":"closed","template":"","meta":{"inline_featured_image":false},"product_cat":[772,460],"product_tag":[],"yst_prominent_words":[],"class_list":{"0":"post-35087","1":"product","2":"type-product","3":"status-publish","4":"has-post-thumbnail","6":"product_cat-atlaides","7":"product_cat-uzlades-stacijas","9":"first","10":"outofstock","11":"sale","12":"taxable","13":"shipping-taxable","14":"purchasable","15":"product-type-simple"},"jetpack_sharing_enabled":true,"_links":{"self":[{"href":"https:\/\/ddt.lv\/lv\/wp-json\/wp\/v2\/product\/35087"}],"collection":[{"href":"https:\/\/ddt.lv\/lv\/wp-json\/wp\/v2\/product"}],"about":[{"href":"https:\/\/ddt.lv\/lv\/wp-json\/wp\/v2\/types\/product"}],"replies":[{"embeddable":true,"href":"https:\/\/ddt.lv\/lv\/wp-json\/wp\/v2\/comments?post=35087"}],"wp:featuredmedia":[{"embeddable":true,"href":"https:\/\/ddt.lv\/lv\/wp-json\/wp\/v2\/media\/35088"}],"wp:attachment":[{"href":"https:\/\/ddt.lv\/lv\/wp-json\/wp\/v2\/media?parent=35087"}],"wp:term":[{"taxonomy":"product_cat","embeddable":true,"href":"https:\/\/ddt.lv\/lv\/wp-json\/wp\/v2\/product_cat?post=35087"},{"taxonomy":"product_tag","embeddable":true,"href":"https:\/\/ddt.lv\/lv\/wp-json\/wp\/v2\/product_tag?post=35087"},{"taxonomy":"yst_prominent_words","embeddable":true,"href":"https:\/\/ddt.lv\/lv\/wp-json\/wp\/v2\/yst_prominent_words?post=35087"}],"curies":[{"name":"wp","href":"https:\/\/api.w.org\/{rel}","templated":true}]}}