{"id":35083,"date":"2022-10-31T11:40:17","date_gmt":"2022-10-31T09:40:17","guid":{"rendered":"https:\/\/ddt.lv\/lv\/product\/pagarinatajs-6-1-5m-a-z-melns-parspr-aizs-indiv-sedzi-16a\/"},"modified":"2026-04-13T10:05:47","modified_gmt":"2026-04-13T07:05:47","slug":"pagarinatajs-6-1-5m-a-z-melns-parspr-aizs-indiv-sedzi-16a","status":"publish","type":"product","link":"https:\/\/ddt.lv\/lv\/product\/pagarinatajs-6-1-5m-a-z-melns-parspr-aizs-indiv-sedzi-16a\/","title":{"rendered":"Pagarin\u0101t\u0101js 6\/1.5m a\/z melns, p\u0101rspr aizs. indiv. s\u0113d\u017ei 16A"},"content":{"rendered":"<p>Entac ligzdas pagarin\u0101t\u0101ja vads 6 ligzdas ar atsevi\u0161\u0137iem sl\u0113d\u017eiem un p\u0101rsprieguma aizsardz\u012bbu 1,5 m 3G1,5.<\/p>\n<p><\/p>","protected":false},"excerpt":{"rendered":"<p>Entac ligzdas pagarin\u0101t\u0101ja vads 6 ligzdas ar atsevi\u0161\u0137iem sl\u0113d\u017eiem un p\u0101rsprieguma aizsardz\u012bbu 1,5 m 3G1,5.<\/p>\n","protected":false},"featured_media":35084,"comment_status":"closed","ping_status":"closed","template":"","meta":{"inline_featured_image":false},"product_cat":[772,746],"product_tag":[],"yst_prominent_words":[],"class_list":{"0":"post-35083","1":"product","2":"type-product","3":"status-publish","4":"has-post-thumbnail","6":"product_cat-atlaides","7":"product_cat-pagarinataji-pagarinataji-un-sadalitaji","9":"first","10":"instock","11":"sale","12":"taxable","13":"shipping-taxable","14":"purchasable","15":"product-type-simple"},"jetpack_sharing_enabled":true,"_links":{"self":[{"href":"https:\/\/ddt.lv\/lv\/wp-json\/wp\/v2\/product\/35083"}],"collection":[{"href":"https:\/\/ddt.lv\/lv\/wp-json\/wp\/v2\/product"}],"about":[{"href":"https:\/\/ddt.lv\/lv\/wp-json\/wp\/v2\/types\/product"}],"replies":[{"embeddable":true,"href":"https:\/\/ddt.lv\/lv\/wp-json\/wp\/v2\/comments?post=35083"}],"wp:featuredmedia":[{"embeddable":true,"href":"https:\/\/ddt.lv\/lv\/wp-json\/wp\/v2\/media\/35084"}],"wp:attachment":[{"href":"https:\/\/ddt.lv\/lv\/wp-json\/wp\/v2\/media?parent=35083"}],"wp:term":[{"taxonomy":"product_cat","embeddable":true,"href":"https:\/\/ddt.lv\/lv\/wp-json\/wp\/v2\/product_cat?post=35083"},{"taxonomy":"product_tag","embeddable":true,"href":"https:\/\/ddt.lv\/lv\/wp-json\/wp\/v2\/product_tag?post=35083"},{"taxonomy":"yst_prominent_words","embeddable":true,"href":"https:\/\/ddt.lv\/lv\/wp-json\/wp\/v2\/yst_prominent_words?post=35083"}],"curies":[{"name":"wp","href":"https:\/\/api.w.org\/{rel}","templated":true}]}}