{"id":35080,"date":"2022-10-31T11:20:15","date_gmt":"2022-10-31T09:20:15","guid":{"rendered":"https:\/\/ddt.lv\/lv\/product\/pagarinatajs-globe-3-1-5m-16a-2xusb-a-z-sledzi-balts-entac\/"},"modified":"2026-04-13T10:05:47","modified_gmt":"2026-04-13T07:05:47","slug":"pagarinatajs-globe-3-1-5m-16a-2xusb-a-z-sledzi-balts-entac","status":"publish","type":"product","link":"https:\/\/ddt.lv\/lv\/product\/pagarinatajs-globe-3-1-5m-16a-2xusb-a-z-sledzi-balts-entac\/","title":{"rendered":"Pagarin\u0101t\u0101js Globe 3\/1.5m 16A +2xUSB a\/z\/sl\u0113dzi  balts Entac"},"content":{"rendered":"<p>Entac Ball ligzdas pagarin\u0101jums ir neaizst\u0101jams gan darb\u0101, gan m\u0101j\u0101s. Ar vi\u0146u pal\u012bdz\u012bbu j\u016bs varat nodro\u0161in\u0101t elektr\u012bbu vis\u0101m sav\u0101m elektroier\u012bc\u0113m pat tad, ja str\u0101vas avots atrodas t\u0101l\u0101k telp\u0101. Izrot\u0101jiet savu m\u0101ju ar \u0161o praktisko ier\u012bci ar unik\u0101lu dizainu. M\u016bsu lodveida str\u0101vas pagarin\u0101t\u0101js ir pieejams ar 3 rozet\u0113m un 2 USB piesl\u0113gviet\u0101m, kas apr\u012bkotas ar sl\u0113dzi, un vada garumu 1,5 metru garum\u0101.<\/p>","protected":false},"excerpt":{"rendered":"<p>Entac Ball ligzdas pagarin\u0101jums ir neaizst\u0101jams gan darb\u0101, gan m\u0101j\u0101s. Ar vi\u0146u pal\u012bdz\u012bbu j\u016bs varat nodro\u0161in\u0101t elektr\u012bbu vis\u0101m sav\u0101m elektroier\u012bc\u0113m pat tad, ja str\u0101vas avots atrodas t\u0101l\u0101k telp\u0101. Izrot\u0101jiet savu m\u0101ju ar \u0161o praktisko ier\u012bci ar unik\u0101lu dizainu. M\u016bsu lodveida str\u0101vas pagarin\u0101t\u0101js ir pieejams ar 3 rozet\u0113m un 2 USB piesl\u0113gviet\u0101m, kas apr\u012bkotas ar sl\u0113dzi, [&hellip;]<\/p>\n","protected":false},"featured_media":35081,"comment_status":"closed","ping_status":"closed","template":"","meta":{"inline_featured_image":false},"product_cat":[772,746],"product_tag":[],"yst_prominent_words":[],"class_list":{"0":"post-35080","1":"product","2":"type-product","3":"status-publish","4":"has-post-thumbnail","6":"product_cat-atlaides","7":"product_cat-pagarinataji-pagarinataji-un-sadalitaji","9":"first","10":"instock","11":"sale","12":"taxable","13":"shipping-taxable","14":"purchasable","15":"product-type-simple"},"jetpack_sharing_enabled":true,"_links":{"self":[{"href":"https:\/\/ddt.lv\/lv\/wp-json\/wp\/v2\/product\/35080"}],"collection":[{"href":"https:\/\/ddt.lv\/lv\/wp-json\/wp\/v2\/product"}],"about":[{"href":"https:\/\/ddt.lv\/lv\/wp-json\/wp\/v2\/types\/product"}],"replies":[{"embeddable":true,"href":"https:\/\/ddt.lv\/lv\/wp-json\/wp\/v2\/comments?post=35080"}],"wp:featuredmedia":[{"embeddable":true,"href":"https:\/\/ddt.lv\/lv\/wp-json\/wp\/v2\/media\/35081"}],"wp:attachment":[{"href":"https:\/\/ddt.lv\/lv\/wp-json\/wp\/v2\/media?parent=35080"}],"wp:term":[{"taxonomy":"product_cat","embeddable":true,"href":"https:\/\/ddt.lv\/lv\/wp-json\/wp\/v2\/product_cat?post=35080"},{"taxonomy":"product_tag","embeddable":true,"href":"https:\/\/ddt.lv\/lv\/wp-json\/wp\/v2\/product_tag?post=35080"},{"taxonomy":"yst_prominent_words","embeddable":true,"href":"https:\/\/ddt.lv\/lv\/wp-json\/wp\/v2\/yst_prominent_words?post=35080"}],"curies":[{"name":"wp","href":"https:\/\/api.w.org\/{rel}","templated":true}]}}