{"id":35025,"date":"2022-10-19T16:00:27","date_gmt":"2022-10-19T13:00:27","guid":{"rendered":"https:\/\/ddt.lv\/lv\/product\/led-g9-4-2w-230v-470lm-3000k-spuldze-emos\/"},"modified":"2026-04-13T10:02:07","modified_gmt":"2026-04-13T07:02:07","slug":"led-g9-4-2w-230v-470lm-3000k-spuldze-emos","status":"publish","type":"product","link":"https:\/\/ddt.lv\/lv\/product\/led-g9-4-2w-230v-470lm-3000k-spuldze-emos\/","title":{"rendered":"LED G9 4.2W 230V 470lm 3000K spuldze EMOS"},"content":{"rendered":"<p>Vai mekl\u0113jat augstas kvalit\u0101tes, rentablas LED spuldzes ar G9 ligzdu, kas nodro\u0161in\u0101s jums pareizu apgaismojumu? Pied\u0101v\u0101jam jaunu s\u0113riju ar iztur\u012bgu plastmasas korpusu. \u0160\u012bm spuldz\u0113m ir rakstur\u012bgs minim\u0101ls siltuma starojums un \u012bpa\u0161i ilgs kalpo\u0161anas laiks, kas nodro\u0161in\u0101s ener\u0123ijas ietaup\u012bjumu. Tos var izmantot ne tikai mazos dekorat\u012bvos \u0137erme\u0146os. Tos bie\u017ei izmanto vannas istab\u0101s, hall\u0113s, gaite\u0146os, k\u0101 ar\u012b dz\u012bvojam\u0101s istab\u0101s un cit\u0101s dz\u012bvojam\u0101s telp\u0101s. Funkcija bez mirgo\u0161anas nodro\u0161ina mirgo\u0161anas nov\u0113r\u0161anu.<\/p>","protected":false},"excerpt":{"rendered":"<p>Vai mekl\u0113jat augstas kvalit\u0101tes, rentablas LED spuldzes ar G9 ligzdu, kas nodro\u0161in\u0101s jums pareizu apgaismojumu? Pied\u0101v\u0101jam jaunu s\u0113riju ar iztur\u012bgu plastmasas korpusu. \u0160\u012bm spuldz\u0113m ir rakstur\u012bgs minim\u0101ls siltuma starojums un \u012bpa\u0161i ilgs kalpo\u0161anas laiks, kas nodro\u0161in\u0101s ener\u0123ijas ietaup\u012bjumu. Tos var izmantot ne tikai mazos dekorat\u012bvos \u0137erme\u0146os. Tos bie\u017ei izmanto vannas istab\u0101s, hall\u0113s, gaite\u0146os, k\u0101 ar\u012b [&hellip;]<\/p>\n","protected":false},"featured_media":35035,"comment_status":"closed","ping_status":"closed","template":"","meta":{"inline_featured_image":false},"product_cat":[854],"product_tag":[],"yst_prominent_words":[],"class_list":{"0":"post-35025","1":"product","2":"type-product","3":"status-publish","4":"has-post-thumbnail","6":"product_cat-g9-spuldzes","8":"first","9":"outofstock","10":"taxable","11":"shipping-taxable","12":"purchasable","13":"product-type-simple"},"jetpack_sharing_enabled":true,"_links":{"self":[{"href":"https:\/\/ddt.lv\/lv\/wp-json\/wp\/v2\/product\/35025"}],"collection":[{"href":"https:\/\/ddt.lv\/lv\/wp-json\/wp\/v2\/product"}],"about":[{"href":"https:\/\/ddt.lv\/lv\/wp-json\/wp\/v2\/types\/product"}],"replies":[{"embeddable":true,"href":"https:\/\/ddt.lv\/lv\/wp-json\/wp\/v2\/comments?post=35025"}],"wp:featuredmedia":[{"embeddable":true,"href":"https:\/\/ddt.lv\/lv\/wp-json\/wp\/v2\/media\/35035"}],"wp:attachment":[{"href":"https:\/\/ddt.lv\/lv\/wp-json\/wp\/v2\/media?parent=35025"}],"wp:term":[{"taxonomy":"product_cat","embeddable":true,"href":"https:\/\/ddt.lv\/lv\/wp-json\/wp\/v2\/product_cat?post=35025"},{"taxonomy":"product_tag","embeddable":true,"href":"https:\/\/ddt.lv\/lv\/wp-json\/wp\/v2\/product_tag?post=35025"},{"taxonomy":"yst_prominent_words","embeddable":true,"href":"https:\/\/ddt.lv\/lv\/wp-json\/wp\/v2\/yst_prominent_words?post=35025"}],"curies":[{"name":"wp","href":"https:\/\/api.w.org\/{rel}","templated":true}]}}