{"id":35021,"date":"2022-10-18T20:40:26","date_gmt":"2022-10-18T17:40:26","guid":{"rendered":"https:\/\/ddt.lv\/lv\/product\/lukturis-uzladejams-led-600lm-alum-melns-dimm-3xaaaemos\/"},"modified":"2026-04-06T11:02:20","modified_gmt":"2026-04-06T08:02:20","slug":"lukturis-uzladejams-led-600lm-alum-melns-dimm-3xaaaemos","status":"publish","type":"product","link":"https:\/\/ddt.lv\/lv\/product\/lukturis-uzladejams-led-600lm-alum-melns-dimm-3xaaaemos\/","title":{"rendered":"Lukturis uzl\u0101d\u0113jams LED 600lm alum.melns DIMM (vai ar 3xAAA)EMOS"},"content":{"rendered":"<p>EMOS LED lukturis P3116 ir augstas kvalit\u0101tes produkts, kas tiks izmantots katr\u0101 m\u0101jsaimniec\u012bb\u0101. Tas ir viegls, \u0113rts un iztur\u012bgs, jo izgatavots no alum\u012bnija. Turkl\u0101t produkts ir apr\u012bkots ar cilpu pakarin\u0101\u0161anai. Tam ir 3 apgaismojuma re\u017e\u012bmi: 100%, 50 %, 25 %. Augst\u0101 pretest\u012bbas pak\u0101pe IP44 padara LED lukturi iztur\u012bgu pret \u016bdens un putek\u013cu iek\u013c\u016b\u0161anu. EMOS LED luktur\u012btis darbojas ar maksim\u0101lo gaismas pl\u016bsmu 600 l\u016bmeni, un t\u0101 maksim\u0101lais diapazons ir 230 m. Pied\u0101v\u0101tais modelis ir apr\u012bkots ar \u0101tr\u0101s izsl\u0113g\u0161anas funkciju, un t\u0101 izm\u0113ri ir: 254 x 45 mm. P\u0113c uzl\u0101des LED luktur\u012btis darbojas 4 l\u012bdz 6 stundas.<\/p>","protected":false},"excerpt":{"rendered":"<p>EMOS LED lukturis P3116 ir augstas kvalit\u0101tes produkts, kas tiks izmantots katr\u0101 m\u0101jsaimniec\u012bb\u0101. Tas ir viegls, \u0113rts un iztur\u012bgs, jo izgatavots no alum\u012bnija. Turkl\u0101t produkts ir apr\u012bkots ar cilpu pakarin\u0101\u0161anai. Tam ir 3 apgaismojuma re\u017e\u012bmi: 100%, 50 %, 25 %. Augst\u0101 pretest\u012bbas pak\u0101pe IP44 padara LED lukturi iztur\u012bgu pret \u016bdens un putek\u013cu iek\u013c\u016b\u0161anu. EMOS LED [&hellip;]<\/p>\n","protected":false},"featured_media":35022,"comment_status":"closed","ping_status":"closed","template":"","meta":{"inline_featured_image":false},"product_cat":[772,726],"product_tag":[],"yst_prominent_words":[],"class_list":{"0":"post-35021","1":"product","2":"type-product","3":"status-publish","4":"has-post-thumbnail","6":"product_cat-atlaides","7":"product_cat-kabatas","9":"first","10":"instock","11":"sale","12":"taxable","13":"shipping-taxable","14":"purchasable","15":"product-type-simple"},"jetpack_sharing_enabled":true,"_links":{"self":[{"href":"https:\/\/ddt.lv\/lv\/wp-json\/wp\/v2\/product\/35021"}],"collection":[{"href":"https:\/\/ddt.lv\/lv\/wp-json\/wp\/v2\/product"}],"about":[{"href":"https:\/\/ddt.lv\/lv\/wp-json\/wp\/v2\/types\/product"}],"replies":[{"embeddable":true,"href":"https:\/\/ddt.lv\/lv\/wp-json\/wp\/v2\/comments?post=35021"}],"wp:featuredmedia":[{"embeddable":true,"href":"https:\/\/ddt.lv\/lv\/wp-json\/wp\/v2\/media\/35022"}],"wp:attachment":[{"href":"https:\/\/ddt.lv\/lv\/wp-json\/wp\/v2\/media?parent=35021"}],"wp:term":[{"taxonomy":"product_cat","embeddable":true,"href":"https:\/\/ddt.lv\/lv\/wp-json\/wp\/v2\/product_cat?post=35021"},{"taxonomy":"product_tag","embeddable":true,"href":"https:\/\/ddt.lv\/lv\/wp-json\/wp\/v2\/product_tag?post=35021"},{"taxonomy":"yst_prominent_words","embeddable":true,"href":"https:\/\/ddt.lv\/lv\/wp-json\/wp\/v2\/yst_prominent_words?post=35021"}],"curies":[{"name":"wp","href":"https:\/\/api.w.org\/{rel}","templated":true}]}}