{"id":35011,"date":"2022-10-18T14:40:45","date_gmt":"2022-10-18T11:40:45","guid":{"rendered":"https:\/\/ddt.lv\/lv\/product\/led-galda-lampa-uzlad-5w4k-200lm-zila-4000mah\/"},"modified":"2026-04-13T09:52:44","modified_gmt":"2026-04-13T06:52:44","slug":"led-galda-lampa-uzlad-5w4k-200lm-zila-4000mah","status":"publish","type":"product","link":"https:\/\/ddt.lv\/lv\/product\/led-galda-lampa-uzlad-5w4k-200lm-zila-4000mah\/","title":{"rendered":"LED Galda lampa uzl\u0101d.,5W,4K, 200Lm, zila 4000mAh"},"content":{"rendered":"<p><span class=\"HwtZe\" lang=\"lv\"><span class=\"jCAhz ChMk0b\"><span class=\"ryNqvb\">Platinet galda lampai PDL6731 ir iesp\u0113ja regul\u0113t izstarot\u0101s gaismas intensit\u0101ti, lai to var\u0113tu izmantot jebkuros apst\u0101k\u013cos \u2013 gan darb\u0101, gan priv\u0101ti.<\/span><\/span> <span class=\"jCAhz ChMk0b\"><span class=\"ryNqvb\">Pieejams balt\u0101 un tum\u0161i zil\u0101\/tum\u0161i zil\u0101 kr\u0101s\u0101.<\/span><\/span> <span class=\"jCAhz ChMk0b\"><span class=\"ryNqvb\">Pateicoties ieb\u016bv\u0113tajam akumulatoram ar ietilp\u012bbu 6000 mAh, j\u016bs varat izmantot lampu jebkur\u0101 viet\u0101, neatkar\u012bgi no str\u0101vas kontaktligzdu pieejam\u012bbas.<\/span><\/span> <span class=\"jCAhz ChMk0b\"><span class=\"ryNqvb\">Standarta Micro USB savienot\u0101js \u013cauj uzl\u0101d\u0113t akumulatoru ar tradicion\u0101lo USB l\u0101d\u0113t\u0101ju, ko izmanto viedt\u0101lru\u0146u vai plan\u0161etdatoru uzl\u0101d\u0113\u0161anai.<\/span><\/span><\/span><\/p>\n<p><\/p>","protected":false},"excerpt":{"rendered":"<p>Platinet galda lampai PDL6731 ir iesp\u0113ja regul\u0113t izstarot\u0101s gaismas intensit\u0101ti, lai to var\u0113tu izmantot jebkuros apst\u0101k\u013cos \u2013 gan darb\u0101, gan priv\u0101ti. Pieejams balt\u0101 un tum\u0161i zil\u0101\/tum\u0161i zil\u0101 kr\u0101s\u0101. Pateicoties ieb\u016bv\u0113tajam akumulatoram ar ietilp\u012bbu 6000 mAh, j\u016bs varat izmantot lampu jebkur\u0101 viet\u0101, neatkar\u012bgi no str\u0101vas kontaktligzdu pieejam\u012bbas. Standarta Micro USB savienot\u0101js \u013cauj uzl\u0101d\u0113t akumulatoru ar tradicion\u0101lo [&hellip;]<\/p>\n","protected":false},"featured_media":35015,"comment_status":"closed","ping_status":"closed","template":"","meta":{"inline_featured_image":false},"product_cat":[1292],"product_tag":[],"yst_prominent_words":[],"class_list":{"0":"post-35011","1":"product","2":"type-product","3":"status-publish","4":"has-post-thumbnail","6":"product_cat-galda-lampas-un-stavlampas-apgaismojums","8":"first","9":"instock","10":"taxable","11":"shipping-taxable","12":"purchasable","13":"product-type-simple"},"jetpack_sharing_enabled":true,"_links":{"self":[{"href":"https:\/\/ddt.lv\/lv\/wp-json\/wp\/v2\/product\/35011"}],"collection":[{"href":"https:\/\/ddt.lv\/lv\/wp-json\/wp\/v2\/product"}],"about":[{"href":"https:\/\/ddt.lv\/lv\/wp-json\/wp\/v2\/types\/product"}],"replies":[{"embeddable":true,"href":"https:\/\/ddt.lv\/lv\/wp-json\/wp\/v2\/comments?post=35011"}],"wp:featuredmedia":[{"embeddable":true,"href":"https:\/\/ddt.lv\/lv\/wp-json\/wp\/v2\/media\/35015"}],"wp:attachment":[{"href":"https:\/\/ddt.lv\/lv\/wp-json\/wp\/v2\/media?parent=35011"}],"wp:term":[{"taxonomy":"product_cat","embeddable":true,"href":"https:\/\/ddt.lv\/lv\/wp-json\/wp\/v2\/product_cat?post=35011"},{"taxonomy":"product_tag","embeddable":true,"href":"https:\/\/ddt.lv\/lv\/wp-json\/wp\/v2\/product_tag?post=35011"},{"taxonomy":"yst_prominent_words","embeddable":true,"href":"https:\/\/ddt.lv\/lv\/wp-json\/wp\/v2\/yst_prominent_words?post=35011"}],"curies":[{"name":"wp","href":"https:\/\/api.w.org\/{rel}","templated":true}]}}