{"id":35010,"date":"2022-10-18T14:40:45","date_gmt":"2022-10-18T11:40:45","guid":{"rendered":"https:\/\/ddt.lv\/lv\/product\/led-galda-lampa-uzlad-5w4k-200lm-balta-2400mah\/"},"modified":"2026-04-06T10:48:16","modified_gmt":"2026-04-06T07:48:16","slug":"led-galda-lampa-uzlad-5w4k-200lm-balta-2400mah","status":"publish","type":"product","link":"https:\/\/ddt.lv\/lv\/product\/led-galda-lampa-uzlad-5w4k-200lm-balta-2400mah\/","title":{"rendered":"LED Galda lampa uzl\u0101d.,5W,4K, 200Lm, balta 2400mAh"},"content":{"rendered":"<p>LED galda lampai ir iesp\u0113ja regul\u0113t izstarot\u0101s gaismas intensit\u0101ti, lai to var\u0113tu izmantot jebkuros apst\u0101k\u013cos \u2013 gan darb\u0101, gan atp\u016bt\u0101.<br \/>\nIeb\u016bv\u0113tais akumulators ar ietilp\u012bbu 2400 mAh \u013cauj izmantot lampu jebkur\u0101 viet\u0101, neatkar\u012bgi no elektr\u012bbas kontaktligzdu pieejam\u012bbas.<\/p>\n<p>Standarta Micro USB savienot\u0101js \u013cauj uzl\u0101d\u0113t akumulatoru ar tradicion\u0101lo USB l\u0101d\u0113t\u0101ju, ko izmanto viedt\u0101lru\u0146u vai plan\u0161etdatoru uzl\u0101d\u0113\u0161anai.<\/p>\n<p><\/p>","protected":false},"excerpt":{"rendered":"<p>LED galda lampai ir iesp\u0113ja regul\u0113t izstarot\u0101s gaismas intensit\u0101ti, lai to var\u0113tu izmantot jebkuros apst\u0101k\u013cos \u2013 gan darb\u0101, gan atp\u016bt\u0101. Ieb\u016bv\u0113tais akumulators ar ietilp\u012bbu 2400 mAh \u013cauj izmantot lampu jebkur\u0101 viet\u0101, neatkar\u012bgi no elektr\u012bbas kontaktligzdu pieejam\u012bbas. Standarta Micro USB savienot\u0101js \u013cauj uzl\u0101d\u0113t akumulatoru ar tradicion\u0101lo USB l\u0101d\u0113t\u0101ju, ko izmanto viedt\u0101lru\u0146u vai plan\u0161etdatoru uzl\u0101d\u0113\u0161anai.<\/p>\n","protected":false},"featured_media":35013,"comment_status":"closed","ping_status":"closed","template":"","meta":{"inline_featured_image":false},"product_cat":[1292],"product_tag":[],"yst_prominent_words":[],"class_list":{"0":"post-35010","1":"product","2":"type-product","3":"status-publish","4":"has-post-thumbnail","6":"product_cat-galda-lampas-un-stavlampas-apgaismojums","8":"first","9":"outofstock","10":"taxable","11":"shipping-taxable","12":"purchasable","13":"product-type-simple"},"jetpack_sharing_enabled":true,"_links":{"self":[{"href":"https:\/\/ddt.lv\/lv\/wp-json\/wp\/v2\/product\/35010"}],"collection":[{"href":"https:\/\/ddt.lv\/lv\/wp-json\/wp\/v2\/product"}],"about":[{"href":"https:\/\/ddt.lv\/lv\/wp-json\/wp\/v2\/types\/product"}],"replies":[{"embeddable":true,"href":"https:\/\/ddt.lv\/lv\/wp-json\/wp\/v2\/comments?post=35010"}],"wp:featuredmedia":[{"embeddable":true,"href":"https:\/\/ddt.lv\/lv\/wp-json\/wp\/v2\/media\/35013"}],"wp:attachment":[{"href":"https:\/\/ddt.lv\/lv\/wp-json\/wp\/v2\/media?parent=35010"}],"wp:term":[{"taxonomy":"product_cat","embeddable":true,"href":"https:\/\/ddt.lv\/lv\/wp-json\/wp\/v2\/product_cat?post=35010"},{"taxonomy":"product_tag","embeddable":true,"href":"https:\/\/ddt.lv\/lv\/wp-json\/wp\/v2\/product_tag?post=35010"},{"taxonomy":"yst_prominent_words","embeddable":true,"href":"https:\/\/ddt.lv\/lv\/wp-json\/wp\/v2\/yst_prominent_words?post=35010"}],"curies":[{"name":"wp","href":"https:\/\/api.w.org\/{rel}","templated":true}]}}