{"id":35005,"date":"2022-10-18T14:00:29","date_gmt":"2022-10-18T11:00:29","guid":{"rendered":"https:\/\/ddt.lv\/lv\/product\/tejkanna-nerusejosa-terauda-1-8l-1500w-omega\/"},"modified":"2026-04-06T11:02:17","modified_gmt":"2026-04-06T08:02:17","slug":"tejkanna-nerusejosa-terauda-1-8l-1500w-omega","status":"publish","type":"product","link":"https:\/\/ddt.lv\/lv\/product\/tejkanna-nerusejosa-terauda-1-8l-1500w-omega\/","title":{"rendered":"T\u0113jkanna ner\u016bs\u0113jo\u0161\u0101 t\u0113rauda 1.8L 1500W OMEGA"},"content":{"rendered":"<p>Omega OEK801 ir elektrisk\u0101 t\u0113jkanna ar \u0113rtu rokturi un groz\u0101mu pamatni. P\u0113c \u016bdens v\u0101r\u012b\u0161anas t\u0113jkanna autom\u0101tiski izsl\u0113dzas. Tam ir ar\u012b dro\u0161\u012bbas sist\u0113ma uz v\u0101ka pret nejau\u0161u iesl\u0113g\u0161anos un darb\u012bbu bez \u016bdens. Materi\u0101ls: ner\u016bs\u0113jo\u0161ais t\u0113rauds un plastmasa Baro\u0161anas vada garums: 70 cm Ietilp\u012bba: 1,8 litri Jauda: 1500 W<\/p>","protected":false},"excerpt":{"rendered":"<p>Omega OEK801 ir elektrisk\u0101 t\u0113jkanna ar \u0113rtu rokturi un groz\u0101mu pamatni. P\u0113c \u016bdens v\u0101r\u012b\u0161anas t\u0113jkanna autom\u0101tiski izsl\u0113dzas. Tam ir ar\u012b dro\u0161\u012bbas sist\u0113ma uz v\u0101ka pret nejau\u0161u iesl\u0113g\u0161anos un darb\u012bbu bez \u016bdens. Materi\u0101ls: ner\u016bs\u0113jo\u0161ais t\u0113rauds un plastmasa Baro\u0161anas vada garums: 70 cm Ietilp\u012bba: 1,8 litri Jauda: 1500 W<\/p>\n","protected":false},"featured_media":35006,"comment_status":"closed","ping_status":"closed","template":"","meta":{"inline_featured_image":false},"product_cat":[772,523],"product_tag":[],"yst_prominent_words":[],"class_list":{"0":"post-35005","1":"product","2":"type-product","3":"status-publish","4":"has-post-thumbnail","6":"product_cat-atlaides","7":"product_cat-tejkannas-kafijas-automati","9":"first","10":"outofstock","11":"sale","12":"taxable","13":"shipping-taxable","14":"purchasable","15":"product-type-simple"},"jetpack_sharing_enabled":true,"_links":{"self":[{"href":"https:\/\/ddt.lv\/lv\/wp-json\/wp\/v2\/product\/35005"}],"collection":[{"href":"https:\/\/ddt.lv\/lv\/wp-json\/wp\/v2\/product"}],"about":[{"href":"https:\/\/ddt.lv\/lv\/wp-json\/wp\/v2\/types\/product"}],"replies":[{"embeddable":true,"href":"https:\/\/ddt.lv\/lv\/wp-json\/wp\/v2\/comments?post=35005"}],"wp:featuredmedia":[{"embeddable":true,"href":"https:\/\/ddt.lv\/lv\/wp-json\/wp\/v2\/media\/35006"}],"wp:attachment":[{"href":"https:\/\/ddt.lv\/lv\/wp-json\/wp\/v2\/media?parent=35005"}],"wp:term":[{"taxonomy":"product_cat","embeddable":true,"href":"https:\/\/ddt.lv\/lv\/wp-json\/wp\/v2\/product_cat?post=35005"},{"taxonomy":"product_tag","embeddable":true,"href":"https:\/\/ddt.lv\/lv\/wp-json\/wp\/v2\/product_tag?post=35005"},{"taxonomy":"yst_prominent_words","embeddable":true,"href":"https:\/\/ddt.lv\/lv\/wp-json\/wp\/v2\/yst_prominent_words?post=35005"}],"curies":[{"name":"wp","href":"https:\/\/api.w.org\/{rel}","templated":true}]}}