{"id":34969,"date":"2022-10-18T09:40:19","date_gmt":"2022-10-18T06:40:19","guid":{"rendered":"https:\/\/ddt.lv\/lv\/product\/usb-type-c-usb-type-c-5a-100w-2m-black\/"},"modified":"2026-04-13T10:02:08","modified_gmt":"2026-04-13T07:02:08","slug":"usb-type-c-usb-type-c-5a-100w-2m-black","status":"publish","type":"product","link":"https:\/\/ddt.lv\/lv\/product\/usb-type-c-usb-type-c-5a-100w-2m-black\/","title":{"rendered":"USB Type C-  USB Type C 5A 100W 2m Black"},"content":{"rendered":"<p>Platinet USB Type-C \/ Type-C\u00a0 uzl\u0101des kabelis 2A\u00a0 1m, meln\u0101 kr\u0101s\u0101.<\/p>","protected":false},"excerpt":{"rendered":"<p>Platinet USB Type-C \/ Type-C\u00a0 uzl\u0101des kabelis 2A\u00a0 1m, meln\u0101 kr\u0101s\u0101.<\/p>\n","protected":false},"featured_media":35002,"comment_status":"closed","ping_status":"closed","template":"","meta":{"inline_featured_image":false},"product_cat":[742],"product_tag":[],"yst_prominent_words":[],"class_list":{"0":"post-34969","1":"product","2":"type-product","3":"status-publish","4":"has-post-thumbnail","6":"product_cat-savienojuma-vadi","8":"first","9":"outofstock","10":"taxable","11":"shipping-taxable","12":"purchasable","13":"product-type-simple"},"jetpack_sharing_enabled":true,"_links":{"self":[{"href":"https:\/\/ddt.lv\/lv\/wp-json\/wp\/v2\/product\/34969"}],"collection":[{"href":"https:\/\/ddt.lv\/lv\/wp-json\/wp\/v2\/product"}],"about":[{"href":"https:\/\/ddt.lv\/lv\/wp-json\/wp\/v2\/types\/product"}],"replies":[{"embeddable":true,"href":"https:\/\/ddt.lv\/lv\/wp-json\/wp\/v2\/comments?post=34969"}],"wp:featuredmedia":[{"embeddable":true,"href":"https:\/\/ddt.lv\/lv\/wp-json\/wp\/v2\/media\/35002"}],"wp:attachment":[{"href":"https:\/\/ddt.lv\/lv\/wp-json\/wp\/v2\/media?parent=34969"}],"wp:term":[{"taxonomy":"product_cat","embeddable":true,"href":"https:\/\/ddt.lv\/lv\/wp-json\/wp\/v2\/product_cat?post=34969"},{"taxonomy":"product_tag","embeddable":true,"href":"https:\/\/ddt.lv\/lv\/wp-json\/wp\/v2\/product_tag?post=34969"},{"taxonomy":"yst_prominent_words","embeddable":true,"href":"https:\/\/ddt.lv\/lv\/wp-json\/wp\/v2\/yst_prominent_words?post=34969"}],"curies":[{"name":"wp","href":"https:\/\/api.w.org\/{rel}","templated":true}]}}