{"id":34961,"date":"2022-10-18T09:40:17","date_gmt":"2022-10-18T06:40:17","guid":{"rendered":"https:\/\/ddt.lv\/lv\/product\/sav-vads-usb-type-a-spraudnis-type-c-led-2a-1m-sarkans\/"},"modified":"2026-04-13T10:02:09","modified_gmt":"2026-04-13T07:02:09","slug":"sav-vads-usb-type-a-spraudnis-type-c-led-2a-1m-sarkans","status":"publish","type":"product","link":"https:\/\/ddt.lv\/lv\/product\/sav-vads-usb-type-a-spraudnis-type-c-led-2a-1m-sarkans\/","title":{"rendered":"Sav.vads USB Type A spraudnis- Type C LED 2A 1m sarkans"},"content":{"rendered":"<p>Platinet USB Type-C uzl\u0101des kabelis 2A ar LED kr\u0101su gaismas efektu 1m, sarkan\u0101 kr\u0101s\u0101.<\/p>","protected":false},"excerpt":{"rendered":"<p>Platinet USB Type-C uzl\u0101des kabelis 2A ar LED kr\u0101su gaismas efektu 1m, sarkan\u0101 kr\u0101s\u0101.<\/p>\n","protected":false},"featured_media":34974,"comment_status":"closed","ping_status":"closed","template":"","meta":{"inline_featured_image":false},"product_cat":[742],"product_tag":[],"yst_prominent_words":[],"class_list":{"0":"post-34961","1":"product","2":"type-product","3":"status-publish","4":"has-post-thumbnail","6":"product_cat-savienojuma-vadi","8":"first","9":"instock","10":"taxable","11":"shipping-taxable","12":"purchasable","13":"product-type-simple"},"jetpack_sharing_enabled":true,"_links":{"self":[{"href":"https:\/\/ddt.lv\/lv\/wp-json\/wp\/v2\/product\/34961"}],"collection":[{"href":"https:\/\/ddt.lv\/lv\/wp-json\/wp\/v2\/product"}],"about":[{"href":"https:\/\/ddt.lv\/lv\/wp-json\/wp\/v2\/types\/product"}],"replies":[{"embeddable":true,"href":"https:\/\/ddt.lv\/lv\/wp-json\/wp\/v2\/comments?post=34961"}],"wp:featuredmedia":[{"embeddable":true,"href":"https:\/\/ddt.lv\/lv\/wp-json\/wp\/v2\/media\/34974"}],"wp:attachment":[{"href":"https:\/\/ddt.lv\/lv\/wp-json\/wp\/v2\/media?parent=34961"}],"wp:term":[{"taxonomy":"product_cat","embeddable":true,"href":"https:\/\/ddt.lv\/lv\/wp-json\/wp\/v2\/product_cat?post=34961"},{"taxonomy":"product_tag","embeddable":true,"href":"https:\/\/ddt.lv\/lv\/wp-json\/wp\/v2\/product_tag?post=34961"},{"taxonomy":"yst_prominent_words","embeddable":true,"href":"https:\/\/ddt.lv\/lv\/wp-json\/wp\/v2\/yst_prominent_words?post=34961"}],"curies":[{"name":"wp","href":"https:\/\/api.w.org\/{rel}","templated":true}]}}