{"id":34960,"date":"2022-10-18T09:40:16","date_gmt":"2022-10-18T06:40:16","guid":{"rendered":"https:\/\/ddt.lv\/lv\/product\/sav-vads-usb-type-a-spraudnis-type-c-led-2a-1m-zils\/"},"modified":"2026-04-08T14:41:58","modified_gmt":"2026-04-08T11:41:58","slug":"sav-vads-usb-type-a-spraudnis-type-c-led-2a-1m-zils","status":"publish","type":"product","link":"https:\/\/ddt.lv\/lv\/product\/sav-vads-usb-type-a-spraudnis-type-c-led-2a-1m-zils\/","title":{"rendered":"Sav.vads USB Type A spraudnis- Type C LED 2A 1m zils"},"content":{"rendered":"<p>Platinet USB Type A \/ Type-C uzl\u0101des kabelis 2A ar LED kr\u0101su gaismas efektu 1m, zil\u0101 kr\u0101s\u0101.<\/p>","protected":false},"excerpt":{"rendered":"<p>Platinet USB Type A \/ Type-C uzl\u0101des kabelis 2A ar LED kr\u0101su gaismas efektu 1m, zil\u0101 kr\u0101s\u0101.<\/p>\n","protected":false},"featured_media":34970,"comment_status":"closed","ping_status":"closed","template":"","meta":{"inline_featured_image":false},"product_cat":[742],"product_tag":[],"yst_prominent_words":[],"class_list":{"0":"post-34960","1":"product","2":"type-product","3":"status-publish","4":"has-post-thumbnail","6":"product_cat-savienojuma-vadi","8":"first","9":"instock","10":"taxable","11":"shipping-taxable","12":"purchasable","13":"product-type-simple"},"jetpack_sharing_enabled":true,"_links":{"self":[{"href":"https:\/\/ddt.lv\/lv\/wp-json\/wp\/v2\/product\/34960"}],"collection":[{"href":"https:\/\/ddt.lv\/lv\/wp-json\/wp\/v2\/product"}],"about":[{"href":"https:\/\/ddt.lv\/lv\/wp-json\/wp\/v2\/types\/product"}],"replies":[{"embeddable":true,"href":"https:\/\/ddt.lv\/lv\/wp-json\/wp\/v2\/comments?post=34960"}],"wp:featuredmedia":[{"embeddable":true,"href":"https:\/\/ddt.lv\/lv\/wp-json\/wp\/v2\/media\/34970"}],"wp:attachment":[{"href":"https:\/\/ddt.lv\/lv\/wp-json\/wp\/v2\/media?parent=34960"}],"wp:term":[{"taxonomy":"product_cat","embeddable":true,"href":"https:\/\/ddt.lv\/lv\/wp-json\/wp\/v2\/product_cat?post=34960"},{"taxonomy":"product_tag","embeddable":true,"href":"https:\/\/ddt.lv\/lv\/wp-json\/wp\/v2\/product_tag?post=34960"},{"taxonomy":"yst_prominent_words","embeddable":true,"href":"https:\/\/ddt.lv\/lv\/wp-json\/wp\/v2\/yst_prominent_words?post=34960"}],"curies":[{"name":"wp","href":"https:\/\/api.w.org\/{rel}","templated":true}]}}