{"id":34951,"date":"2022-10-17T15:00:16","date_gmt":"2022-10-17T12:00:16","guid":{"rendered":"https:\/\/ddt.lv\/lv\/product\/velo-lukturis-prieks-8w-led-lad-usb-550lm-ip54-li-po1200mah-entac\/"},"modified":"2026-04-13T10:02:10","modified_gmt":"2026-04-13T07:02:10","slug":"velo-lukturis-prieks-8w-led-lad-usb-550lm-ip54-li-po1200mah-entac","status":"publish","type":"product","link":"https:\/\/ddt.lv\/lv\/product\/velo-lukturis-prieks-8w-led-lad-usb-550lm-ip54-li-po1200mah-entac\/","title":{"rendered":"Velo lukturis priek\u0161. 8W LED l\u0101d.USB 550lm IP54 Li-po1200mAh ENTAC"},"content":{"rendered":"<p>Velo lukturis no Entac. Velo lukturis ar ieb\u016bv\u0113tu akumulatoru, kas tiek uzl\u0101d\u0113ts ar komplekt\u0101cij\u0101 iek\u013cauto USB kabeli, izstaro sp\u0113c\u012bgu gaismu ar iesp\u0113ju izmantot vair\u0101kas funkcijas. Funkcijas: plats stars, \u0161aurs stars, zibspuldze un \u0101tra zibspuldze. Plat\u0101 un \u0161aura gaismas stara jaudai ir 2 iestat\u012bjumi, 100% un 50%. Viegli uzst\u0101d\u012bt uz jebkura velosip\u0113da.<\/p>","protected":false},"excerpt":{"rendered":"<p>Velo lukturis no Entac. Velo lukturis ar ieb\u016bv\u0113tu akumulatoru, kas tiek uzl\u0101d\u0113ts ar komplekt\u0101cij\u0101 iek\u013cauto USB kabeli, izstaro sp\u0113c\u012bgu gaismu ar iesp\u0113ju izmantot vair\u0101kas funkcijas. Funkcijas: plats stars, \u0161aurs stars, zibspuldze un \u0101tra zibspuldze. Plat\u0101 un \u0161aura gaismas stara jaudai ir 2 iestat\u012bjumi, 100% un 50%. Viegli uzst\u0101d\u012bt uz jebkura velosip\u0113da.<\/p>\n","protected":false},"featured_media":34953,"comment_status":"closed","ping_status":"closed","template":"","meta":{"inline_featured_image":false},"product_cat":[1328],"product_tag":[],"yst_prominent_words":[],"class_list":{"0":"post-34951","1":"product","2":"type-product","3":"status-publish","4":"has-post-thumbnail","6":"product_cat-velo-lukturi","8":"first","9":"instock","10":"taxable","11":"shipping-taxable","12":"purchasable","13":"product-type-simple"},"jetpack_sharing_enabled":true,"_links":{"self":[{"href":"https:\/\/ddt.lv\/lv\/wp-json\/wp\/v2\/product\/34951"}],"collection":[{"href":"https:\/\/ddt.lv\/lv\/wp-json\/wp\/v2\/product"}],"about":[{"href":"https:\/\/ddt.lv\/lv\/wp-json\/wp\/v2\/types\/product"}],"replies":[{"embeddable":true,"href":"https:\/\/ddt.lv\/lv\/wp-json\/wp\/v2\/comments?post=34951"}],"wp:featuredmedia":[{"embeddable":true,"href":"https:\/\/ddt.lv\/lv\/wp-json\/wp\/v2\/media\/34953"}],"wp:attachment":[{"href":"https:\/\/ddt.lv\/lv\/wp-json\/wp\/v2\/media?parent=34951"}],"wp:term":[{"taxonomy":"product_cat","embeddable":true,"href":"https:\/\/ddt.lv\/lv\/wp-json\/wp\/v2\/product_cat?post=34951"},{"taxonomy":"product_tag","embeddable":true,"href":"https:\/\/ddt.lv\/lv\/wp-json\/wp\/v2\/product_tag?post=34951"},{"taxonomy":"yst_prominent_words","embeddable":true,"href":"https:\/\/ddt.lv\/lv\/wp-json\/wp\/v2\/yst_prominent_words?post=34951"}],"curies":[{"name":"wp","href":"https:\/\/api.w.org\/{rel}","templated":true}]}}