{"id":34947,"date":"2022-10-17T14:20:20","date_gmt":"2022-10-17T11:20:20","guid":{"rendered":"https:\/\/ddt.lv\/lv\/product\/led-lukturis-galvas-5w-3w-140lm-led-ip54-3xaaa-entac\/"},"modified":"2026-04-13T10:02:10","modified_gmt":"2026-04-13T07:02:10","slug":"led-lukturis-galvas-5w-3w-140lm-led-ip54-3xaaa-entac","status":"publish","type":"product","link":"https:\/\/ddt.lv\/lv\/product\/led-lukturis-galvas-5w-3w-140lm-led-ip54-3xaaa-entac\/","title":{"rendered":"LED lukturis galvas 5W+3W 140lm LED IP54 (3xAAA) ENTAC"},"content":{"rendered":"<p>Augstas kvalit\u0101tes 5W LED galvas lukturis, ide\u0101li piem\u0113rots pras\u012bgiem cilv\u0113kiem. Tas \u013cauj p\u0101rsl\u0113gt mirgojo\u0161u, 30% vai 100% LED jaudu, pateicoties kuriem j\u016bs ietaup\u0101t akumulatoru, kad jums nav nepiecie\u0161ama pilna gaismas jauda. Pateicoties ZOOM funkcijai, j\u016bs varat fokus\u0113t gaismas staru vien\u0101 punkt\u0101 vai izplat\u012bt to liel\u0101k\u0101 laukum\u0101. Varat iestat\u012bt sl\u012bpuma le\u0146\u0137i 90\u00b0 un ar p\u0113csp\u012bdumu l\u012bdz 200 m. Gaismas galvu un akumulatora tur\u0113t\u0101ju var viegli atdal\u012bt no siksn\u0101m un p\u0113c tam piespr\u0101dz\u0113t pie ap\u0123\u0113rba vai jostas.<\/p>","protected":false},"excerpt":{"rendered":"<p>Augstas kvalit\u0101tes 5W LED galvas lukturis, ide\u0101li piem\u0113rots pras\u012bgiem cilv\u0113kiem. Tas \u013cauj p\u0101rsl\u0113gt mirgojo\u0161u, 30% vai 100% LED jaudu, pateicoties kuriem j\u016bs ietaup\u0101t akumulatoru, kad jums nav nepiecie\u0161ama pilna gaismas jauda. Pateicoties ZOOM funkcijai, j\u016bs varat fokus\u0113t gaismas staru vien\u0101 punkt\u0101 vai izplat\u012bt to liel\u0101k\u0101 laukum\u0101. Varat iestat\u012bt sl\u012bpuma le\u0146\u0137i 90\u00b0 un ar p\u0113csp\u012bdumu l\u012bdz [&hellip;]<\/p>\n","protected":false},"featured_media":34948,"comment_status":"closed","ping_status":"closed","template":"","meta":{"inline_featured_image":false},"product_cat":[727],"product_tag":[],"yst_prominent_words":[],"class_list":{"0":"post-34947","1":"product","2":"type-product","3":"status-publish","4":"has-post-thumbnail","6":"product_cat-galvas","8":"first","9":"outofstock","10":"taxable","11":"shipping-taxable","12":"purchasable","13":"product-type-simple"},"jetpack_sharing_enabled":true,"_links":{"self":[{"href":"https:\/\/ddt.lv\/lv\/wp-json\/wp\/v2\/product\/34947"}],"collection":[{"href":"https:\/\/ddt.lv\/lv\/wp-json\/wp\/v2\/product"}],"about":[{"href":"https:\/\/ddt.lv\/lv\/wp-json\/wp\/v2\/types\/product"}],"replies":[{"embeddable":true,"href":"https:\/\/ddt.lv\/lv\/wp-json\/wp\/v2\/comments?post=34947"}],"wp:featuredmedia":[{"embeddable":true,"href":"https:\/\/ddt.lv\/lv\/wp-json\/wp\/v2\/media\/34948"}],"wp:attachment":[{"href":"https:\/\/ddt.lv\/lv\/wp-json\/wp\/v2\/media?parent=34947"}],"wp:term":[{"taxonomy":"product_cat","embeddable":true,"href":"https:\/\/ddt.lv\/lv\/wp-json\/wp\/v2\/product_cat?post=34947"},{"taxonomy":"product_tag","embeddable":true,"href":"https:\/\/ddt.lv\/lv\/wp-json\/wp\/v2\/product_tag?post=34947"},{"taxonomy":"yst_prominent_words","embeddable":true,"href":"https:\/\/ddt.lv\/lv\/wp-json\/wp\/v2\/yst_prominent_words?post=34947"}],"curies":[{"name":"wp","href":"https:\/\/api.w.org\/{rel}","templated":true}]}}