{"id":34749,"date":"2022-09-23T17:20:24","date_gmt":"2022-09-23T14:20:24","guid":{"rendered":"https:\/\/ddt.lv\/lv\/product\/digitals-programmejams-gridas-termostats-ip20-5-95c-emos\/"},"modified":"2026-04-13T10:02:07","modified_gmt":"2026-04-13T07:02:07","slug":"digitals-programmejams-gridas-termostats-ip20-5-95c-emos","status":"publish","type":"product","link":"https:\/\/ddt.lv\/lv\/product\/digitals-programmejams-gridas-termostats-ip20-5-95c-emos\/","title":{"rendered":"Digit\u0101ls programm\u0113jams gr\u012bdas termostats IP20 5-95\u00b0C EMOS"},"content":{"rendered":"<p>Digit\u0101lais termostats gr\u012bdas apsildei tiek izmantots autom\u0101tiskai apkures sist\u0113mu vad\u012bbai dz\u012bvok\u013cos, m\u0101j\u0101s un birojos p\u0113c regul\u0113jamas laika programmas.<\/p>\n<p>&nbsp;<\/p>","protected":false},"excerpt":{"rendered":"<p>Digit\u0101lais termostats gr\u012bdas apsildei tiek izmantots autom\u0101tiskai apkures sist\u0113mu vad\u012bbai dz\u012bvok\u013cos, m\u0101j\u0101s un birojos p\u0113c regul\u0113jamas laika programmas. &nbsp;<\/p>\n","protected":false},"featured_media":34754,"comment_status":"closed","ping_status":"closed","template":"","meta":{"inline_featured_image":false},"product_cat":[772,838],"product_tag":[],"yst_prominent_words":[],"class_list":{"0":"post-34749","1":"product","2":"type-product","3":"status-publish","4":"has-post-thumbnail","6":"product_cat-atlaides","7":"product_cat-termostati","9":"first","10":"instock","11":"sale","12":"taxable","13":"shipping-taxable","14":"purchasable","15":"product-type-simple"},"jetpack_sharing_enabled":true,"_links":{"self":[{"href":"https:\/\/ddt.lv\/lv\/wp-json\/wp\/v2\/product\/34749"}],"collection":[{"href":"https:\/\/ddt.lv\/lv\/wp-json\/wp\/v2\/product"}],"about":[{"href":"https:\/\/ddt.lv\/lv\/wp-json\/wp\/v2\/types\/product"}],"replies":[{"embeddable":true,"href":"https:\/\/ddt.lv\/lv\/wp-json\/wp\/v2\/comments?post=34749"}],"wp:featuredmedia":[{"embeddable":true,"href":"https:\/\/ddt.lv\/lv\/wp-json\/wp\/v2\/media\/34754"}],"wp:attachment":[{"href":"https:\/\/ddt.lv\/lv\/wp-json\/wp\/v2\/media?parent=34749"}],"wp:term":[{"taxonomy":"product_cat","embeddable":true,"href":"https:\/\/ddt.lv\/lv\/wp-json\/wp\/v2\/product_cat?post=34749"},{"taxonomy":"product_tag","embeddable":true,"href":"https:\/\/ddt.lv\/lv\/wp-json\/wp\/v2\/product_tag?post=34749"},{"taxonomy":"yst_prominent_words","embeddable":true,"href":"https:\/\/ddt.lv\/lv\/wp-json\/wp\/v2\/yst_prominent_words?post=34749"}],"curies":[{"name":"wp","href":"https:\/\/api.w.org\/{rel}","templated":true}]}}