{"id":34747,"date":"2022-09-23T17:00:24","date_gmt":"2022-09-23T14:00:24","guid":{"rendered":"https:\/\/ddt.lv\/lv\/product\/lukturis-galvas-ladejams-led-380lm-30m-li-pol-1200mah-emos\/"},"modified":"2026-04-16T11:35:16","modified_gmt":"2026-04-16T08:35:16","slug":"lukturis-galvas-ladejams-led-380lm-30m-li-pol-1200mah-emos","status":"publish","type":"product","link":"https:\/\/ddt.lv\/lv\/product\/lukturis-galvas-ladejams-led-380lm-30m-li-pol-1200mah-emos\/","title":{"rendered":"Lukturis galvas l\u0101d\u0113jams LED 380lm 30m Li-Pol 1200mAh EMOS"},"content":{"rendered":"<p>COB LED uzl\u0101d\u0113jams galvas lukturis, 380 lm, Li-Pol 1200 mAh.<\/p>\n<ol>\n<li>Manu\u0101l\u0101 iesl\u0113g\u0161anas\/izsl\u0113g\u0161anas poga<\/li>\n<li>Infrasarkan\u0101 sensora iesl\u0113g\u0161anas\/izsl\u0113g\u0161anas poga<\/li>\n<li>Akumulatora uzl\u0101des l\u012bme\u0146a indikators<\/li>\n<li>Infrasarkanie sensori<\/li>\n<\/ol>\n<p><\/p>","protected":false},"excerpt":{"rendered":"<p>COB LED uzl\u0101d\u0113jams galvas lukturis, 380 lm, Li-Pol 1200 mAh. Manu\u0101l\u0101 iesl\u0113g\u0161anas\/izsl\u0113g\u0161anas poga Infrasarkan\u0101 sensora iesl\u0113g\u0161anas\/izsl\u0113g\u0161anas poga Akumulatora uzl\u0101des l\u012bme\u0146a indikators Infrasarkanie sensori<\/p>\n","protected":false},"featured_media":34750,"comment_status":"closed","ping_status":"closed","template":"","meta":{"inline_featured_image":false},"product_cat":[772,727],"product_tag":[],"yst_prominent_words":[],"class_list":{"0":"post-34747","1":"product","2":"type-product","3":"status-publish","4":"has-post-thumbnail","6":"product_cat-atlaides","7":"product_cat-galvas","9":"first","10":"instock","11":"sale","12":"taxable","13":"shipping-taxable","14":"purchasable","15":"product-type-simple"},"jetpack_sharing_enabled":true,"_links":{"self":[{"href":"https:\/\/ddt.lv\/lv\/wp-json\/wp\/v2\/product\/34747"}],"collection":[{"href":"https:\/\/ddt.lv\/lv\/wp-json\/wp\/v2\/product"}],"about":[{"href":"https:\/\/ddt.lv\/lv\/wp-json\/wp\/v2\/types\/product"}],"replies":[{"embeddable":true,"href":"https:\/\/ddt.lv\/lv\/wp-json\/wp\/v2\/comments?post=34747"}],"wp:featuredmedia":[{"embeddable":true,"href":"https:\/\/ddt.lv\/lv\/wp-json\/wp\/v2\/media\/34750"}],"wp:attachment":[{"href":"https:\/\/ddt.lv\/lv\/wp-json\/wp\/v2\/media?parent=34747"}],"wp:term":[{"taxonomy":"product_cat","embeddable":true,"href":"https:\/\/ddt.lv\/lv\/wp-json\/wp\/v2\/product_cat?post=34747"},{"taxonomy":"product_tag","embeddable":true,"href":"https:\/\/ddt.lv\/lv\/wp-json\/wp\/v2\/product_tag?post=34747"},{"taxonomy":"yst_prominent_words","embeddable":true,"href":"https:\/\/ddt.lv\/lv\/wp-json\/wp\/v2\/yst_prominent_words?post=34747"}],"curies":[{"name":"wp","href":"https:\/\/api.w.org\/{rel}","templated":true}]}}