{"id":34708,"date":"2022-09-19T10:00:28","date_gmt":"2022-09-19T07:00:28","guid":{"rendered":"https:\/\/ddt.lv\/lv\/product\/5703-2-aaa-baterijas-ladejamas-varta-accu-power-1000mah-2gb\/"},"modified":"2026-05-05T08:40:40","modified_gmt":"2026-05-05T05:40:40","slug":"5703-2-aaa-baterijas-ladejamas-varta-accu-power-1000mah-2gb","status":"publish","type":"product","link":"https:\/\/ddt.lv\/lv\/product\/5703-2-aaa-baterijas-ladejamas-varta-accu-power-1000mah-2gb\/","title":{"rendered":"5703\/2 AAA baterijas l\u0101d\u0113jamas VARTA Accu Power 1000mAh 2gb."},"content":{"rendered":"<p><\/p>\n<div class=\"row product-tabs-row\">\n<div class=\"col-xs-12\">\n<div>\n<div class=\"tab-content\">\n<div id=\"product_full_description\" class=\"tab-pane active\" role=\"tabpanel\">Varta l\u0101d\u0113jam\u0101s baterijas ir \u012bpa\u0161i veidotas lieto\u0161anai l\u0113nas izl\u0101des un uzl\u0101des ier\u012bc\u0113s, piem\u0113ram, d\u0101rza lamp\u0101s, kuras uzl\u0101d\u0113jas ar saules ener\u0123iju, t\u0101d\u0113j\u0101di J\u016bs ietaup\u0101t naudu nep\u0101rmaks\u0101jot par bateriju potenci\u0101lu, kuru neizmantosiet!<\/div>\n<\/div>\n<\/div>\n<\/div>\n<\/div>\n<div class=\"row related-products-row\">\n<div class=\"col-xs-12\">\n<div class=\"related-title\"><\/div>\n<\/div>\n<\/div>\n<p><\/p>","protected":false},"excerpt":{"rendered":"<p>Varta l\u0101d\u0113jam\u0101s baterijas ir \u012bpa\u0161i veidotas lieto\u0161anai l\u0113nas izl\u0101des un uzl\u0101des ier\u012bc\u0113s, piem\u0113ram, d\u0101rza lamp\u0101s, kuras uzl\u0101d\u0113jas ar saules ener\u0123iju, t\u0101d\u0113j\u0101di J\u016bs ietaup\u0101t naudu nep\u0101rmaks\u0101jot par bateriju potenci\u0101lu, kuru neizmantosiet!<\/p>\n","protected":false},"featured_media":34709,"comment_status":"closed","ping_status":"closed","template":"","meta":{"inline_featured_image":false},"product_cat":[442],"product_tag":[],"yst_prominent_words":[],"class_list":{"0":"post-34708","1":"product","2":"type-product","3":"status-publish","4":"has-post-thumbnail","6":"product_cat-aaa","8":"first","9":"instock","10":"taxable","11":"shipping-taxable","12":"purchasable","13":"product-type-simple"},"jetpack_sharing_enabled":true,"_links":{"self":[{"href":"https:\/\/ddt.lv\/lv\/wp-json\/wp\/v2\/product\/34708"}],"collection":[{"href":"https:\/\/ddt.lv\/lv\/wp-json\/wp\/v2\/product"}],"about":[{"href":"https:\/\/ddt.lv\/lv\/wp-json\/wp\/v2\/types\/product"}],"replies":[{"embeddable":true,"href":"https:\/\/ddt.lv\/lv\/wp-json\/wp\/v2\/comments?post=34708"}],"wp:featuredmedia":[{"embeddable":true,"href":"https:\/\/ddt.lv\/lv\/wp-json\/wp\/v2\/media\/34709"}],"wp:attachment":[{"href":"https:\/\/ddt.lv\/lv\/wp-json\/wp\/v2\/media?parent=34708"}],"wp:term":[{"taxonomy":"product_cat","embeddable":true,"href":"https:\/\/ddt.lv\/lv\/wp-json\/wp\/v2\/product_cat?post=34708"},{"taxonomy":"product_tag","embeddable":true,"href":"https:\/\/ddt.lv\/lv\/wp-json\/wp\/v2\/product_tag?post=34708"},{"taxonomy":"yst_prominent_words","embeddable":true,"href":"https:\/\/ddt.lv\/lv\/wp-json\/wp\/v2\/yst_prominent_words?post=34708"}],"curies":[{"name":"wp","href":"https:\/\/api.w.org\/{rel}","templated":true}]}}