{"id":34639,"date":"2022-09-13T09:23:51","date_gmt":"2022-09-13T06:23:51","guid":{"rendered":"https:\/\/ddt.lv\/lv\/?post_type=product&#038;p=34639"},"modified":"2026-04-08T14:36:43","modified_gmt":"2026-04-08T11:36:43","slug":"__trashed","status":"publish","type":"product","link":"https:\/\/ddt.lv\/lv\/product\/led-gls-a60-e27-12-5w-230v-1060lm-4000k-ra96-spuldze-emos\/","title":{"rendered":"LED GLS A60 E27 12.5W 230V 1060lm 4000K Ra&gt;96 spuldze EMOS"},"content":{"rendered":"<p>Spilgtuma un finan\u0161u ietaup\u012bjumu zi\u0146\u0101 LED spuldz\u0113m \u0161obr\u012bd nav konkurences. Izv\u0113loties pareizo, vissvar\u012bg\u0101kais, kam j\u0101piev\u0113r\u0161 uzman\u012bba, ir t\u0101 forma, pamatne un gaismas temperat\u016bra. Bet, ja v\u0113laties tikai to lab\u0101ko, ir v\u0113rts skat\u012bties t\u0101 saukto kr\u0101su render\u0113\u0161anas indeksu (CRI). CRI (kr\u0101su render\u0113\u0161anas indekss), ko bie\u017ei d\u0113v\u0113 par Ra (rendering medium), nor\u0101da, cik patiesi gaismas avots var att\u0113lot kr\u0101sas sal\u012bdzin\u0101jum\u0101 ar dabisko dienasgaismu. Parasti tiek p\u0101rdotas spuldzes, kuru CRI ir aptuveni 80, kas ir Eiropas Savien\u012bbas noteikt\u0101 minim\u0101l\u0101 v\u0113rt\u012bba. Ta\u010du lab\u0101kie mode\u013ci pied\u0101v\u0101 CRI, kas ir liel\u0101ks par 95.<\/p>","protected":false},"excerpt":{"rendered":"<p>Spilgtuma un finan\u0161u ietaup\u012bjumu zi\u0146\u0101 LED spuldz\u0113m \u0161obr\u012bd nav konkurences. Izv\u0113loties pareizo, vissvar\u012bg\u0101kais, kam j\u0101piev\u0113r\u0161 uzman\u012bba, ir t\u0101 forma, pamatne un gaismas temperat\u016bra. Bet, ja v\u0113laties tikai to lab\u0101ko, ir v\u0113rts skat\u012bties t\u0101 saukto kr\u0101su render\u0113\u0161anas indeksu (CRI). CRI (kr\u0101su render\u0113\u0161anas indekss), ko bie\u017ei d\u0113v\u0113 par Ra (rendering medium), nor\u0101da, cik patiesi gaismas avots var [&hellip;]<\/p>\n","protected":false},"featured_media":34778,"comment_status":"closed","ping_status":"closed","template":"","meta":{"inline_featured_image":false},"product_cat":[772,850],"product_tag":[],"yst_prominent_words":[],"class_list":{"0":"post-34639","1":"product","2":"type-product","3":"status-publish","4":"has-post-thumbnail","6":"product_cat-atlaides","7":"product_cat-e27-spuldzes","9":"first","10":"instock","11":"sale","12":"taxable","13":"shipping-taxable","14":"purchasable","15":"product-type-simple"},"jetpack_sharing_enabled":true,"_links":{"self":[{"href":"https:\/\/ddt.lv\/lv\/wp-json\/wp\/v2\/product\/34639"}],"collection":[{"href":"https:\/\/ddt.lv\/lv\/wp-json\/wp\/v2\/product"}],"about":[{"href":"https:\/\/ddt.lv\/lv\/wp-json\/wp\/v2\/types\/product"}],"replies":[{"embeddable":true,"href":"https:\/\/ddt.lv\/lv\/wp-json\/wp\/v2\/comments?post=34639"}],"wp:featuredmedia":[{"embeddable":true,"href":"https:\/\/ddt.lv\/lv\/wp-json\/wp\/v2\/media\/34778"}],"wp:attachment":[{"href":"https:\/\/ddt.lv\/lv\/wp-json\/wp\/v2\/media?parent=34639"}],"wp:term":[{"taxonomy":"product_cat","embeddable":true,"href":"https:\/\/ddt.lv\/lv\/wp-json\/wp\/v2\/product_cat?post=34639"},{"taxonomy":"product_tag","embeddable":true,"href":"https:\/\/ddt.lv\/lv\/wp-json\/wp\/v2\/product_tag?post=34639"},{"taxonomy":"yst_prominent_words","embeddable":true,"href":"https:\/\/ddt.lv\/lv\/wp-json\/wp\/v2\/yst_prominent_words?post=34639"}],"curies":[{"name":"wp","href":"https:\/\/api.w.org\/{rel}","templated":true}]}}