{"id":34617,"date":"2022-09-07T15:20:26","date_gmt":"2022-09-07T12:20:26","guid":{"rendered":"https:\/\/ddt.lv\/lv\/product\/so-led-ball-frosted-e14-5-6w-240v-470lm-dim-6500k-sylvania-spuldze\/"},"modified":"2026-04-06T11:05:33","modified_gmt":"2026-04-06T08:05:33","slug":"so-led-ball-frosted-e14-5-6w-240v-470lm-dim-6500k-sylvania-spuldze","status":"publish","type":"product","link":"https:\/\/ddt.lv\/lv\/product\/so-led-ball-frosted-e14-5-6w-240v-470lm-dim-6500k-sylvania-spuldze\/","title":{"rendered":"LED BALL Frosted E14 5.6W 240V 470lm DIM 6500K Sylvania spuldze"},"content":{"rendered":"<p>\u2022 Kompakts un elegants dizains<br \/>\n\u2022 Piem\u0113rots halog\u0113nu, kv\u0113lspuld\u017eu un kompakto dienasgaismas lodveida spuld\u017eu nomai\u0146ai<br \/>\n\u2022 T\u016bl\u012bt\u0113ja gaisma, nospie\u017eot sl\u0113dzi<br \/>\n\u2022 Vienm\u0113r\u012bgs gaismas sadal\u012bjums<br \/>\n\u2022 Laba kr\u0101su atveide (CRI 80)<br \/>\n\u2022 Aptum\u0161ojams ar apstiprin\u0101tiem dimmeriem<br \/>\n\u2022 Lieliski piem\u0113rots viesn\u012bc\u0101m, restor\u0101niem, vestibiliem, koridoriem, k\u0101p\u0146u telp\u0101m, uz\u0146em\u0161anas zon\u0101m.<br \/>\n\u2022 Zem\u0101kas uztur\u0113\u0161anas izmaksas<\/p>","protected":false},"excerpt":{"rendered":"<p>\u2022 Kompakts un elegants dizains \u2022 Piem\u0113rots halog\u0113nu, kv\u0113lspuld\u017eu un kompakto dienasgaismas lodveida spuld\u017eu nomai\u0146ai \u2022 T\u016bl\u012bt\u0113ja gaisma, nospie\u017eot sl\u0113dzi \u2022 Vienm\u0113r\u012bgs gaismas sadal\u012bjums \u2022 Laba kr\u0101su atveide (CRI 80) \u2022 Aptum\u0161ojams ar apstiprin\u0101tiem dimmeriem \u2022 Lieliski piem\u0113rots viesn\u012bc\u0101m, restor\u0101niem, vestibiliem, koridoriem, k\u0101p\u0146u telp\u0101m, uz\u0146em\u0161anas zon\u0101m. \u2022 Zem\u0101kas uztur\u0113\u0161anas izmaksas<\/p>\n","protected":false},"featured_media":34622,"comment_status":"closed","ping_status":"closed","template":"","meta":{"inline_featured_image":false},"product_cat":[851],"product_tag":[],"yst_prominent_words":[],"class_list":{"0":"post-34617","1":"product","2":"type-product","3":"status-publish","4":"has-post-thumbnail","6":"product_cat-e14-spuldzes","8":"first","9":"instock","10":"taxable","11":"shipping-taxable","12":"purchasable","13":"product-type-simple"},"jetpack_sharing_enabled":true,"_links":{"self":[{"href":"https:\/\/ddt.lv\/lv\/wp-json\/wp\/v2\/product\/34617"}],"collection":[{"href":"https:\/\/ddt.lv\/lv\/wp-json\/wp\/v2\/product"}],"about":[{"href":"https:\/\/ddt.lv\/lv\/wp-json\/wp\/v2\/types\/product"}],"replies":[{"embeddable":true,"href":"https:\/\/ddt.lv\/lv\/wp-json\/wp\/v2\/comments?post=34617"}],"wp:featuredmedia":[{"embeddable":true,"href":"https:\/\/ddt.lv\/lv\/wp-json\/wp\/v2\/media\/34622"}],"wp:attachment":[{"href":"https:\/\/ddt.lv\/lv\/wp-json\/wp\/v2\/media?parent=34617"}],"wp:term":[{"taxonomy":"product_cat","embeddable":true,"href":"https:\/\/ddt.lv\/lv\/wp-json\/wp\/v2\/product_cat?post=34617"},{"taxonomy":"product_tag","embeddable":true,"href":"https:\/\/ddt.lv\/lv\/wp-json\/wp\/v2\/product_tag?post=34617"},{"taxonomy":"yst_prominent_words","embeddable":true,"href":"https:\/\/ddt.lv\/lv\/wp-json\/wp\/v2\/yst_prominent_words?post=34617"}],"curies":[{"name":"wp","href":"https:\/\/api.w.org\/{rel}","templated":true}]}}