{"id":34609,"date":"2022-09-07T15:00:25","date_gmt":"2022-09-07T12:00:25","guid":{"rendered":"https:\/\/ddt.lv\/lv\/product\/so-led-ball-fil-e27-4-4w-240v-470lm-2700k-3gb-bl-spuldze\/"},"modified":"2026-04-08T14:41:50","modified_gmt":"2026-04-08T11:41:50","slug":"so-led-ball-fil-e27-4-4w-240v-470lm-2700k-3gb-bl-spuldze","status":"publish","type":"product","link":"https:\/\/ddt.lv\/lv\/product\/so-led-ball-fil-e27-4-4w-240v-470lm-2700k-3gb-bl-spuldze\/","title":{"rendered":"LED BALL FIL E27 4.4W 240V 470lm 2700K (3gb.bl.) spuldze"},"content":{"rendered":"<p><\/p>\n<ul>\n<li>Lieliski piem\u0113rots dekorat\u012bvam un visp\u0101r\u0113jam apgaismojumam un rada siltu atmosf\u0113ru, kas l\u012bdz\u012bga tradicion\u0101l\u0101m spuldz\u0113m<\/li>\n<li>Daudzpus\u012bgais ToLEDo Retro lod\u012b\u0161u kl\u0101sts ir ide\u0101ls halog\u0113nu un kv\u0113lspuld\u017eu aizst\u0101j\u0113js un lieliski piem\u0113rots lustr\u0101m un dekorat\u012bviem lietojumiem<\/li>\n<li>T\u0101ds pats izskats, izm\u0113rs un funkcionalit\u0101te k\u0101 kv\u0113lspuldz\u0113m<\/li>\n<li>Daudzvirzienu gaismas sadale<\/li>\n<li>Nodro\u0161ina t\u0101du pa\u0161u dzirksto\u0161\u0101s gaismas efektu k\u0101 kv\u0113lspuldze<\/li>\n<li>Izm\u0113ri identiski kv\u0113lspuldz\u0113m \u2013 der vis\u0101m armat\u016br\u0101m<\/li>\n<li>Videi draudz\u012bgs \u2013 bez dz\u012bvsudraba un zem\u0101kas CO2 emisijas<\/li>\n<\/ul>\n<p><\/p>","protected":false},"excerpt":{"rendered":"<p>Lieliski piem\u0113rots dekorat\u012bvam un visp\u0101r\u0113jam apgaismojumam un rada siltu atmosf\u0113ru, kas l\u012bdz\u012bga tradicion\u0101l\u0101m spuldz\u0113m Daudzpus\u012bgais ToLEDo Retro lod\u012b\u0161u kl\u0101sts ir ide\u0101ls halog\u0113nu un kv\u0113lspuld\u017eu aizst\u0101j\u0113js un lieliski piem\u0113rots lustr\u0101m un dekorat\u012bviem lietojumiem T\u0101ds pats izskats, izm\u0113rs un funkcionalit\u0101te k\u0101 kv\u0113lspuldz\u0113m Daudzvirzienu gaismas sadale Nodro\u0161ina t\u0101du pa\u0161u dzirksto\u0161\u0101s gaismas efektu k\u0101 kv\u0113lspuldze Izm\u0113ri identiski kv\u0113lspuldz\u0113m \u2013 [&hellip;]<\/p>\n","protected":false},"featured_media":34619,"comment_status":"closed","ping_status":"closed","template":"","meta":{"inline_featured_image":false},"product_cat":[925],"product_tag":[],"yst_prominent_words":[],"class_list":{"0":"post-34609","1":"product","2":"type-product","3":"status-publish","4":"has-post-thumbnail","6":"product_cat-filament-tipa-spuldzes","8":"first","9":"outofstock","10":"taxable","11":"shipping-taxable","12":"purchasable","13":"product-type-simple"},"jetpack_sharing_enabled":true,"_links":{"self":[{"href":"https:\/\/ddt.lv\/lv\/wp-json\/wp\/v2\/product\/34609"}],"collection":[{"href":"https:\/\/ddt.lv\/lv\/wp-json\/wp\/v2\/product"}],"about":[{"href":"https:\/\/ddt.lv\/lv\/wp-json\/wp\/v2\/types\/product"}],"replies":[{"embeddable":true,"href":"https:\/\/ddt.lv\/lv\/wp-json\/wp\/v2\/comments?post=34609"}],"wp:featuredmedia":[{"embeddable":true,"href":"https:\/\/ddt.lv\/lv\/wp-json\/wp\/v2\/media\/34619"}],"wp:attachment":[{"href":"https:\/\/ddt.lv\/lv\/wp-json\/wp\/v2\/media?parent=34609"}],"wp:term":[{"taxonomy":"product_cat","embeddable":true,"href":"https:\/\/ddt.lv\/lv\/wp-json\/wp\/v2\/product_cat?post=34609"},{"taxonomy":"product_tag","embeddable":true,"href":"https:\/\/ddt.lv\/lv\/wp-json\/wp\/v2\/product_tag?post=34609"},{"taxonomy":"yst_prominent_words","embeddable":true,"href":"https:\/\/ddt.lv\/lv\/wp-json\/wp\/v2\/yst_prominent_words?post=34609"}],"curies":[{"name":"wp","href":"https:\/\/api.w.org\/{rel}","templated":true}]}}