{"id":34601,"date":"2022-09-07T13:00:26","date_gmt":"2022-09-07T10:00:26","guid":{"rendered":"https:\/\/ddt.lv\/lv\/product\/led-gls-a60-e27-7-2w-230v-806lm-2700k-augstas-krasu-izskirtspejas-ra94-spuldze-emos\/"},"modified":"2026-04-08T14:41:55","modified_gmt":"2026-04-08T11:41:55","slug":"led-gls-a60-e27-7-2w-230v-806lm-2700k-augstas-krasu-izskirtspejas-ra94-spuldze-emos","status":"publish","type":"product","link":"https:\/\/ddt.lv\/lv\/product\/led-gls-a60-e27-7-2w-230v-806lm-2700k-augstas-krasu-izskirtspejas-ra94-spuldze-emos\/","title":{"rendered":"LED GLS A60 E27 7.2W 230V 806lm 2700K  augstas kr\u0101su iz\u0161\u0137irtsp\u0113jas Ra&gt;94 spuldze EMOS"},"content":{"rendered":"<p>Augstas kr\u0101sas iz\u0161\u0137irtsp\u0113jas Ra&gt;94 spuldze ar cilv\u0113ka acij vist\u012bkam\u0101ko gaismas spektru.<\/p>\n<p>Emos ir viens no vado\u0161ajiem Eiropas LED gaismas avotu ra\u017eot\u0101jiem. \u0160o ra\u017eot\u0101ju raksturo gadiem ilgi kr\u0101t\u0101 pieredze un inovat\u012bvi risin\u0101jumi m\u0101ksl\u012bg\u0101 apgaismojuma ra\u017eo\u0161an\u0101. Emos spuld\u017eu galven\u0101s iez\u012bmes: augsta gaismas atdeve un ilgs kalpo\u0161anas m\u016b\u017es! Ar RA&gt;96 apz\u012bm\u0113 cilv\u0113ka acij vispat\u012bkam\u0101ko gaismas spektru.Augstas kr\u0101sas iz\u0161\u0137irtsp\u0113jas Ra&gt;94 spuldze ar cilv\u0113ka acij vist\u012bkam\u0101ko gaismas spektru.<\/p>\n<p>Emos ir viens no vado\u0161ajiem Eiropas LED gaismas avotu ra\u017eot\u0101jiem. \u0160o ra\u017eot\u0101ju raksturo gadiem ilgi kr\u0101t\u0101 pieredze un inovat\u012bvi risin\u0101jumi m\u0101ksl\u012bg\u0101 apgaismojuma ra\u017eo\u0161an\u0101. Emos spuld\u017eu galven\u0101s iez\u012bmes: augsta gaismas atdeve un ilgs kalpo\u0161anas m\u016b\u017es! Ar RA&gt;96 apz\u012bm\u0113 cilv\u0113ka acij vispat\u012bkam\u0101ko gaismas spektru.Augstas kr\u0101sas iz\u0161\u0137irtsp\u0113jas Ra&gt;94 spuldze ar cilv\u0113ka acij vist\u012bkam\u0101ko gaismas spektru.<\/p>\n<p>Emos ir viens no vado\u0161ajiem Eiropas LED gaismas avotu ra\u017eot\u0101jiem. \u0160o ra\u017eot\u0101ju raksturo gadiem ilgi kr\u0101t\u0101 pieredze un inovat\u012bvi risin\u0101jumi m\u0101ksl\u012bg\u0101 apgaismojuma ra\u017eo\u0161an\u0101. Emos spuld\u017eu galven\u0101s iez\u012bmes: augsta gaismas atdeve un ilgs kalpo\u0161anas m\u016b\u017es! Ar RA&gt;96 apz\u012bm\u0113 cilv\u0113ka acij vispat\u012bkam\u0101ko gaismas spektru.Augstas kr\u0101sas iz\u0161\u0137irtsp\u0113jas Ra&gt;94 spuldze ar cilv\u0113ka acij vist\u012bkam\u0101ko gaismas spektru.<\/p>\n<p>Emos ir viens no vado\u0161ajiem Eiropas LED gaismas avotu ra\u017eot\u0101jiem. \u0160o ra\u017eot\u0101ju raksturo gadiem ilgi kr\u0101t\u0101 pieredze un inovat\u012bvi risin\u0101jumi m\u0101ksl\u012bg\u0101 apgaismojuma ra\u017eo\u0161an\u0101. Emos spuld\u017eu galven\u0101s iez\u012bmes: augsta gaismas atdeve un ilgs kalpo\u0161anas m\u016b\u017es! Ar RA&gt;96 apz\u012bm\u0113 cilv\u0113ka acij vispat\u012bkam\u0101ko gaismas spektru.<\/p>","protected":false},"excerpt":{"rendered":"<p>Augstas kr\u0101sas iz\u0161\u0137irtsp\u0113jas Ra&gt;94 spuldze ar cilv\u0113ka acij vist\u012bkam\u0101ko gaismas spektru. Emos ir viens no vado\u0161ajiem Eiropas LED gaismas avotu ra\u017eot\u0101jiem. \u0160o ra\u017eot\u0101ju raksturo gadiem ilgi kr\u0101t\u0101 pieredze un inovat\u012bvi risin\u0101jumi m\u0101ksl\u012bg\u0101 apgaismojuma ra\u017eo\u0161an\u0101. Emos spuld\u017eu galven\u0101s iez\u012bmes: augsta gaismas atdeve un ilgs kalpo\u0161anas m\u016b\u017es! Ar RA&gt;96 apz\u012bm\u0113 cilv\u0113ka acij vispat\u012bkam\u0101ko gaismas spektru.Augstas kr\u0101sas iz\u0161\u0137irtsp\u0113jas [&hellip;]<\/p>\n","protected":false},"featured_media":34605,"comment_status":"closed","ping_status":"closed","template":"","meta":{"inline_featured_image":false},"product_cat":[850],"product_tag":[],"yst_prominent_words":[],"class_list":{"0":"post-34601","1":"product","2":"type-product","3":"status-publish","4":"has-post-thumbnail","6":"product_cat-e27-spuldzes","8":"first","9":"instock","10":"taxable","11":"shipping-taxable","12":"purchasable","13":"product-type-simple"},"jetpack_sharing_enabled":true,"_links":{"self":[{"href":"https:\/\/ddt.lv\/lv\/wp-json\/wp\/v2\/product\/34601"}],"collection":[{"href":"https:\/\/ddt.lv\/lv\/wp-json\/wp\/v2\/product"}],"about":[{"href":"https:\/\/ddt.lv\/lv\/wp-json\/wp\/v2\/types\/product"}],"replies":[{"embeddable":true,"href":"https:\/\/ddt.lv\/lv\/wp-json\/wp\/v2\/comments?post=34601"}],"wp:featuredmedia":[{"embeddable":true,"href":"https:\/\/ddt.lv\/lv\/wp-json\/wp\/v2\/media\/34605"}],"wp:attachment":[{"href":"https:\/\/ddt.lv\/lv\/wp-json\/wp\/v2\/media?parent=34601"}],"wp:term":[{"taxonomy":"product_cat","embeddable":true,"href":"https:\/\/ddt.lv\/lv\/wp-json\/wp\/v2\/product_cat?post=34601"},{"taxonomy":"product_tag","embeddable":true,"href":"https:\/\/ddt.lv\/lv\/wp-json\/wp\/v2\/product_tag?post=34601"},{"taxonomy":"yst_prominent_words","embeddable":true,"href":"https:\/\/ddt.lv\/lv\/wp-json\/wp\/v2\/yst_prominent_words?post=34601"}],"curies":[{"name":"wp","href":"https:\/\/api.w.org\/{rel}","templated":true}]}}