{"id":34546,"date":"2022-09-05T20:00:26","date_gmt":"2022-09-05T17:00:26","guid":{"rendered":"https:\/\/ddt.lv\/lv\/product\/led-monitoru-gaismeklis-4-5w-ip20-usb-dim-melns-emos\/"},"modified":"2026-04-13T10:02:05","modified_gmt":"2026-04-13T07:02:05","slug":"led-monitoru-gaismeklis-4-5w-ip20-usb-dim-melns-emos","status":"publish","type":"product","link":"https:\/\/ddt.lv\/lv\/product\/led-monitoru-gaismeklis-4-5w-ip20-usb-dim-melns-emos\/","title":{"rendered":"LED monitoru gaismeklis 4.5W IP20 USB  DIM melns EMOS"},"content":{"rendered":"<p>\u012apa\u0161a lampi\u0146a, kas piestiprin\u0101ma pie datora vai kl\u0113pjdatora monitora, ir patiesi ori\u0123in\u0101ls veids, k\u0101 izgaismot darbvirsmu. T\u0101s priek\u0161roc\u012bbas ietver ne tikai vienk\u0101r\u0161u un \u0101tru uzst\u0101d\u012b\u0161anu, bet ar\u012b iesp\u0113ju main\u012bt gaismas kr\u0101su un aptum\u0161o\u0161anu. AVA lampa tiek pied\u0101v\u0101ta elegant\u0101 meln\u0101 dizain\u0101, kas noteikti padar\u012bs j\u016bsu darba vietu \u012bpa\u0161u.<\/p>","protected":false},"excerpt":{"rendered":"<p>\u012apa\u0161a lampi\u0146a, kas piestiprin\u0101ma pie datora vai kl\u0113pjdatora monitora, ir patiesi ori\u0123in\u0101ls veids, k\u0101 izgaismot darbvirsmu. T\u0101s priek\u0161roc\u012bbas ietver ne tikai vienk\u0101r\u0161u un \u0101tru uzst\u0101d\u012b\u0161anu, bet ar\u012b iesp\u0113ju main\u012bt gaismas kr\u0101su un aptum\u0161o\u0161anu. AVA lampa tiek pied\u0101v\u0101ta elegant\u0101 meln\u0101 dizain\u0101, kas noteikti padar\u012bs j\u016bsu darba vietu \u012bpa\u0161u.<\/p>\n","protected":false},"featured_media":34558,"comment_status":"closed","ping_status":"closed","template":"","meta":{"inline_featured_image":false},"product_cat":[772,1292,746],"product_tag":[],"yst_prominent_words":[],"class_list":{"0":"post-34546","1":"product","2":"type-product","3":"status-publish","4":"has-post-thumbnail","6":"product_cat-atlaides","7":"product_cat-galda-lampas-un-stavlampas-apgaismojums","8":"product_cat-pagarinataji-pagarinataji-un-sadalitaji","10":"first","11":"instock","12":"sale","13":"taxable","14":"shipping-taxable","15":"purchasable","16":"product-type-simple"},"jetpack_sharing_enabled":true,"_links":{"self":[{"href":"https:\/\/ddt.lv\/lv\/wp-json\/wp\/v2\/product\/34546"}],"collection":[{"href":"https:\/\/ddt.lv\/lv\/wp-json\/wp\/v2\/product"}],"about":[{"href":"https:\/\/ddt.lv\/lv\/wp-json\/wp\/v2\/types\/product"}],"replies":[{"embeddable":true,"href":"https:\/\/ddt.lv\/lv\/wp-json\/wp\/v2\/comments?post=34546"}],"wp:featuredmedia":[{"embeddable":true,"href":"https:\/\/ddt.lv\/lv\/wp-json\/wp\/v2\/media\/34558"}],"wp:attachment":[{"href":"https:\/\/ddt.lv\/lv\/wp-json\/wp\/v2\/media?parent=34546"}],"wp:term":[{"taxonomy":"product_cat","embeddable":true,"href":"https:\/\/ddt.lv\/lv\/wp-json\/wp\/v2\/product_cat?post=34546"},{"taxonomy":"product_tag","embeddable":true,"href":"https:\/\/ddt.lv\/lv\/wp-json\/wp\/v2\/product_tag?post=34546"},{"taxonomy":"yst_prominent_words","embeddable":true,"href":"https:\/\/ddt.lv\/lv\/wp-json\/wp\/v2\/yst_prominent_words?post=34546"}],"curies":[{"name":"wp","href":"https:\/\/api.w.org\/{rel}","templated":true}]}}