{"id":34544,"date":"2022-09-05T18:20:26","date_gmt":"2022-09-05T15:20:26","guid":{"rendered":"https:\/\/ddt.lv\/lv\/product\/powerbank-arejais-akumulators-alpha2-emos-20000-mah-micro-usb-a-usb-c-melns\/"},"modified":"2026-04-20T16:20:58","modified_gmt":"2026-04-20T13:20:58","slug":"powerbank-arejais-akumulators-alpha2-emos-20000-mah-micro-usb-a-usb-c-melns","status":"publish","type":"product","link":"https:\/\/ddt.lv\/lv\/product\/powerbank-arejais-akumulators-alpha2-emos-20000-mah-micro-usb-a-usb-c-melns\/","title":{"rendered":"Powerbank \u0101r\u0113jais akumulators Alpha2 EMOS 20000 mAh Micro USB-A, USB-C melns"},"content":{"rendered":"<p>Powerbanka EMOS Alpha2 20 20000 mAh<br \/>\nViegli uzl\u0101d\u0113tu plan\u0161etdatoru un mobilo t\u0101lruni. Lai ar\u012b kur tu b\u016btu, pietiek pievienot ier\u012bci, izmantojot divus USB kabe\u013cus (micro USB un USB-C), kas ir iek\u013cauti komplekt\u0101cij\u0101 un ar kuriem var p\u0101rs\u016bt\u012bt gan datus, gan uzl\u0101d\u0113t ier\u012bci. \u0160\u012b powerbanka j\u016bs iepriecin\u0101s ne tikai ar savu pl\u0101nu dizainu un ide\u0101liem izm\u0113riem. Simp\u0101tisk\u0101 20 000 mAh jauda un\u00a0 dro\u0161\u012bbas funkcijas sp\u0113s \u0101tri un dro\u0161i uzl\u0101d\u0113t j\u016bsu elektroniku.<\/p>","protected":false},"excerpt":{"rendered":"<p>Powerbanka EMOS Alpha2 20 20000 mAh Viegli uzl\u0101d\u0113tu plan\u0161etdatoru un mobilo t\u0101lruni. Lai ar\u012b kur tu b\u016btu, pietiek pievienot ier\u012bci, izmantojot divus USB kabe\u013cus (micro USB un USB-C), kas ir iek\u013cauti komplekt\u0101cij\u0101 un ar kuriem var p\u0101rs\u016bt\u012bt gan datus, gan uzl\u0101d\u0113t ier\u012bci. \u0160\u012b powerbanka j\u016bs iepriecin\u0101s ne tikai ar savu pl\u0101nu dizainu un ide\u0101liem izm\u0113riem. [&hellip;]<\/p>\n","protected":false},"featured_media":34548,"comment_status":"closed","ping_status":"closed","template":"","meta":{"inline_featured_image":false},"product_cat":[460],"product_tag":[],"yst_prominent_words":[],"class_list":{"0":"post-34544","1":"product","2":"type-product","3":"status-publish","4":"has-post-thumbnail","6":"product_cat-uzlades-stacijas","8":"first","9":"instock","10":"taxable","11":"shipping-taxable","12":"purchasable","13":"product-type-simple"},"jetpack_sharing_enabled":true,"_links":{"self":[{"href":"https:\/\/ddt.lv\/lv\/wp-json\/wp\/v2\/product\/34544"}],"collection":[{"href":"https:\/\/ddt.lv\/lv\/wp-json\/wp\/v2\/product"}],"about":[{"href":"https:\/\/ddt.lv\/lv\/wp-json\/wp\/v2\/types\/product"}],"replies":[{"embeddable":true,"href":"https:\/\/ddt.lv\/lv\/wp-json\/wp\/v2\/comments?post=34544"}],"wp:featuredmedia":[{"embeddable":true,"href":"https:\/\/ddt.lv\/lv\/wp-json\/wp\/v2\/media\/34548"}],"wp:attachment":[{"href":"https:\/\/ddt.lv\/lv\/wp-json\/wp\/v2\/media?parent=34544"}],"wp:term":[{"taxonomy":"product_cat","embeddable":true,"href":"https:\/\/ddt.lv\/lv\/wp-json\/wp\/v2\/product_cat?post=34544"},{"taxonomy":"product_tag","embeddable":true,"href":"https:\/\/ddt.lv\/lv\/wp-json\/wp\/v2\/product_tag?post=34544"},{"taxonomy":"yst_prominent_words","embeddable":true,"href":"https:\/\/ddt.lv\/lv\/wp-json\/wp\/v2\/yst_prominent_words?post=34544"}],"curies":[{"name":"wp","href":"https:\/\/api.w.org\/{rel}","templated":true}]}}