{"id":34530,"date":"2022-09-04T16:40:24","date_gmt":"2022-09-04T13:40:24","guid":{"rendered":"https:\/\/ddt.lv\/lv\/product\/el-plits-divrinku-melna-1500w-1000w\/"},"modified":"2026-04-13T09:56:07","modified_gmt":"2026-04-13T06:56:07","slug":"el-plits-divrinku-melna-1500w-1000w","status":"publish","type":"product","link":"https:\/\/ddt.lv\/lv\/product\/el-plits-divrinku-melna-1500w-1000w\/","title":{"rendered":"El. pl\u012bts divri\u0146\u0137u melna 1500W+1000W"},"content":{"rendered":"<p>Elektrisk\u0101 divri\u0146\u0137u pl\u012bti\u0146a. \u00a0Galda jeb mini pl\u012bts lieliski noder\u0113s laukos vai vasarn\u012bc\u0101, kur nav ierast\u0101s liel\u0101s pl\u012bts, uz kuras var\u0113tu pagatavot \u0113dienu. Sild\u012b\u0161anas plate ir apr\u012bkota ar aizsardz\u012bbu pret p\u0101rkar\u0161anu. Divi sildelementi ar da\u017e\u0101du diametru izm\u0113riem &#8211; 18.5cm un 15,5cm. Pateicoties pieciem temperat\u016bras regul\u0113\u0161anas l\u012bme\u0146iem, j\u016bs varat izv\u0113l\u0113ties pareizo temperat\u016bru \u0113diena pagatavo\u0161anai. Aizsardz\u012bba pret p\u0101rkar\u0161anu. Kontroles lampi\u0146a (iesl\u0113g\u0161ana\/izsl\u0113g\u0161ana) Izgatavots no karstumiztur\u012bgiem materi\u0101liem. Nepiedego\u0161s p\u0101rkl\u0101jums &#8211; \u013coti viegla t\u012br\u012b\u0161ana. Str\u0101vas vada garums: 0,75 m<\/p>","protected":false},"excerpt":{"rendered":"<p>Elektrisk\u0101 divri\u0146\u0137u pl\u012bti\u0146a. \u00a0Galda jeb mini pl\u012bts lieliski noder\u0113s laukos vai vasarn\u012bc\u0101, kur nav ierast\u0101s liel\u0101s pl\u012bts, uz kuras var\u0113tu pagatavot \u0113dienu. Sild\u012b\u0161anas plate ir apr\u012bkota ar aizsardz\u012bbu pret p\u0101rkar\u0161anu. Divi sildelementi ar da\u017e\u0101du diametru izm\u0113riem &#8211; 18.5cm un 15,5cm. Pateicoties pieciem temperat\u016bras regul\u0113\u0161anas l\u012bme\u0146iem, j\u016bs varat izv\u0113l\u0113ties pareizo temperat\u016bru \u0113diena pagatavo\u0161anai. Aizsardz\u012bba pret p\u0101rkar\u0161anu. [&hellip;]<\/p>\n","protected":false},"featured_media":34535,"comment_status":"closed","ping_status":"closed","template":"","meta":{"inline_featured_image":false},"product_cat":[528],"product_tag":[],"yst_prominent_words":[],"class_list":{"0":"post-34530","1":"product","2":"type-product","3":"status-publish","4":"has-post-thumbnail","6":"product_cat-indukcijas-virsmas","8":"first","9":"outofstock","10":"taxable","11":"shipping-taxable","12":"purchasable","13":"product-type-simple"},"jetpack_sharing_enabled":true,"_links":{"self":[{"href":"https:\/\/ddt.lv\/lv\/wp-json\/wp\/v2\/product\/34530"}],"collection":[{"href":"https:\/\/ddt.lv\/lv\/wp-json\/wp\/v2\/product"}],"about":[{"href":"https:\/\/ddt.lv\/lv\/wp-json\/wp\/v2\/types\/product"}],"replies":[{"embeddable":true,"href":"https:\/\/ddt.lv\/lv\/wp-json\/wp\/v2\/comments?post=34530"}],"wp:featuredmedia":[{"embeddable":true,"href":"https:\/\/ddt.lv\/lv\/wp-json\/wp\/v2\/media\/34535"}],"wp:attachment":[{"href":"https:\/\/ddt.lv\/lv\/wp-json\/wp\/v2\/media?parent=34530"}],"wp:term":[{"taxonomy":"product_cat","embeddable":true,"href":"https:\/\/ddt.lv\/lv\/wp-json\/wp\/v2\/product_cat?post=34530"},{"taxonomy":"product_tag","embeddable":true,"href":"https:\/\/ddt.lv\/lv\/wp-json\/wp\/v2\/product_tag?post=34530"},{"taxonomy":"yst_prominent_words","embeddable":true,"href":"https:\/\/ddt.lv\/lv\/wp-json\/wp\/v2\/yst_prominent_words?post=34530"}],"curies":[{"name":"wp","href":"https:\/\/api.w.org\/{rel}","templated":true}]}}