{"id":34520,"date":"2022-09-04T15:40:31","date_gmt":"2022-09-04T12:40:31","guid":{"rendered":"https:\/\/ddt.lv\/lv\/product\/el-plits-vienrinka-melna-1500w-esperanza\/"},"modified":"2026-04-06T10:52:35","modified_gmt":"2026-04-06T07:52:35","slug":"el-plits-vienrinka-melna-1500w-esperanza","status":"publish","type":"product","link":"https:\/\/ddt.lv\/lv\/product\/el-plits-vienrinka-melna-1500w-esperanza\/","title":{"rendered":"El pl\u012bts vienri\u0146\u0137a melna 1500W Esperanza"},"content":{"rendered":"<p>Iztur\u012bga dizaina elektrisk\u0101 pl\u012bts ar vienu sildvirsmu. Neliel\u0101 pl\u012bts ir ide\u0101li piem\u0113rota ce\u013co\u0161anai vai gatavo\u0161anai neliel\u0101 telp\u0101. Modelis ietver aizsardz\u012bbu pret p\u0101rkar\u0161anu ar vienu degli. Elektrisk\u0101 pl\u012bts ir viegli lietojama un \u0113rta. \u0160\u012b ir lieliska izv\u0113le \u0101ra virtuv\u0113m vai d\u0101rza m\u0101j\u0101m. Aizsardz\u012bba pret p\u0101rkar\u0161anu Kontroles lampi\u0146a (iesl\u0113g\u0161ana\/izsl\u0113g\u0161ana) Izgatavots no karstumiztur\u012bgiem materi\u0101liem Nepiedego\u0161s p\u0101rkl\u0101jums &#8211; \u013coti viegla t\u012br\u012b\u0161ana.<\/p>","protected":false},"excerpt":{"rendered":"<p>Iztur\u012bga dizaina elektrisk\u0101 pl\u012bts ar vienu sildvirsmu. Neliel\u0101 pl\u012bts ir ide\u0101li piem\u0113rota ce\u013co\u0161anai vai gatavo\u0161anai neliel\u0101 telp\u0101. Modelis ietver aizsardz\u012bbu pret p\u0101rkar\u0161anu ar vienu degli. Elektrisk\u0101 pl\u012bts ir viegli lietojama un \u0113rta. \u0160\u012b ir lieliska izv\u0113le \u0101ra virtuv\u0113m vai d\u0101rza m\u0101j\u0101m. Aizsardz\u012bba pret p\u0101rkar\u0161anu Kontroles lampi\u0146a (iesl\u0113g\u0161ana\/izsl\u0113g\u0161ana) Izgatavots no karstumiztur\u012bgiem materi\u0101liem Nepiedego\u0161s p\u0101rkl\u0101jums &#8211; \u013coti [&hellip;]<\/p>\n","protected":false},"featured_media":34525,"comment_status":"closed","ping_status":"closed","template":"","meta":{"inline_featured_image":false},"product_cat":[528],"product_tag":[],"yst_prominent_words":[],"class_list":{"0":"post-34520","1":"product","2":"type-product","3":"status-publish","4":"has-post-thumbnail","6":"product_cat-indukcijas-virsmas","8":"first","9":"instock","10":"taxable","11":"shipping-taxable","12":"purchasable","13":"product-type-simple"},"jetpack_sharing_enabled":true,"_links":{"self":[{"href":"https:\/\/ddt.lv\/lv\/wp-json\/wp\/v2\/product\/34520"}],"collection":[{"href":"https:\/\/ddt.lv\/lv\/wp-json\/wp\/v2\/product"}],"about":[{"href":"https:\/\/ddt.lv\/lv\/wp-json\/wp\/v2\/types\/product"}],"replies":[{"embeddable":true,"href":"https:\/\/ddt.lv\/lv\/wp-json\/wp\/v2\/comments?post=34520"}],"wp:featuredmedia":[{"embeddable":true,"href":"https:\/\/ddt.lv\/lv\/wp-json\/wp\/v2\/media\/34525"}],"wp:attachment":[{"href":"https:\/\/ddt.lv\/lv\/wp-json\/wp\/v2\/media?parent=34520"}],"wp:term":[{"taxonomy":"product_cat","embeddable":true,"href":"https:\/\/ddt.lv\/lv\/wp-json\/wp\/v2\/product_cat?post=34520"},{"taxonomy":"product_tag","embeddable":true,"href":"https:\/\/ddt.lv\/lv\/wp-json\/wp\/v2\/product_tag?post=34520"},{"taxonomy":"yst_prominent_words","embeddable":true,"href":"https:\/\/ddt.lv\/lv\/wp-json\/wp\/v2\/yst_prominent_words?post=34520"}],"curies":[{"name":"wp","href":"https:\/\/api.w.org\/{rel}","templated":true}]}}