{"id":34396,"date":"2022-08-01T12:40:19","date_gmt":"2022-08-01T09:40:19","guid":{"rendered":"https:\/\/ddt.lv\/lv\/product\/lenas-gaitas-suluspiede-1l-unold\/"},"modified":"2026-04-08T14:32:38","modified_gmt":"2026-04-08T11:32:38","slug":"lenas-gaitas-suluspiede-1l-unold","status":"publish","type":"product","link":"https:\/\/ddt.lv\/lv\/product\/lenas-gaitas-suluspiede-1l-unold\/","title":{"rendered":"*L\u0113nas gaitas suluspiede 1L UNOLD"},"content":{"rendered":"<p>T\u0101 ir popul\u0101ra uztura tendence: l\u0113ni un maigi izspiest aug\u013cus un d\u0101rze\u0146us, lai saglab\u0101tu vitam\u012bnus un svar\u012bg\u0101s uzturvielas. Un tie\u0161i to dara l\u0113n\u0101s gaitas sulu spiede SLOW JUICER!<\/p>\n<p>T\u0101s vertik\u0101l\u0101 skr\u016bves prese grie\u017eas ar maksim\u0101li 80 apgriezieniem, izspie\u017eot sulu no aug\u013ciem vai d\u0101rze\u0146iem, kas ir ievietoti piltuv\u0113. Sula caur smalku ner\u016bs\u0113jo\u0161\u0101 t\u0113rauda sietu iepl\u016bst viena litra plastmasas kr\u016bz\u0113, piln\u012bb\u0101 izspiestais m\u012bkstums, t\u0101 sauktais izspaids, autom\u0101tiski iekr\u012bt otr\u0101 plastmasas kr\u016bz\u0113.<\/p>\n<p>Apr\u012bkots ar iztur\u012bgu, klusu l\u012bdzstr\u0101vas motoru, SLOW JUICER var nep\u0101rtraukti lietot l\u012bdz 20 min\u016bt\u0113m. \u012aslaic\u012bgi iestat\u0101m\u0101 apgriezt\u0101 gaita atkal atbr\u012bvo skr\u016bves presi, ja k\u0101ds aug\u013ca vai d\u0101rze\u0146a gabals ir iestr\u0113dzis.<\/p>\n<p>Ier\u012bci stil\u012bg\u0101 ner\u016bs\u0113jo\u0161\u0101 t\u0113rauda dizain\u0101 var piln\u012bb\u0101 izjaukt t\u012br\u012b\u0161anai. Visas neelektrisk\u0101s da\u013cas var mazg\u0101t trauku mazg\u0101jam\u0101 ma\u0161\u012bn\u0101.<\/p>\n<p>Pateicoties kompaktajam dizainam, sulas dozators aiz\u0146em maz vietas ar sl\u0113dzamu sulas izvadi, dro\u0161\u012bbas sl\u0113dzeni un pretsl\u012bdo\u0161\u0101m k\u0101j\u0101m. Padomus par izspaidu lieto\u0161anu un gar\u0161\u012bgas receptes var atrast lieto\u0161anas instrukcij\u0101.<\/p>","protected":false},"excerpt":{"rendered":"<p>T\u0101 ir popul\u0101ra uztura tendence: l\u0113ni un maigi izspiest aug\u013cus un d\u0101rze\u0146us, lai saglab\u0101tu vitam\u012bnus un svar\u012bg\u0101s uzturvielas. Un tie\u0161i to dara l\u0113n\u0101s gaitas sulu spiede SLOW JUICER! T\u0101s vertik\u0101l\u0101 skr\u016bves prese grie\u017eas ar maksim\u0101li 80 apgriezieniem, izspie\u017eot sulu no aug\u013ciem vai d\u0101rze\u0146iem, kas ir ievietoti piltuv\u0113. Sula caur smalku ner\u016bs\u0113jo\u0161\u0101 t\u0113rauda sietu iepl\u016bst viena [&hellip;]<\/p>\n","protected":false},"featured_media":34398,"comment_status":"closed","ping_status":"closed","template":"","meta":{"inline_featured_image":false},"product_cat":[535],"product_tag":[],"yst_prominent_words":[],"class_list":{"0":"post-34396","1":"product","2":"type-product","3":"status-publish","4":"has-post-thumbnail","6":"product_cat-blenderimikserisulasspiedes","8":"first","9":"instock","10":"taxable","11":"shipping-taxable","12":"purchasable","13":"product-type-simple"},"jetpack_sharing_enabled":true,"_links":{"self":[{"href":"https:\/\/ddt.lv\/lv\/wp-json\/wp\/v2\/product\/34396"}],"collection":[{"href":"https:\/\/ddt.lv\/lv\/wp-json\/wp\/v2\/product"}],"about":[{"href":"https:\/\/ddt.lv\/lv\/wp-json\/wp\/v2\/types\/product"}],"replies":[{"embeddable":true,"href":"https:\/\/ddt.lv\/lv\/wp-json\/wp\/v2\/comments?post=34396"}],"wp:featuredmedia":[{"embeddable":true,"href":"https:\/\/ddt.lv\/lv\/wp-json\/wp\/v2\/media\/34398"}],"wp:attachment":[{"href":"https:\/\/ddt.lv\/lv\/wp-json\/wp\/v2\/media?parent=34396"}],"wp:term":[{"taxonomy":"product_cat","embeddable":true,"href":"https:\/\/ddt.lv\/lv\/wp-json\/wp\/v2\/product_cat?post=34396"},{"taxonomy":"product_tag","embeddable":true,"href":"https:\/\/ddt.lv\/lv\/wp-json\/wp\/v2\/product_tag?post=34396"},{"taxonomy":"yst_prominent_words","embeddable":true,"href":"https:\/\/ddt.lv\/lv\/wp-json\/wp\/v2\/yst_prominent_words?post=34396"}],"curies":[{"name":"wp","href":"https:\/\/api.w.org\/{rel}","templated":true}]}}