{"id":34374,"date":"2022-07-27T15:00:25","date_gmt":"2022-07-27T12:00:25","guid":{"rendered":"https:\/\/ddt.lv\/lv\/product\/j118-150w-230v-halogenspuldze-zext\/"},"modified":"2026-04-13T09:47:22","modified_gmt":"2026-04-13T06:47:22","slug":"j118-150w-230v-halogenspuldze-zext","status":"publish","type":"product","link":"https:\/\/ddt.lv\/lv\/product\/j118-150w-230v-halogenspuldze-zext\/","title":{"rendered":"J118 150W 230V halog\u0113nspuldze ZEXT"},"content":{"rendered":"<p>Line\u0101ros halog\u0113na stie\u0146us galvenok\u0101rt izmanto halog\u0113na apgaismojumos gan \u0101ra, gan iek\u0161telpu lietojumos. Tos dr\u012bkst izmantot tikai sl\u0113gtos gaismek\u013cos. Vid\u0113jais kalpo\u0161anas laiks ir l\u012bdz 2000 stundas.<\/p>","protected":false},"excerpt":{"rendered":"<p>Line\u0101ros halog\u0113na stie\u0146us galvenok\u0101rt izmanto halog\u0113na apgaismojumos gan \u0101ra, gan iek\u0161telpu lietojumos. Tos dr\u012bkst izmantot tikai sl\u0113gtos gaismek\u013cos. Vid\u0113jais kalpo\u0161anas laiks ir l\u012bdz 2000 stundas.<\/p>\n","protected":false},"featured_media":34379,"comment_status":"closed","ping_status":"closed","template":"","meta":{"inline_featured_image":false},"product_cat":[1365],"product_tag":[],"yst_prominent_words":[],"class_list":{"0":"post-34374","1":"product","2":"type-product","3":"status-publish","4":"has-post-thumbnail","6":"product_cat-eco-halogen-spuldzes","8":"first","9":"outofstock","10":"taxable","11":"shipping-taxable","12":"purchasable","13":"product-type-simple"},"jetpack_sharing_enabled":true,"_links":{"self":[{"href":"https:\/\/ddt.lv\/lv\/wp-json\/wp\/v2\/product\/34374"}],"collection":[{"href":"https:\/\/ddt.lv\/lv\/wp-json\/wp\/v2\/product"}],"about":[{"href":"https:\/\/ddt.lv\/lv\/wp-json\/wp\/v2\/types\/product"}],"replies":[{"embeddable":true,"href":"https:\/\/ddt.lv\/lv\/wp-json\/wp\/v2\/comments?post=34374"}],"wp:featuredmedia":[{"embeddable":true,"href":"https:\/\/ddt.lv\/lv\/wp-json\/wp\/v2\/media\/34379"}],"wp:attachment":[{"href":"https:\/\/ddt.lv\/lv\/wp-json\/wp\/v2\/media?parent=34374"}],"wp:term":[{"taxonomy":"product_cat","embeddable":true,"href":"https:\/\/ddt.lv\/lv\/wp-json\/wp\/v2\/product_cat?post=34374"},{"taxonomy":"product_tag","embeddable":true,"href":"https:\/\/ddt.lv\/lv\/wp-json\/wp\/v2\/product_tag?post=34374"},{"taxonomy":"yst_prominent_words","embeddable":true,"href":"https:\/\/ddt.lv\/lv\/wp-json\/wp\/v2\/yst_prominent_words?post=34374"}],"curies":[{"name":"wp","href":"https:\/\/api.w.org\/{rel}","templated":true}]}}