{"id":34373,"date":"2022-07-27T15:00:25","date_gmt":"2022-07-27T12:00:25","guid":{"rendered":"https:\/\/ddt.lv\/lv\/product\/jc-35w-12v-gy6-35-volta-individual-spuldze\/"},"modified":"2026-04-01T00:10:53","modified_gmt":"2026-03-31T21:10:53","slug":"jc-35w-12v-gy6-35-volta-individual-spuldze","status":"publish","type":"product","link":"https:\/\/ddt.lv\/lv\/product\/jc-35w-12v-gy6-35-volta-individual-spuldze\/","title":{"rendered":"JC 35W 12V GY6.35 Volta Individual spuldze"},"content":{"rendered":"<p>GY6.35. gaismas kr\u0101sa silti balta.\u00a0 elektroener\u0123ijas pat\u0113ri\u0146\u0161 35 W. gaismas pl\u016bsma \/ spilgtums 770 lm. aptum\u0161ojams j\u0101. hromatiskuma temperat\u016bra 2 700 K. spriegums 12 V. kr\u0101su render\u0113\u0161anas indekss (CRI) 95. ener\u0123ijas klase (no 1.9.2021.) G. kalpo\u0161anas laiks ~2000 stundas.<\/p>","protected":false},"excerpt":{"rendered":"<p>GY6.35. gaismas kr\u0101sa silti balta.\u00a0 elektroener\u0123ijas pat\u0113ri\u0146\u0161 35 W. gaismas pl\u016bsma \/ spilgtums 770 lm. aptum\u0161ojams j\u0101. hromatiskuma temperat\u016bra 2 700 K. spriegums 12 V. kr\u0101su render\u0113\u0161anas indekss (CRI) 95. ener\u0123ijas klase (no 1.9.2021.) G. kalpo\u0161anas laiks ~2000 stundas.<\/p>\n","protected":false},"featured_media":34381,"comment_status":"closed","ping_status":"closed","template":"","meta":{"inline_featured_image":false},"product_cat":[1365],"product_tag":[],"yst_prominent_words":[],"class_list":{"0":"post-34373","1":"product","2":"type-product","3":"status-publish","4":"has-post-thumbnail","6":"product_cat-eco-halogen-spuldzes","8":"first","9":"instock","10":"taxable","11":"shipping-taxable","12":"purchasable","13":"product-type-simple"},"jetpack_sharing_enabled":true,"_links":{"self":[{"href":"https:\/\/ddt.lv\/lv\/wp-json\/wp\/v2\/product\/34373"}],"collection":[{"href":"https:\/\/ddt.lv\/lv\/wp-json\/wp\/v2\/product"}],"about":[{"href":"https:\/\/ddt.lv\/lv\/wp-json\/wp\/v2\/types\/product"}],"replies":[{"embeddable":true,"href":"https:\/\/ddt.lv\/lv\/wp-json\/wp\/v2\/comments?post=34373"}],"wp:featuredmedia":[{"embeddable":true,"href":"https:\/\/ddt.lv\/lv\/wp-json\/wp\/v2\/media\/34381"}],"wp:attachment":[{"href":"https:\/\/ddt.lv\/lv\/wp-json\/wp\/v2\/media?parent=34373"}],"wp:term":[{"taxonomy":"product_cat","embeddable":true,"href":"https:\/\/ddt.lv\/lv\/wp-json\/wp\/v2\/product_cat?post=34373"},{"taxonomy":"product_tag","embeddable":true,"href":"https:\/\/ddt.lv\/lv\/wp-json\/wp\/v2\/product_tag?post=34373"},{"taxonomy":"yst_prominent_words","embeddable":true,"href":"https:\/\/ddt.lv\/lv\/wp-json\/wp\/v2\/yst_prominent_words?post=34373"}],"curies":[{"name":"wp","href":"https:\/\/api.w.org\/{rel}","templated":true}]}}