{"id":34370,"date":"2022-07-27T12:40:17","date_gmt":"2022-07-27T09:40:17","guid":{"rendered":"https:\/\/ddt.lv\/lv\/product\/gls-eco-e27-18w-230v-zext-halogenspuldze\/"},"modified":"2026-04-13T09:47:32","modified_gmt":"2026-04-13T06:47:32","slug":"gls-eco-e27-18w-230v-zext-halogenspuldze","status":"publish","type":"product","link":"https:\/\/ddt.lv\/lv\/product\/gls-eco-e27-18w-230v-zext-halogenspuldze\/","title":{"rendered":"GLS ECO E27 18W 230V ZEXT halog\u0113nspuldze"},"content":{"rendered":"<p>Gaisma ir neat\u0146emama un svar\u012bga jebkura cilv\u0113ka ikdienas sast\u0101vda\u013ca. No apgaismojuma kvalit\u0101tes un intensit\u0101tes ir atkar\u012bga ne tikai veikt\u0101 darba kvalit\u0101te un efektivit\u0101te, bet ar\u012b vesel\u012bba un pa\u0161saj\u016bta. Lai apgaismojums k\u013c\u016btu efekt\u012bvs un \u0113rts m\u0101j\u0101s, biroj\u0101 vai ra\u017eo\u0161anas telp\u0101s, oblig\u0101ti j\u0101izv\u0113las kvalitat\u012bvas lampas un armat\u016bra. Ikdien\u0101 halog\u0113na spuldzes jau sen ir k\u013cuvu\u0161as par \u0113rtu un neaizst\u0101jamu m\u0101ksl\u012bg\u0101s gaismas avotu, t\u0101s tiek izmantotas dz\u012bvok\u013cos, birojos, ra\u017eo\u0161anas telp\u0101s, veikalos, iel\u0101s, automa\u0161\u012bn\u0101s un daudz\u0101s cit\u0101s viet\u0101s.<\/p>","protected":false},"excerpt":{"rendered":"<p>Gaisma ir neat\u0146emama un svar\u012bga jebkura cilv\u0113ka ikdienas sast\u0101vda\u013ca. No apgaismojuma kvalit\u0101tes un intensit\u0101tes ir atkar\u012bga ne tikai veikt\u0101 darba kvalit\u0101te un efektivit\u0101te, bet ar\u012b vesel\u012bba un pa\u0161saj\u016bta. Lai apgaismojums k\u013c\u016btu efekt\u012bvs un \u0113rts m\u0101j\u0101s, biroj\u0101 vai ra\u017eo\u0161anas telp\u0101s, oblig\u0101ti j\u0101izv\u0113las kvalitat\u012bvas lampas un armat\u016bra. Ikdien\u0101 halog\u0113na spuldzes jau sen ir k\u013cuvu\u0161as par \u0113rtu un [&hellip;]<\/p>\n","protected":false},"featured_media":34378,"comment_status":"closed","ping_status":"closed","template":"","meta":{"inline_featured_image":false},"product_cat":[1365],"product_tag":[],"yst_prominent_words":[],"class_list":{"0":"post-34370","1":"product","2":"type-product","3":"status-publish","4":"has-post-thumbnail","6":"product_cat-eco-halogen-spuldzes","8":"first","9":"instock","10":"taxable","11":"shipping-taxable","12":"purchasable","13":"product-type-simple"},"jetpack_sharing_enabled":true,"_links":{"self":[{"href":"https:\/\/ddt.lv\/lv\/wp-json\/wp\/v2\/product\/34370"}],"collection":[{"href":"https:\/\/ddt.lv\/lv\/wp-json\/wp\/v2\/product"}],"about":[{"href":"https:\/\/ddt.lv\/lv\/wp-json\/wp\/v2\/types\/product"}],"replies":[{"embeddable":true,"href":"https:\/\/ddt.lv\/lv\/wp-json\/wp\/v2\/comments?post=34370"}],"wp:featuredmedia":[{"embeddable":true,"href":"https:\/\/ddt.lv\/lv\/wp-json\/wp\/v2\/media\/34378"}],"wp:attachment":[{"href":"https:\/\/ddt.lv\/lv\/wp-json\/wp\/v2\/media?parent=34370"}],"wp:term":[{"taxonomy":"product_cat","embeddable":true,"href":"https:\/\/ddt.lv\/lv\/wp-json\/wp\/v2\/product_cat?post=34370"},{"taxonomy":"product_tag","embeddable":true,"href":"https:\/\/ddt.lv\/lv\/wp-json\/wp\/v2\/product_tag?post=34370"},{"taxonomy":"yst_prominent_words","embeddable":true,"href":"https:\/\/ddt.lv\/lv\/wp-json\/wp\/v2\/yst_prominent_words?post=34370"}],"curies":[{"name":"wp","href":"https:\/\/api.w.org\/{rel}","templated":true}]}}