{"id":34358,"date":"2022-07-27T11:40:17","date_gmt":"2022-07-27T08:40:17","guid":{"rendered":"https:\/\/ddt.lv\/lv\/product\/so-halogen-stabe-de-eco-118mm-r7s-400w-230v-iep-3gb-zenith\/"},"modified":"2026-04-13T09:55:35","modified_gmt":"2026-04-13T06:55:35","slug":"so-halogen-stabe-de-eco-118mm-r7s-400w-230v-iep-3gb-zenith","status":"publish","type":"product","link":"https:\/\/ddt.lv\/lv\/product\/so-halogen-stabe-de-eco-118mm-r7s-400w-230v-iep-3gb-zenith\/","title":{"rendered":"Halogen spuldze DE ECO 118mm R7S 400W 230V iep.3gb ZENITH"},"content":{"rendered":"<p>Univers\u0101la line\u0101ra divpus\u0113ja t\u012bkla sprieguma lampa. Tos izmanto \u0101ra un iek\u0161telpu apgaismojumam.<\/p>","protected":false},"excerpt":{"rendered":"<p>iepakojum\u0101 3 gab<\/p>\n","protected":false},"featured_media":34361,"comment_status":"closed","ping_status":"closed","template":"","meta":{"inline_featured_image":false},"product_cat":[772,1365],"product_tag":[],"yst_prominent_words":[],"class_list":{"0":"post-34358","1":"product","2":"type-product","3":"status-publish","4":"has-post-thumbnail","6":"product_cat-atlaides","7":"product_cat-eco-halogen-spuldzes","9":"first","10":"outofstock","11":"sale","12":"taxable","13":"shipping-taxable","14":"purchasable","15":"product-type-simple"},"jetpack_sharing_enabled":true,"_links":{"self":[{"href":"https:\/\/ddt.lv\/lv\/wp-json\/wp\/v2\/product\/34358"}],"collection":[{"href":"https:\/\/ddt.lv\/lv\/wp-json\/wp\/v2\/product"}],"about":[{"href":"https:\/\/ddt.lv\/lv\/wp-json\/wp\/v2\/types\/product"}],"replies":[{"embeddable":true,"href":"https:\/\/ddt.lv\/lv\/wp-json\/wp\/v2\/comments?post=34358"}],"wp:featuredmedia":[{"embeddable":true,"href":"https:\/\/ddt.lv\/lv\/wp-json\/wp\/v2\/media\/34361"}],"wp:attachment":[{"href":"https:\/\/ddt.lv\/lv\/wp-json\/wp\/v2\/media?parent=34358"}],"wp:term":[{"taxonomy":"product_cat","embeddable":true,"href":"https:\/\/ddt.lv\/lv\/wp-json\/wp\/v2\/product_cat?post=34358"},{"taxonomy":"product_tag","embeddable":true,"href":"https:\/\/ddt.lv\/lv\/wp-json\/wp\/v2\/product_tag?post=34358"},{"taxonomy":"yst_prominent_words","embeddable":true,"href":"https:\/\/ddt.lv\/lv\/wp-json\/wp\/v2\/yst_prominent_words?post=34358"}],"curies":[{"name":"wp","href":"https:\/\/api.w.org\/{rel}","templated":true}]}}