{"id":34345,"date":"2022-07-26T13:00:25","date_gmt":"2022-07-26T10:00:25","guid":{"rendered":"https:\/\/ddt.lv\/lv\/product\/so-halogenspuldze-gu10-es50-50w-300lm-362700k-zenith-bl3\/"},"modified":"2026-04-01T00:17:01","modified_gmt":"2026-03-31T21:17:01","slug":"so-halogenspuldze-gu10-es50-50w-300lm-362700k-zenith-bl3","status":"publish","type":"product","link":"https:\/\/ddt.lv\/lv\/product\/so-halogenspuldze-gu10-es50-50w-300lm-362700k-zenith-bl3\/","title":{"rendered":"Halog\u0113nspuldze GU10 ES50 50W 300Lm 36&#8217;2700K Zenith BL3"},"content":{"rendered":"<p>Halog\u0113n\u0101s spuldzes Hi-Spot reflektors ES50 50W GU10 caursp\u012bd\u012bgs 300lm 2700K silti balts 36\u00b0<\/p>","protected":false},"excerpt":{"rendered":"<p>3 gab\/iepakojum\u0101<\/p>\n","protected":false},"featured_media":34349,"comment_status":"closed","ping_status":"closed","template":"","meta":{"inline_featured_image":false},"product_cat":[1365],"product_tag":[],"yst_prominent_words":[],"class_list":{"0":"post-34345","1":"product","2":"type-product","3":"status-publish","4":"has-post-thumbnail","6":"product_cat-eco-halogen-spuldzes","8":"first","9":"instock","10":"taxable","11":"shipping-taxable","12":"purchasable","13":"product-type-simple"},"jetpack_sharing_enabled":true,"_links":{"self":[{"href":"https:\/\/ddt.lv\/lv\/wp-json\/wp\/v2\/product\/34345"}],"collection":[{"href":"https:\/\/ddt.lv\/lv\/wp-json\/wp\/v2\/product"}],"about":[{"href":"https:\/\/ddt.lv\/lv\/wp-json\/wp\/v2\/types\/product"}],"replies":[{"embeddable":true,"href":"https:\/\/ddt.lv\/lv\/wp-json\/wp\/v2\/comments?post=34345"}],"wp:featuredmedia":[{"embeddable":true,"href":"https:\/\/ddt.lv\/lv\/wp-json\/wp\/v2\/media\/34349"}],"wp:attachment":[{"href":"https:\/\/ddt.lv\/lv\/wp-json\/wp\/v2\/media?parent=34345"}],"wp:term":[{"taxonomy":"product_cat","embeddable":true,"href":"https:\/\/ddt.lv\/lv\/wp-json\/wp\/v2\/product_cat?post=34345"},{"taxonomy":"product_tag","embeddable":true,"href":"https:\/\/ddt.lv\/lv\/wp-json\/wp\/v2\/product_tag?post=34345"},{"taxonomy":"yst_prominent_words","embeddable":true,"href":"https:\/\/ddt.lv\/lv\/wp-json\/wp\/v2\/yst_prominent_words?post=34345"}],"curies":[{"name":"wp","href":"https:\/\/api.w.org\/{rel}","templated":true}]}}