{"id":34333,"date":"2022-07-25T14:00:18","date_gmt":"2022-07-25T11:00:18","guid":{"rendered":"https:\/\/ddt.lv\/lv\/product\/akustiskais-kabelis-2x0-50qmm-caursp-100m\/"},"modified":"2026-04-06T10:47:26","modified_gmt":"2026-04-06T07:47:26","slug":"akustiskais-kabelis-2x0-50qmm-caursp-100m","status":"publish","type":"product","link":"https:\/\/ddt.lv\/lv\/product\/akustiskais-kabelis-2x0-50qmm-caursp-100m\/","title":{"rendered":"Akustiskais kabelis 2X0.50mm2 caursp\u012bd\u012bgs (100m)"},"content":{"rendered":"<p><\/p>\n<div class=\"hgbeOc EjH7wc\"><\/div>\n<div class=\"OlSOob\">\n<div class=\"ccvoYb EjH7wc\">\n<div class=\"AxqVh\">\n<div class=\"OPPzxe\">\n<div class=\"QFw9Te BLojaf\">\n<div class=\"A3dMNc\" data-initial-text=\"\">Neekran\u0113ts divu dz\u012bslu pavediens (kabelis) ar \u0161\u0137\u0113rsgriezumu 2 \u00d7 0,50 mm2. Divdz\u012bslu kabelim ir MELNA izol\u0101cijas kr\u0101sa ar vienu vadu, kas atz\u012bm\u0113ts ar sarkanu sv\u012btru. Kabe\u013ca apvalks ir izgatavots no PVC.<\/div>\n<\/div>\n<\/div>\n<\/div>\n<\/div>\n<\/div>\n<p><\/p>","protected":false},"excerpt":{"rendered":"<p>Neekran\u0113ts divu dz\u012bslu pavediens (kabelis) ar \u0161\u0137\u0113rsgriezumu 2 \u00d7 0,50 mm2. Divdz\u012bslu kabelim ir MELNA izol\u0101cijas kr\u0101sa ar vienu vadu, kas atz\u012bm\u0113ts ar sarkanu sv\u012btru. Kabe\u013ca apvalks ir izgatavots no PVC.<\/p>\n","protected":false},"featured_media":34337,"comment_status":"closed","ping_status":"closed","template":"","meta":{"inline_featured_image":false},"product_cat":[1724,772],"product_tag":[],"yst_prominent_words":[],"class_list":{"0":"post-34333","1":"product","2":"type-product","3":"status-publish","4":"has-post-thumbnail","6":"product_cat-akustiskie-vadi-pagarinataji-un-sadalitaji","7":"product_cat-atlaides","9":"first","10":"instock","11":"sale","12":"taxable","13":"shipping-taxable","14":"purchasable","15":"product-type-simple"},"jetpack_sharing_enabled":true,"_links":{"self":[{"href":"https:\/\/ddt.lv\/lv\/wp-json\/wp\/v2\/product\/34333"}],"collection":[{"href":"https:\/\/ddt.lv\/lv\/wp-json\/wp\/v2\/product"}],"about":[{"href":"https:\/\/ddt.lv\/lv\/wp-json\/wp\/v2\/types\/product"}],"replies":[{"embeddable":true,"href":"https:\/\/ddt.lv\/lv\/wp-json\/wp\/v2\/comments?post=34333"}],"wp:featuredmedia":[{"embeddable":true,"href":"https:\/\/ddt.lv\/lv\/wp-json\/wp\/v2\/media\/34337"}],"wp:attachment":[{"href":"https:\/\/ddt.lv\/lv\/wp-json\/wp\/v2\/media?parent=34333"}],"wp:term":[{"taxonomy":"product_cat","embeddable":true,"href":"https:\/\/ddt.lv\/lv\/wp-json\/wp\/v2\/product_cat?post=34333"},{"taxonomy":"product_tag","embeddable":true,"href":"https:\/\/ddt.lv\/lv\/wp-json\/wp\/v2\/product_tag?post=34333"},{"taxonomy":"yst_prominent_words","embeddable":true,"href":"https:\/\/ddt.lv\/lv\/wp-json\/wp\/v2\/yst_prominent_words?post=34333"}],"curies":[{"name":"wp","href":"https:\/\/api.w.org\/{rel}","templated":true}]}}