{"id":34317,"date":"2022-07-24T13:40:25","date_gmt":"2022-07-24T10:40:25","guid":{"rendered":"https:\/\/ddt.lv\/lv\/product\/17680-dynamo-light-led-lukturis-varta\/"},"modified":"2026-04-06T10:48:01","modified_gmt":"2026-04-06T07:48:01","slug":"17680-dynamo-light-led-lukturis-varta","status":"publish","type":"product","link":"https:\/\/ddt.lv\/lv\/product\/17680-dynamo-light-led-lukturis-varta\/","title":{"rendered":"17680 DYNAMO LIGHT LED Lukturis  VARTA"},"content":{"rendered":"<p><span class=\"JLqJ4b ChMk0b\" data-language-for-alternatives=\"lv\" data-language-to-translate-into=\"hu\" data-phrase-index=\"0\" data-number-of-phrases=\"51\"><span class=\"Q4iAWc\">Neatkar\u012bgi no t\u0101, k\u0101da veida apgaismojums jums ir nepiecie\u0161ams \u2013 Special Lights p\u0101rdom\u0101t\u0101s funkcijas nodro\u0161ina uzticamu risin\u0101jumu ikvienam gad\u012bjumam.<\/span><\/span> <span class=\"JLqJ4b ChMk0b\" data-language-for-alternatives=\"lv\" data-language-to-translate-into=\"hu\" data-phrase-index=\"2\" data-number-of-phrases=\"51\"><span class=\"Q4iAWc\">Tas ir 100% neatkar\u012bgs no akumulatora &#8211; tas var nodro\u0161in\u0101t gaismu jebkur\u0101 laik\u0101.<\/span><\/span> <span class=\"JLqJ4b ChMk0b\" data-language-for-alternatives=\"lv\" data-language-to-translate-into=\"hu\" data-phrase-index=\"4\" data-number-of-phrases=\"51\"><span class=\"Q4iAWc\">P\u0113c vienas min\u016btes uzl\u0101des tas darbojas 30 min\u016btes.<\/span><\/span> <span class=\"JLqJ4b ChMk0b\" data-language-for-alternatives=\"lv\" data-language-to-translate-into=\"hu\" data-phrase-index=\"6\" data-number-of-phrases=\"51\"><span class=\"Q4iAWc\">Korpuss izgatavots no triecieniztur\u012bgas un \u016bdensiztur\u012bgas (IPX4) ABS plastmasas.<\/span><\/span> <span class=\"JLqJ4b ChMk0b\" data-language-for-alternatives=\"lv\" data-language-to-translate-into=\"hu\" data-phrase-index=\"8\" data-number-of-phrases=\"51\"><span class=\"Q4iAWc\">Tas ietver 120 mAh augstas veiktsp\u0113jas uzl\u0101d\u0113jamu litija jonu akumulatoru, un <\/span><\/span><span class=\"JLqJ4b ChMk0b\" data-language-for-alternatives=\"lv\" data-language-to-translate-into=\"hu\" data-phrase-index=\"10\" data-number-of-phrases=\"51\"><span class=\"Q4iAWc\">3gab &#8211; 5 mm baltas gaismas diodes nodro\u0161ina sp\u0113c\u012bg\u0101ku gaismas staru.<\/span><\/span><\/p>","protected":false},"excerpt":{"rendered":"<p>Neatkar\u012bgi no t\u0101, k\u0101da veida apgaismojums jums ir nepiecie\u0161ams \u2013 Special Lights p\u0101rdom\u0101t\u0101s funkcijas nodro\u0161ina uzticamu risin\u0101jumu ikvienam gad\u012bjumam. Tas ir 100% neatkar\u012bgs no akumulatora &#8211; tas var nodro\u0161in\u0101t gaismu jebkur\u0101 laik\u0101. P\u0113c vienas min\u016btes uzl\u0101des tas darbojas 30 min\u016btes. Korpuss izgatavots no triecieniztur\u012bgas un \u016bdensiztur\u012bgas (IPX4) ABS plastmasas. Tas ietver 120 mAh augstas veiktsp\u0113jas [&hellip;]<\/p>\n","protected":false},"featured_media":34318,"comment_status":"closed","ping_status":"closed","template":"","meta":{"inline_featured_image":false},"product_cat":[772,726],"product_tag":[],"yst_prominent_words":[],"class_list":{"0":"post-34317","1":"product","2":"type-product","3":"status-publish","4":"has-post-thumbnail","6":"product_cat-atlaides","7":"product_cat-kabatas","9":"first","10":"instock","11":"sale","12":"taxable","13":"shipping-taxable","14":"purchasable","15":"product-type-simple"},"jetpack_sharing_enabled":true,"_links":{"self":[{"href":"https:\/\/ddt.lv\/lv\/wp-json\/wp\/v2\/product\/34317"}],"collection":[{"href":"https:\/\/ddt.lv\/lv\/wp-json\/wp\/v2\/product"}],"about":[{"href":"https:\/\/ddt.lv\/lv\/wp-json\/wp\/v2\/types\/product"}],"replies":[{"embeddable":true,"href":"https:\/\/ddt.lv\/lv\/wp-json\/wp\/v2\/comments?post=34317"}],"wp:featuredmedia":[{"embeddable":true,"href":"https:\/\/ddt.lv\/lv\/wp-json\/wp\/v2\/media\/34318"}],"wp:attachment":[{"href":"https:\/\/ddt.lv\/lv\/wp-json\/wp\/v2\/media?parent=34317"}],"wp:term":[{"taxonomy":"product_cat","embeddable":true,"href":"https:\/\/ddt.lv\/lv\/wp-json\/wp\/v2\/product_cat?post=34317"},{"taxonomy":"product_tag","embeddable":true,"href":"https:\/\/ddt.lv\/lv\/wp-json\/wp\/v2\/product_tag?post=34317"},{"taxonomy":"yst_prominent_words","embeddable":true,"href":"https:\/\/ddt.lv\/lv\/wp-json\/wp\/v2\/yst_prominent_words?post=34317"}],"curies":[{"name":"wp","href":"https:\/\/api.w.org\/{rel}","templated":true}]}}