{"id":34316,"date":"2022-07-24T13:20:26","date_gmt":"2022-07-24T10:20:26","guid":{"rendered":"https:\/\/ddt.lv\/lv\/product\/dur-v675at-1-4v-baterija-activair-bl6\/"},"modified":"2026-04-01T00:08:21","modified_gmt":"2026-03-31T21:08:21","slug":"dur-v675at-1-4v-baterija-activair-bl6","status":"publish","type":"product","link":"https:\/\/ddt.lv\/lv\/product\/dur-v675at-1-4v-baterija-activair-bl6\/","title":{"rendered":"DUR V675AT 1.4V baterija Activair BL6"},"content":{"rendered":"<p>Duracell Activair ir jaud\u012bgas dzirdes apar\u0101tu baterijas ar ilgu glab\u0101\u0161anas laiku, pateicoties \u0113rtajam iepakojumam.<\/p>","protected":false},"excerpt":{"rendered":"<p>Duracell Activair ir jaud\u012bgas dzirdes apar\u0101tu baterijas ar ilgu glab\u0101\u0161anas laiku, pateicoties \u0113rtajam iepakojumam.<\/p>\n","protected":false},"featured_media":34323,"comment_status":"closed","ping_status":"closed","template":"","meta":{"inline_featured_image":false},"product_cat":[772,448],"product_tag":[],"yst_prominent_words":[],"class_list":{"0":"post-34316","1":"product","2":"type-product","3":"status-publish","4":"has-post-thumbnail","6":"product_cat-atlaides","7":"product_cat-dzirdes-aparatiem","9":"first","10":"instock","11":"sale","12":"taxable","13":"shipping-taxable","14":"purchasable","15":"product-type-simple"},"jetpack_sharing_enabled":true,"_links":{"self":[{"href":"https:\/\/ddt.lv\/lv\/wp-json\/wp\/v2\/product\/34316"}],"collection":[{"href":"https:\/\/ddt.lv\/lv\/wp-json\/wp\/v2\/product"}],"about":[{"href":"https:\/\/ddt.lv\/lv\/wp-json\/wp\/v2\/types\/product"}],"replies":[{"embeddable":true,"href":"https:\/\/ddt.lv\/lv\/wp-json\/wp\/v2\/comments?post=34316"}],"wp:featuredmedia":[{"embeddable":true,"href":"https:\/\/ddt.lv\/lv\/wp-json\/wp\/v2\/media\/34323"}],"wp:attachment":[{"href":"https:\/\/ddt.lv\/lv\/wp-json\/wp\/v2\/media?parent=34316"}],"wp:term":[{"taxonomy":"product_cat","embeddable":true,"href":"https:\/\/ddt.lv\/lv\/wp-json\/wp\/v2\/product_cat?post=34316"},{"taxonomy":"product_tag","embeddable":true,"href":"https:\/\/ddt.lv\/lv\/wp-json\/wp\/v2\/product_tag?post=34316"},{"taxonomy":"yst_prominent_words","embeddable":true,"href":"https:\/\/ddt.lv\/lv\/wp-json\/wp\/v2\/yst_prominent_words?post=34316"}],"curies":[{"name":"wp","href":"https:\/\/api.w.org\/{rel}","templated":true}]}}