{"id":34299,"date":"2022-07-22T19:40:26","date_gmt":"2022-07-22T16:40:26","guid":{"rendered":"https:\/\/ddt.lv\/lv\/product\/pagarinatajs-stativa-4-25m-3x1-5-3680w-a-z-ar-sledzi-sarkans-emos\/"},"modified":"2026-04-07T12:45:23","modified_gmt":"2026-04-07T09:45:23","slug":"pagarinatajs-stativa-4-25m-3x1-5-3680w-a-z-ar-sledzi-sarkans-emos","status":"publish","type":"product","link":"https:\/\/ddt.lv\/lv\/product\/pagarinatajs-stativa-4-25m-3x1-5-3680w-a-z-ar-sledzi-sarkans-emos\/","title":{"rendered":"Pagarin\u0101t\u0101js stat\u012bv\u0101 4\/25m 3&#215;1.5 3680W a\/z ar sl\u0113dzi sarkans EMOS"},"content":{"rendered":"<p><span class=\"JLqJ4b ChMk0b\" data-language-for-alternatives=\"lv\" data-language-to-translate-into=\"uk\" data-phrase-index=\"0\" data-number-of-phrases=\"2\"><span class=\"Q4iAWc\">Pagarin\u0101t\u0101js P092251 no \u010cehijas ra\u017eot\u0101ja Emos.<\/span><\/span> <span class=\"JLqJ4b ChMk0b\" data-language-for-alternatives=\"lv\" data-language-to-translate-into=\"uk\" data-phrase-index=\"1\" data-number-of-phrases=\"2\"><span class=\"Q4iAWc\">Tam ir 1,5 mm kabe\u013ca \u0161\u0137\u0113rsgriezums, kas nodro\u0161ina paaugstin\u0101tu iztur\u012bbu pret slodz\u0113m, ko rada ier\u012b\u010du ar lielu ener\u0123ijas pat\u0113ri\u0146u izmanto\u0161ana. Spoles pagarin\u0101t\u0101jam ir 4 ligzdas, kas apr\u012bkotas ar b\u0113rnu aizsardz\u012bju. Mitruma un putek\u013cu aizsardz\u012bbas klase &#8211; IP20.<\/span><\/span><\/p>","protected":false},"excerpt":{"rendered":"<p>Pagarin\u0101t\u0101js P092251 no \u010cehijas ra\u017eot\u0101ja Emos. Tam ir 1,5 mm kabe\u013ca \u0161\u0137\u0113rsgriezums, kas nodro\u0161ina paaugstin\u0101tu iztur\u012bbu pret slodz\u0113m, ko rada ier\u012b\u010du ar lielu ener\u0123ijas pat\u0113ri\u0146u izmanto\u0161ana. Spoles pagarin\u0101t\u0101jam ir 4 ligzdas, kas apr\u012bkotas ar b\u0113rnu aizsardz\u012bju. Mitruma un putek\u013cu aizsardz\u012bbas klase &#8211; IP20.<\/p>\n","protected":false},"featured_media":34310,"comment_status":"closed","ping_status":"closed","template":"","meta":{"inline_featured_image":false},"product_cat":[1343],"product_tag":[],"yst_prominent_words":[],"class_list":{"0":"post-34299","1":"product","2":"type-product","3":"status-publish","4":"has-post-thumbnail","6":"product_cat-pagarinataji-spole","8":"first","9":"instock","10":"taxable","11":"shipping-taxable","12":"purchasable","13":"product-type-simple"},"jetpack_sharing_enabled":true,"_links":{"self":[{"href":"https:\/\/ddt.lv\/lv\/wp-json\/wp\/v2\/product\/34299"}],"collection":[{"href":"https:\/\/ddt.lv\/lv\/wp-json\/wp\/v2\/product"}],"about":[{"href":"https:\/\/ddt.lv\/lv\/wp-json\/wp\/v2\/types\/product"}],"replies":[{"embeddable":true,"href":"https:\/\/ddt.lv\/lv\/wp-json\/wp\/v2\/comments?post=34299"}],"wp:featuredmedia":[{"embeddable":true,"href":"https:\/\/ddt.lv\/lv\/wp-json\/wp\/v2\/media\/34310"}],"wp:attachment":[{"href":"https:\/\/ddt.lv\/lv\/wp-json\/wp\/v2\/media?parent=34299"}],"wp:term":[{"taxonomy":"product_cat","embeddable":true,"href":"https:\/\/ddt.lv\/lv\/wp-json\/wp\/v2\/product_cat?post=34299"},{"taxonomy":"product_tag","embeddable":true,"href":"https:\/\/ddt.lv\/lv\/wp-json\/wp\/v2\/product_tag?post=34299"},{"taxonomy":"yst_prominent_words","embeddable":true,"href":"https:\/\/ddt.lv\/lv\/wp-json\/wp\/v2\/yst_prominent_words?post=34299"}],"curies":[{"name":"wp","href":"https:\/\/api.w.org\/{rel}","templated":true}]}}