{"id":34294,"date":"2022-07-22T19:20:26","date_gmt":"2022-07-22T16:20:26","guid":{"rendered":"https:\/\/ddt.lv\/lv\/product\/pagarinatajs-5-3m-3x1-5mm2-a-z-ar-sl-2xusb-16a-balts-emos\/"},"modified":"2026-04-08T14:45:29","modified_gmt":"2026-04-08T11:45:29","slug":"pagarinatajs-5-3m-3x1-5mm2-a-z-ar-sl-2xusb-16a-balts-emos","status":"publish","type":"product","link":"https:\/\/ddt.lv\/lv\/product\/pagarinatajs-5-3m-3x1-5mm2-a-z-ar-sl-2xusb-16a-balts-emos\/","title":{"rendered":"Pagarin\u0101t\u0101js 5\/3m 3&#215;1.5mm2 a\/z ar sl. 2xUSB 16A balts EMOS"},"content":{"rendered":"<p>SCHUKO pagarin\u0101t\u0101js 5 m <span class=\"JLqJ4b ChMk0b\" data-language-for-alternatives=\"lv\" data-language-to-translate-into=\"uk\" data-phrase-index=\"0\" data-number-of-phrases=\"5\"><span class=\"Q4iAWc\">Emos t\u012bkla pagarin\u0101t\u0101js ar div\u0101m ieb\u016bv\u0113t\u0101m USB ligzd\u0101m.<\/span><\/span> <span class=\"JLqJ4b ChMk0b\" data-language-for-alternatives=\"lv\" data-language-to-translate-into=\"uk\" data-phrase-index=\"1\" data-number-of-phrases=\"5\"><span class=\"Q4iAWc\">\u0160is produkts \u013cauj uzl\u0101d\u0113t mobil\u0101s ier\u012bces un s\u012bkr\u012bkus, vienk\u0101r\u0161i pievienojot USB kabeli savienot\u0101jam.<\/span><\/span> <span class=\"JLqJ4b ChMk0b\" data-language-for-alternatives=\"lv\" data-language-to-translate-into=\"uk\" data-phrase-index=\"2\" data-number-of-phrases=\"5\"><span class=\"Q4iAWc\">Katras USB ligzdas str\u0101va ir l\u012bdz\u012bga standarta l\u0101d\u0113t\u0101ja str\u0101vai un ir vien\u0101da ar 2,1 A.<\/span><\/span> <span class=\"JLqJ4b ChMk0b\" data-language-for-alternatives=\"lv\" data-language-to-translate-into=\"uk\" data-phrase-index=\"4\" data-number-of-phrases=\"5\"><span class=\"Q4iAWc\">Pagarin\u0101t\u0101jam ir biez\u0101ks kabe\u013ca \u0161\u0137\u0113rsgriezums 1,5 mm\u00b2, un tas ir paredz\u0113ts sadz\u012bves tehnikas piesl\u0113g\u0161anai ar augstu ener\u0123ijas pat\u0113ri\u0146u.<\/span><\/span><\/p>","protected":false},"excerpt":{"rendered":"<p>SCHUKO pagarin\u0101t\u0101js 5 m Emos t\u012bkla pagarin\u0101t\u0101js ar div\u0101m ieb\u016bv\u0113t\u0101m USB ligzd\u0101m. \u0160is produkts \u013cauj uzl\u0101d\u0113t mobil\u0101s ier\u012bces un s\u012bkr\u012bkus, vienk\u0101r\u0161i pievienojot USB kabeli savienot\u0101jam. Katras USB ligzdas str\u0101va ir l\u012bdz\u012bga standarta l\u0101d\u0113t\u0101ja str\u0101vai un ir vien\u0101da ar 2,1 A. Pagarin\u0101t\u0101jam ir biez\u0101ks kabe\u013ca \u0161\u0137\u0113rsgriezums 1,5 mm\u00b2, un tas ir paredz\u0113ts sadz\u012bves tehnikas piesl\u0113g\u0161anai ar [&hellip;]<\/p>\n","protected":false},"featured_media":34306,"comment_status":"closed","ping_status":"closed","template":"","meta":{"inline_featured_image":false},"product_cat":[746],"product_tag":[],"yst_prominent_words":[],"class_list":{"0":"post-34294","1":"product","2":"type-product","3":"status-publish","4":"has-post-thumbnail","6":"product_cat-pagarinataji-pagarinataji-un-sadalitaji","8":"first","9":"instock","10":"taxable","11":"shipping-taxable","12":"purchasable","13":"product-type-simple"},"jetpack_sharing_enabled":true,"_links":{"self":[{"href":"https:\/\/ddt.lv\/lv\/wp-json\/wp\/v2\/product\/34294"}],"collection":[{"href":"https:\/\/ddt.lv\/lv\/wp-json\/wp\/v2\/product"}],"about":[{"href":"https:\/\/ddt.lv\/lv\/wp-json\/wp\/v2\/types\/product"}],"replies":[{"embeddable":true,"href":"https:\/\/ddt.lv\/lv\/wp-json\/wp\/v2\/comments?post=34294"}],"wp:featuredmedia":[{"embeddable":true,"href":"https:\/\/ddt.lv\/lv\/wp-json\/wp\/v2\/media\/34306"}],"wp:attachment":[{"href":"https:\/\/ddt.lv\/lv\/wp-json\/wp\/v2\/media?parent=34294"}],"wp:term":[{"taxonomy":"product_cat","embeddable":true,"href":"https:\/\/ddt.lv\/lv\/wp-json\/wp\/v2\/product_cat?post=34294"},{"taxonomy":"product_tag","embeddable":true,"href":"https:\/\/ddt.lv\/lv\/wp-json\/wp\/v2\/product_tag?post=34294"},{"taxonomy":"yst_prominent_words","embeddable":true,"href":"https:\/\/ddt.lv\/lv\/wp-json\/wp\/v2\/yst_prominent_words?post=34294"}],"curies":[{"name":"wp","href":"https:\/\/api.w.org\/{rel}","templated":true}]}}