{"id":34293,"date":"2022-07-22T19:20:25","date_gmt":"2022-07-22T16:20:25","guid":{"rendered":"https:\/\/ddt.lv\/lv\/product\/pagarinatajs-3-2m-ar-sl-a-z-2xusb-1-5mm2-16a-balts-emos\/"},"modified":"2026-04-13T10:05:34","modified_gmt":"2026-04-13T07:05:34","slug":"pagarinatajs-3-2m-ar-sl-a-z-2xusb-1-5mm2-16a-balts-emos","status":"publish","type":"product","link":"https:\/\/ddt.lv\/lv\/product\/pagarinatajs-3-2m-ar-sl-a-z-2xusb-1-5mm2-16a-balts-emos\/","title":{"rendered":"Pagarin\u0101t\u0101js 3\/2m ar sl. a\/z + 2xUSB 1.5mm2 16A balts EMOS"},"content":{"rendered":"<p>SCHUKO pagarin\u0101t\u0101js 3 m gar\u0161 pie 250 V &#8211; str\u0101vas avota pagarin\u0101\u0161anai viet\u0101s, kas nav pieejamas kontaktligzdai.<\/p>","protected":false},"excerpt":{"rendered":"<p>SCHUKO pagarin\u0101t\u0101js 3 m gar\u0161 pie 250 V &#8211; str\u0101vas avota pagarin\u0101\u0161anai viet\u0101s, kas nav pieejamas kontaktligzdai.<\/p>\n","protected":false},"featured_media":34300,"comment_status":"closed","ping_status":"closed","template":"","meta":{"inline_featured_image":false},"product_cat":[746],"product_tag":[],"yst_prominent_words":[],"class_list":{"0":"post-34293","1":"product","2":"type-product","3":"status-publish","4":"has-post-thumbnail","6":"product_cat-pagarinataji-pagarinataji-un-sadalitaji","8":"first","9":"instock","10":"taxable","11":"shipping-taxable","12":"purchasable","13":"product-type-simple"},"jetpack_sharing_enabled":true,"_links":{"self":[{"href":"https:\/\/ddt.lv\/lv\/wp-json\/wp\/v2\/product\/34293"}],"collection":[{"href":"https:\/\/ddt.lv\/lv\/wp-json\/wp\/v2\/product"}],"about":[{"href":"https:\/\/ddt.lv\/lv\/wp-json\/wp\/v2\/types\/product"}],"replies":[{"embeddable":true,"href":"https:\/\/ddt.lv\/lv\/wp-json\/wp\/v2\/comments?post=34293"}],"wp:featuredmedia":[{"embeddable":true,"href":"https:\/\/ddt.lv\/lv\/wp-json\/wp\/v2\/media\/34300"}],"wp:attachment":[{"href":"https:\/\/ddt.lv\/lv\/wp-json\/wp\/v2\/media?parent=34293"}],"wp:term":[{"taxonomy":"product_cat","embeddable":true,"href":"https:\/\/ddt.lv\/lv\/wp-json\/wp\/v2\/product_cat?post=34293"},{"taxonomy":"product_tag","embeddable":true,"href":"https:\/\/ddt.lv\/lv\/wp-json\/wp\/v2\/product_tag?post=34293"},{"taxonomy":"yst_prominent_words","embeddable":true,"href":"https:\/\/ddt.lv\/lv\/wp-json\/wp\/v2\/yst_prominent_words?post=34293"}],"curies":[{"name":"wp","href":"https:\/\/api.w.org\/{rel}","templated":true}]}}