{"id":34262,"date":"2022-07-21T15:00:19","date_gmt":"2022-07-21T12:00:19","guid":{"rendered":"https:\/\/ddt.lv\/lv\/product\/ara-pagarinatajs-ar-sl-4-10m-a-z-3x1-5-ip44-sark-melns-emos\/"},"modified":"2026-04-08T14:40:29","modified_gmt":"2026-04-08T11:40:29","slug":"ara-pagarinatajs-ar-sl-4-10m-a-z-3x1-5-ip44-sark-melns-emos","status":"publish","type":"product","link":"https:\/\/ddt.lv\/lv\/product\/ara-pagarinatajs-ar-sl-4-10m-a-z-3x1-5-ip44-sark-melns-emos\/","title":{"rendered":"\u0100ra pagarin\u0101t\u0101js ar sl. 4\/10m a\/z 3&#215;1.5 IP44 sark\/melns EMOS"},"content":{"rendered":"<p><span class=\"JLqJ4b ChMk0b\" data-language-for-alternatives=\"lv\" data-language-to-translate-into=\"uk\" data-phrase-index=\"0\" data-number-of-phrases=\"3\"><span class=\"Q4iAWc\">Uz\u0146\u0113muma Emos t\u012bkla pagarin\u0101t\u0101js P14201 r\u016bpnieciskiem un noliktavas ekspluat\u0101cijas apst\u0101k\u013ciem.<\/span><\/span> <span class=\"JLqJ4b ChMk0b\" data-language-for-alternatives=\"lv\" data-language-to-translate-into=\"uk\" data-phrase-index=\"1\" data-number-of-phrases=\"3\"><span class=\"Q4iAWc\">Pagarin\u0101t\u0101js ir apr\u012bkots ar spraud\u0146iem kontaktligzd\u0101m pret mitrumu un putek\u013ciem.<\/span><\/span> <span class=\"JLqJ4b ChMk0b\" data-language-for-alternatives=\"lv\" data-language-to-translate-into=\"uk\" data-phrase-index=\"2\" data-number-of-phrases=\"3\"><span class=\"Q4iAWc\">Sabiezin\u0101tais kabe\u013ca \u0161\u0137\u0113rsgriezums \u013cauj izstr\u0101d\u0101jumam piesl\u0113gt ier\u012bces ar augst\u0101ku ener\u0123ijas pat\u0113ri\u0146a klasi Korpuss izgatavots no triecieniztur\u012bgas plastmasas un gumijas.<\/span><\/span><\/p>","protected":false},"excerpt":{"rendered":"<p>Uz\u0146\u0113muma Emos t\u012bkla pagarin\u0101t\u0101js P14201 r\u016bpnieciskiem un noliktavas ekspluat\u0101cijas apst\u0101k\u013ciem. Pagarin\u0101t\u0101js ir apr\u012bkots ar spraud\u0146iem kontaktligzd\u0101m pret mitrumu un putek\u013ciem. Sabiezin\u0101tais kabe\u013ca \u0161\u0137\u0113rsgriezums \u013cauj izstr\u0101d\u0101jumam piesl\u0113gt ier\u012bces ar augst\u0101ku ener\u0123ijas pat\u0113ri\u0146a klasi Korpuss izgatavots no triecieniztur\u012bgas plastmasas un gumijas.<\/p>\n","protected":false},"featured_media":34295,"comment_status":"closed","ping_status":"closed","template":"","meta":{"inline_featured_image":false},"product_cat":[746],"product_tag":[],"yst_prominent_words":[],"class_list":{"0":"post-34262","1":"product","2":"type-product","3":"status-publish","4":"has-post-thumbnail","6":"product_cat-pagarinataji-pagarinataji-un-sadalitaji","8":"first","9":"instock","10":"taxable","11":"shipping-taxable","12":"purchasable","13":"product-type-simple"},"jetpack_sharing_enabled":true,"_links":{"self":[{"href":"https:\/\/ddt.lv\/lv\/wp-json\/wp\/v2\/product\/34262"}],"collection":[{"href":"https:\/\/ddt.lv\/lv\/wp-json\/wp\/v2\/product"}],"about":[{"href":"https:\/\/ddt.lv\/lv\/wp-json\/wp\/v2\/types\/product"}],"replies":[{"embeddable":true,"href":"https:\/\/ddt.lv\/lv\/wp-json\/wp\/v2\/comments?post=34262"}],"wp:featuredmedia":[{"embeddable":true,"href":"https:\/\/ddt.lv\/lv\/wp-json\/wp\/v2\/media\/34295"}],"wp:attachment":[{"href":"https:\/\/ddt.lv\/lv\/wp-json\/wp\/v2\/media?parent=34262"}],"wp:term":[{"taxonomy":"product_cat","embeddable":true,"href":"https:\/\/ddt.lv\/lv\/wp-json\/wp\/v2\/product_cat?post=34262"},{"taxonomy":"product_tag","embeddable":true,"href":"https:\/\/ddt.lv\/lv\/wp-json\/wp\/v2\/product_tag?post=34262"},{"taxonomy":"yst_prominent_words","embeddable":true,"href":"https:\/\/ddt.lv\/lv\/wp-json\/wp\/v2\/yst_prominent_words?post=34262"}],"curies":[{"name":"wp","href":"https:\/\/api.w.org\/{rel}","templated":true}]}}