{"id":34259,"date":"2022-07-21T13:40:27","date_gmt":"2022-07-21T10:40:27","guid":{"rendered":"https:\/\/ddt.lv\/lv\/product\/ara-pagarinatajs-1-20m-a-z-3x1-5-ip44-16a-3680w-melns-emos\/"},"modified":"2026-04-08T14:45:29","modified_gmt":"2026-04-08T11:45:29","slug":"ara-pagarinatajs-1-20m-a-z-3x1-5-ip44-16a-3680w-melns-emos","status":"publish","type":"product","link":"https:\/\/ddt.lv\/lv\/product\/ara-pagarinatajs-1-20m-a-z-3x1-5-ip44-16a-3680w-melns-emos\/","title":{"rendered":"\u0100ra pagarin\u0101t\u0101js 1\/20m a\/z 3&#215;1.5 IP44 16A\/3680W melns, gumijots vads EMOS"},"content":{"rendered":"<p><span class=\"JLqJ4b ChMk0b\" data-language-for-alternatives=\"lv\" data-language-to-translate-into=\"en\" data-phrase-index=\"0\" data-number-of-phrases=\"11\"><span class=\"Q4iAWc\">Lieljaudas 20 m pagarin\u0101t\u0101js d\u0101rzam vai m\u0101jsaimniec\u012bbai.<\/span><\/span> <span class=\"JLqJ4b ChMk0b\" data-language-for-alternatives=\"lv\" data-language-to-translate-into=\"en\" data-phrase-index=\"2\" data-number-of-phrases=\"11\"><span class=\"Q4iAWc\">Lieliski piem\u0113rota past\u0101v\u012bgai lieto\u0161anai \u0101rpus telp\u0101m vai b\u016bvlaukumos &#8211; augstas kvalit\u0101tes gumijas (neopr\u0113na) izol\u0101cija visos laika apst\u0101k\u013cos.<\/span><\/span> <span class=\"JLqJ4b ChMk0b\" data-language-for-alternatives=\"lv\" data-language-to-translate-into=\"en\" data-phrase-index=\"4\" data-number-of-phrases=\"11\"><span class=\"Q4iAWc\">Kontaktligzda ir apr\u012bkota ar bl\u012bv\u0113juma v\u0101ci\u0146u, kas aizsarg\u0101 kabeli no sve\u0161\u0137erme\u0146iem un \u016bdens \u0161\u013cakat\u0101m.<\/span><\/span> <span class=\"JLqJ4b ChMk0b\" data-language-for-alternatives=\"lv\" data-language-to-translate-into=\"en\" data-phrase-index=\"6\" data-number-of-phrases=\"11\"><span class=\"Q4iAWc\">Aizsardz\u012bbas klase: IP44, karstuma un aukstuma iztur\u012bga, maksim\u0101l\u0101 slodze 3680 W, 250 V\/16 A maks.<\/span><\/span> <span class=\"JLqJ4b ChMk0b\" data-language-for-alternatives=\"lv\" data-language-to-translate-into=\"en\" data-phrase-index=\"8\" data-number-of-phrases=\"11\"><span class=\"Q4iAWc\">Kabe\u013ca tips: H07RN-F3G 1,5 mm3.<\/span><\/span> <span class=\"JLqJ4b ChMk0b\" data-language-for-alternatives=\"lv\" data-language-to-translate-into=\"en\" data-phrase-index=\"10\" data-number-of-phrases=\"11\"><span class=\"Q4iAWc\">B\u0113rnu aizsardz\u012bba.<\/span><\/span><\/p>","protected":false},"excerpt":{"rendered":"<p>Lieljaudas 20 m pagarin\u0101t\u0101js d\u0101rzam vai m\u0101jsaimniec\u012bbai. Lieliski piem\u0113rota past\u0101v\u012bgai lieto\u0161anai \u0101rpus telp\u0101m vai b\u016bvlaukumos &#8211; augstas kvalit\u0101tes gumijas (neopr\u0113na) izol\u0101cija visos laika apst\u0101k\u013cos. Kontaktligzda ir apr\u012bkota ar bl\u012bv\u0113juma v\u0101ci\u0146u, kas aizsarg\u0101 kabeli no sve\u0161\u0137erme\u0146iem un \u016bdens \u0161\u013cakat\u0101m. Aizsardz\u012bbas klase: IP44, karstuma un aukstuma iztur\u012bga, maksim\u0101l\u0101 slodze 3680 W, 250 V\/16 A maks. Kabe\u013ca tips: [&hellip;]<\/p>\n","protected":false},"featured_media":34285,"comment_status":"closed","ping_status":"closed","template":"","meta":{"inline_featured_image":false},"product_cat":[746],"product_tag":[],"yst_prominent_words":[],"class_list":{"0":"post-34259","1":"product","2":"type-product","3":"status-publish","4":"has-post-thumbnail","6":"product_cat-pagarinataji-pagarinataji-un-sadalitaji","8":"first","9":"instock","10":"taxable","11":"shipping-taxable","12":"purchasable","13":"product-type-simple"},"jetpack_sharing_enabled":true,"_links":{"self":[{"href":"https:\/\/ddt.lv\/lv\/wp-json\/wp\/v2\/product\/34259"}],"collection":[{"href":"https:\/\/ddt.lv\/lv\/wp-json\/wp\/v2\/product"}],"about":[{"href":"https:\/\/ddt.lv\/lv\/wp-json\/wp\/v2\/types\/product"}],"replies":[{"embeddable":true,"href":"https:\/\/ddt.lv\/lv\/wp-json\/wp\/v2\/comments?post=34259"}],"wp:featuredmedia":[{"embeddable":true,"href":"https:\/\/ddt.lv\/lv\/wp-json\/wp\/v2\/media\/34285"}],"wp:attachment":[{"href":"https:\/\/ddt.lv\/lv\/wp-json\/wp\/v2\/media?parent=34259"}],"wp:term":[{"taxonomy":"product_cat","embeddable":true,"href":"https:\/\/ddt.lv\/lv\/wp-json\/wp\/v2\/product_cat?post=34259"},{"taxonomy":"product_tag","embeddable":true,"href":"https:\/\/ddt.lv\/lv\/wp-json\/wp\/v2\/product_tag?post=34259"},{"taxonomy":"yst_prominent_words","embeddable":true,"href":"https:\/\/ddt.lv\/lv\/wp-json\/wp\/v2\/yst_prominent_words?post=34259"}],"curies":[{"name":"wp","href":"https:\/\/api.w.org\/{rel}","templated":true}]}}