{"id":34258,"date":"2022-07-21T13:40:27","date_gmt":"2022-07-21T10:40:27","guid":{"rendered":"https:\/\/ddt.lv\/lv\/product\/ara-pagarinatajs-1-10m-a-z-3x1-5-ip44-16a-3680w-melns-emos\/"},"modified":"2026-04-01T00:25:34","modified_gmt":"2026-03-31T21:25:34","slug":"ara-pagarinatajs-1-10m-a-z-3x1-5-ip44-16a-3680w-melns-emos","status":"publish","type":"product","link":"https:\/\/ddt.lv\/lv\/product\/ara-pagarinatajs-1-10m-a-z-3x1-5-ip44-16a-3680w-melns-emos\/","title":{"rendered":"\u0100ra pagarin\u0101t\u0101js 1\/10m a\/z 3&#215;1.5 IP44 16A\/3680W melns, gumijots vads  EMOS"},"content":{"rendered":"<p>Lieljaudas 10 m pagarin\u0101t\u0101js d\u0101rzam vai m\u0101jsaimniec\u012bbai. Lieliski piem\u0113rota past\u0101v\u012bgai lieto\u0161anai \u0101rpus telp\u0101m vai b\u016bvlaukumos &#8211; augstas kvalit\u0101tes gumijas (neopr\u0113na) izol\u0101cija visos laika apst\u0101k\u013cos. Kontaktligzda ir apr\u012bkota ar bl\u012bv\u0113juma v\u0101ci\u0146u, kas aizsarg\u0101 kabeli no sve\u0161\u0137erme\u0146iem un \u016bdens \u0161\u013cakat\u0101m. Aizsardz\u012bbas klase: IP44, karstuma un aukstuma iztur\u012bga, maksim\u0101l\u0101 slodze 3680 W, 250 V\/16 A maks. Kabe\u013ca tips: H07RN-F3G 1,5 mm3. B\u0113rnu aizsardz\u012bba.<\/p>","protected":false},"excerpt":{"rendered":"<p>Lieljaudas 10 m pagarin\u0101t\u0101js d\u0101rzam vai m\u0101jsaimniec\u012bbai. Lieliski piem\u0113rota past\u0101v\u012bgai lieto\u0161anai \u0101rpus telp\u0101m vai b\u016bvlaukumos &#8211; augstas kvalit\u0101tes gumijas (neopr\u0113na) izol\u0101cija visos laika apst\u0101k\u013cos. Kontaktligzda ir apr\u012bkota ar bl\u012bv\u0113juma v\u0101ci\u0146u, kas aizsarg\u0101 kabeli no sve\u0161\u0137erme\u0146iem un \u016bdens \u0161\u013cakat\u0101m. Aizsardz\u012bbas klase: IP44, karstuma un aukstuma iztur\u012bga, maksim\u0101l\u0101 slodze 3680 W, 250 V\/16 A maks. Kabe\u013ca tips: [&hellip;]<\/p>\n","protected":false},"featured_media":34291,"comment_status":"closed","ping_status":"closed","template":"","meta":{"inline_featured_image":false},"product_cat":[746],"product_tag":[],"yst_prominent_words":[],"class_list":{"0":"post-34258","1":"product","2":"type-product","3":"status-publish","4":"has-post-thumbnail","6":"product_cat-pagarinataji-pagarinataji-un-sadalitaji","8":"first","9":"outofstock","10":"taxable","11":"shipping-taxable","12":"purchasable","13":"product-type-simple"},"jetpack_sharing_enabled":true,"_links":{"self":[{"href":"https:\/\/ddt.lv\/lv\/wp-json\/wp\/v2\/product\/34258"}],"collection":[{"href":"https:\/\/ddt.lv\/lv\/wp-json\/wp\/v2\/product"}],"about":[{"href":"https:\/\/ddt.lv\/lv\/wp-json\/wp\/v2\/types\/product"}],"replies":[{"embeddable":true,"href":"https:\/\/ddt.lv\/lv\/wp-json\/wp\/v2\/comments?post=34258"}],"wp:featuredmedia":[{"embeddable":true,"href":"https:\/\/ddt.lv\/lv\/wp-json\/wp\/v2\/media\/34291"}],"wp:attachment":[{"href":"https:\/\/ddt.lv\/lv\/wp-json\/wp\/v2\/media?parent=34258"}],"wp:term":[{"taxonomy":"product_cat","embeddable":true,"href":"https:\/\/ddt.lv\/lv\/wp-json\/wp\/v2\/product_cat?post=34258"},{"taxonomy":"product_tag","embeddable":true,"href":"https:\/\/ddt.lv\/lv\/wp-json\/wp\/v2\/product_tag?post=34258"},{"taxonomy":"yst_prominent_words","embeddable":true,"href":"https:\/\/ddt.lv\/lv\/wp-json\/wp\/v2\/yst_prominent_words?post=34258"}],"curies":[{"name":"wp","href":"https:\/\/api.w.org\/{rel}","templated":true}]}}