{"id":34254,"date":"2022-07-21T12:20:30","date_gmt":"2022-07-21T09:20:30","guid":{"rendered":"https:\/\/ddt.lv\/lv\/product\/15618-brite-essentials-f20-lukturis-2c-bl1-varta\/"},"modified":"2026-04-06T11:05:48","modified_gmt":"2026-04-06T08:05:48","slug":"15618-brite-essentials-f20-lukturis-2c-bl1-varta","status":"publish","type":"product","link":"https:\/\/ddt.lv\/lv\/product\/15618-brite-essentials-f20-lukturis-2c-bl1-varta\/","title":{"rendered":"15618 BRITE ESSENTIALS F20 Lukturis 2C BL1 VARTA"},"content":{"rendered":"<p>Brite Essential F20 ir kompakts luktur\u012btis ar gumijotu alum\u012bnija korpusu. Ar 2 C baterij\u0101m (nav iek\u013cautas komplekt\u0101cij\u0101) tas rada gaismas pl\u016bsmu l\u012bdz 40 l\u016bmeniem un sp\u012bd l\u012bdz pat 27 metru att\u0101lum\u0101. Ar piln\u012bb\u0101 uzl\u0101d\u0113tiem akumulatoriem tas var degt l\u012bdz pat 8 stund\u0101m.<\/p>","protected":false},"excerpt":{"rendered":"<p>Brite Essential F20 ir kompakts luktur\u012btis ar gumijotu alum\u012bnija korpusu. Ar 2 C baterij\u0101m (nav iek\u013cautas komplekt\u0101cij\u0101) tas rada gaismas pl\u016bsmu l\u012bdz 40 l\u016bmeniem un sp\u012bd l\u012bdz pat 27 metru att\u0101lum\u0101. Ar piln\u012bb\u0101 uzl\u0101d\u0113tiem akumulatoriem tas var degt l\u012bdz pat 8 stund\u0101m.<\/p>\n","protected":false},"featured_media":34278,"comment_status":"closed","ping_status":"closed","template":"","meta":{"inline_featured_image":false},"product_cat":[772,727,726],"product_tag":[],"yst_prominent_words":[],"class_list":{"0":"post-34254","1":"product","2":"type-product","3":"status-publish","4":"has-post-thumbnail","6":"product_cat-atlaides","7":"product_cat-galvas","8":"product_cat-kabatas","10":"first","11":"outofstock","12":"sale","13":"taxable","14":"shipping-taxable","15":"purchasable","16":"product-type-simple"},"jetpack_sharing_enabled":true,"_links":{"self":[{"href":"https:\/\/ddt.lv\/lv\/wp-json\/wp\/v2\/product\/34254"}],"collection":[{"href":"https:\/\/ddt.lv\/lv\/wp-json\/wp\/v2\/product"}],"about":[{"href":"https:\/\/ddt.lv\/lv\/wp-json\/wp\/v2\/types\/product"}],"replies":[{"embeddable":true,"href":"https:\/\/ddt.lv\/lv\/wp-json\/wp\/v2\/comments?post=34254"}],"wp:featuredmedia":[{"embeddable":true,"href":"https:\/\/ddt.lv\/lv\/wp-json\/wp\/v2\/media\/34278"}],"wp:attachment":[{"href":"https:\/\/ddt.lv\/lv\/wp-json\/wp\/v2\/media?parent=34254"}],"wp:term":[{"taxonomy":"product_cat","embeddable":true,"href":"https:\/\/ddt.lv\/lv\/wp-json\/wp\/v2\/product_cat?post=34254"},{"taxonomy":"product_tag","embeddable":true,"href":"https:\/\/ddt.lv\/lv\/wp-json\/wp\/v2\/product_tag?post=34254"},{"taxonomy":"yst_prominent_words","embeddable":true,"href":"https:\/\/ddt.lv\/lv\/wp-json\/wp\/v2\/yst_prominent_words?post=34254"}],"curies":[{"name":"wp","href":"https:\/\/api.w.org\/{rel}","templated":true}]}}