{"id":34253,"date":"2022-07-21T12:20:30","date_gmt":"2022-07-21T09:20:30","guid":{"rendered":"https:\/\/ddt.lv\/lv\/product\/16650-led-outdoor-sports-h10-pro-3aaa-galvas-lukturis-varta\/"},"modified":"2026-04-22T08:50:46","modified_gmt":"2026-04-22T05:50:46","slug":"16650-led-outdoor-sports-h10-pro-3aaa-galvas-lukturis-varta","status":"publish","type":"product","link":"https:\/\/ddt.lv\/lv\/product\/16650-led-outdoor-sports-h10-pro-3aaa-galvas-lukturis-varta\/","title":{"rendered":"16650 LED OUTDOOR SPORTS H10 PRO 3AAA galvas Lukturis VARTA"},"content":{"rendered":"<p>VARTA Outdoor Sports H10 Pro ir iztur\u012bgs priek\u0161\u0113jais lukturis, kas apr\u012bkots ar diviem gaismas l\u012bme\u0146iem: augstu un zemu.<br \/>\nVARTA Outdoor Sports H10 Pro darbojas ar akumulatoru, un taj\u0101 ir iek\u013cautas 3xAAA baterijas.<br \/>\nGroz\u0101ma galva optim\u0101lam apk\u0101rtnes apgaismojumam, \u016bdensiztur\u012bga (IPX4), triecieniztur\u012bga 2m.<br \/>\nRegul\u0113jama un mazg\u0101jama galvas siksna \u0113rtai un maksim\u0101lai valk\u0101\u0161anas komfortam.<br \/>\nVARTA Outdoor Sports H10 Pro gaismas jauda ir l\u012bdz 100 l\u016bmeniem, darb\u012bbas laiks l\u012bdz 35 stund\u0101m un gaismas stars l\u012bdz 45 metriem.<\/p>","protected":false},"excerpt":{"rendered":"<p>VARTA Outdoor Sports H10 Pro ir iztur\u012bgs priek\u0161\u0113jais lukturis, kas apr\u012bkots ar diviem gaismas l\u012bme\u0146iem: augstu un zemu. VARTA Outdoor Sports H10 Pro darbojas ar akumulatoru, un taj\u0101 ir iek\u013cautas 3xAAA baterijas. Groz\u0101ma galva optim\u0101lam apk\u0101rtnes apgaismojumam, \u016bdensiztur\u012bga (IPX4), triecieniztur\u012bga 2m. Regul\u0113jama un mazg\u0101jama galvas siksna \u0113rtai un maksim\u0101lai valk\u0101\u0161anas komfortam. VARTA Outdoor Sports H10 [&hellip;]<\/p>\n","protected":false},"featured_media":34275,"comment_status":"closed","ping_status":"closed","template":"","meta":{"inline_featured_image":false},"product_cat":[772,727],"product_tag":[],"yst_prominent_words":[],"class_list":{"0":"post-34253","1":"product","2":"type-product","3":"status-publish","4":"has-post-thumbnail","6":"product_cat-atlaides","7":"product_cat-galvas","9":"first","10":"instock","11":"sale","12":"taxable","13":"shipping-taxable","14":"purchasable","15":"product-type-simple"},"jetpack_sharing_enabled":true,"_links":{"self":[{"href":"https:\/\/ddt.lv\/lv\/wp-json\/wp\/v2\/product\/34253"}],"collection":[{"href":"https:\/\/ddt.lv\/lv\/wp-json\/wp\/v2\/product"}],"about":[{"href":"https:\/\/ddt.lv\/lv\/wp-json\/wp\/v2\/types\/product"}],"replies":[{"embeddable":true,"href":"https:\/\/ddt.lv\/lv\/wp-json\/wp\/v2\/comments?post=34253"}],"wp:featuredmedia":[{"embeddable":true,"href":"https:\/\/ddt.lv\/lv\/wp-json\/wp\/v2\/media\/34275"}],"wp:attachment":[{"href":"https:\/\/ddt.lv\/lv\/wp-json\/wp\/v2\/media?parent=34253"}],"wp:term":[{"taxonomy":"product_cat","embeddable":true,"href":"https:\/\/ddt.lv\/lv\/wp-json\/wp\/v2\/product_cat?post=34253"},{"taxonomy":"product_tag","embeddable":true,"href":"https:\/\/ddt.lv\/lv\/wp-json\/wp\/v2\/product_tag?post=34253"},{"taxonomy":"yst_prominent_words","embeddable":true,"href":"https:\/\/ddt.lv\/lv\/wp-json\/wp\/v2\/yst_prominent_words?post=34253"}],"curies":[{"name":"wp","href":"https:\/\/api.w.org\/{rel}","templated":true}]}}