{"id":34252,"date":"2022-07-21T12:00:27","date_gmt":"2022-07-21T09:00:27","guid":{"rendered":"https:\/\/ddt.lv\/lv\/product\/18664-led-3w-outdoor-sports-lantern-l20-3d-lukturis-varta\/"},"modified":"2026-04-06T11:05:48","modified_gmt":"2026-04-06T08:05:48","slug":"18664-led-3w-outdoor-sports-lantern-l20-3d-lukturis-varta","status":"publish","type":"product","link":"https:\/\/ddt.lv\/lv\/product\/18664-led-3w-outdoor-sports-lantern-l20-3d-lukturis-varta\/","title":{"rendered":"18664 LED 3W OUTDOOR SPORTS LANTERN L20 3D Lukturis VARTA"},"content":{"rendered":"<p>VARTA Outdoor Sports L20 ir viegla, ta\u010du iztur\u012bga moderna dizaina lampa. 1 vatu augstas veiktsp\u0113jas LED nodro\u0161ina silti baltu gaismu, kas rada pat\u012bkamu atmosf\u0113ru. Aptum\u0161o\u0161anas un nakts gaismas funkcija \u013cauj viegli atrast pareizo gaismas intensit\u0101ti jebkur\u0101 laik\u0101. Neatkar\u012bgi no t\u0101, vai v\u0113laties piek\u0101rt lampu kok\u0101, ve\u013cas aukl\u0101 vai telt\u012b, VARTA Outdoor Sports Lantern vienm\u0113r pied\u0101v\u0101 optim\u0101lu risin\u0101jumu. Papildus aptum\u0161o\u0161anas funkcijai Outdoor Sports Lantern ir dro\u0161s pret \u0161\u013cakat\u0101m saska\u0146\u0101 ar IPX4 un ir iztur\u0113jis 2 m kritiena testu. Abi lampas piek\u0101r\u0161anas veidi ir piem\u0113roti jebkura veida pielietojumam. Ide\u0101las izmanto\u0161anas vietas ir: darbn\u012bca, gar\u0101\u017ea, laiva, automa\u0161\u012bna, \u0161\u0137\u016bn\u012b vai d\u0101rz\u0101, k\u0101 ar\u012b iek\u0161telpu un \u0101ra aktivit\u0101tes, piem\u0113ram, mak\u0161\u0137er\u0113\u0161ana, p\u0101rg\u0101jieni, kempings, gril\u0113\u0161ana, av\u0101rijas un str\u0101vas padeves p\u0101rtraukumi.<\/p>","protected":false},"excerpt":{"rendered":"<p>VARTA Outdoor Sports L20 ir viegla, ta\u010du iztur\u012bga moderna dizaina lampa. 1 vatu augstas veiktsp\u0113jas LED nodro\u0161ina silti baltu gaismu, kas rada pat\u012bkamu atmosf\u0113ru. Aptum\u0161o\u0161anas un nakts gaismas funkcija \u013cauj viegli atrast pareizo gaismas intensit\u0101ti jebkur\u0101 laik\u0101. Neatkar\u012bgi no t\u0101, vai v\u0113laties piek\u0101rt lampu kok\u0101, ve\u013cas aukl\u0101 vai telt\u012b, VARTA Outdoor Sports Lantern vienm\u0113r pied\u0101v\u0101 [&hellip;]<\/p>\n","protected":false},"featured_media":34263,"comment_status":"closed","ping_status":"closed","template":"","meta":{"inline_featured_image":false},"product_cat":[772,729],"product_tag":[],"yst_prominent_words":[],"class_list":{"0":"post-34252","1":"product","2":"type-product","3":"status-publish","4":"has-post-thumbnail","6":"product_cat-atlaides","7":"product_cat-laternas","9":"first","10":"outofstock","11":"sale","12":"taxable","13":"shipping-taxable","14":"purchasable","15":"product-type-simple"},"jetpack_sharing_enabled":true,"_links":{"self":[{"href":"https:\/\/ddt.lv\/lv\/wp-json\/wp\/v2\/product\/34252"}],"collection":[{"href":"https:\/\/ddt.lv\/lv\/wp-json\/wp\/v2\/product"}],"about":[{"href":"https:\/\/ddt.lv\/lv\/wp-json\/wp\/v2\/types\/product"}],"replies":[{"embeddable":true,"href":"https:\/\/ddt.lv\/lv\/wp-json\/wp\/v2\/comments?post=34252"}],"wp:featuredmedia":[{"embeddable":true,"href":"https:\/\/ddt.lv\/lv\/wp-json\/wp\/v2\/media\/34263"}],"wp:attachment":[{"href":"https:\/\/ddt.lv\/lv\/wp-json\/wp\/v2\/media?parent=34252"}],"wp:term":[{"taxonomy":"product_cat","embeddable":true,"href":"https:\/\/ddt.lv\/lv\/wp-json\/wp\/v2\/product_cat?post=34252"},{"taxonomy":"product_tag","embeddable":true,"href":"https:\/\/ddt.lv\/lv\/wp-json\/wp\/v2\/product_tag?post=34252"},{"taxonomy":"yst_prominent_words","embeddable":true,"href":"https:\/\/ddt.lv\/lv\/wp-json\/wp\/v2\/yst_prominent_words?post=34252"}],"curies":[{"name":"wp","href":"https:\/\/api.w.org\/{rel}","templated":true}]}}