{"id":34208,"date":"2022-07-19T20:00:25","date_gmt":"2022-07-19T17:00:25","guid":{"rendered":"https:\/\/ddt.lv\/lv\/product\/lukturis-kempinga-led-215lm3xaa-5rezimi-emos\/"},"modified":"2026-04-06T11:05:36","modified_gmt":"2026-04-06T08:05:36","slug":"lukturis-kempinga-led-215lm3xaa-5rezimi-emos","status":"publish","type":"product","link":"https:\/\/ddt.lv\/lv\/product\/lukturis-kempinga-led-215lm3xaa-5rezimi-emos\/","title":{"rendered":"Lukturis Kempinga LED 215lm(3xAA) 5re\u017e\u012bmi EMOS"},"content":{"rendered":"<p>Neliels un \u0101rk\u0101rt\u012bgi paroc\u012bgs gaismas avots \u2013 pret \u016bdeni un triecieniem iztur\u012bgs luktur\u012btis. Tam ir LED gaismas avots un COB LED gaismas avots. Pateicoties izmantotaj\u0101m gaismas diod\u0113m, tas nodro\u0161ina fokus\u0113tu gaismas staru, savuk\u0101rt COB LED vienm\u0113r\u012bgi izklied\u0113 gaismu 90\u00b0 vai 360\u00b0 diapazon\u0101 ar jaudu l\u012bdz 270 l\u016bmeniem. Modelis ir apr\u012bkots ar praktisku stiprin\u0101juma klipsi, kas \u013cauj piestiprin\u0101t lampu, t\u0101d\u0113j\u0101di papla\u0161inot t\u0101s pielietojuma iesp\u0113jas. Lukturis var darboties jebkur\u0101 poz\u012bcij\u0101, uzst\u0101d\u012bts uz ieb\u016bv\u0113t\u0101 magn\u0113tisk\u0101 tur\u0113t\u0101ja, dod iesp\u0113ju daudzfunkcion\u0101li izmantot, piem. pie ma\u0161\u012bnas. Daudzpus\u012bgo modeli var izmantot k\u0101 apgaismojumu jebkur\u0101 m\u0101jsaimniec\u012bb\u0101, darbn\u012bc\u0101 un k\u0101 alternat\u012bvu gaismas avotu str\u0101vas padeves p\u0101rtraukuma gad\u012bjum\u0101. Darbojas ar popul\u0101r\u0101m AA baterij\u0101m (nav iek\u013cautas komplekt\u0101), t\u0101 var darboties l\u012bdz 15 stund\u0101m. Tam ir taktisks sl\u0113dzis, kas tiek darbin\u0101ts ar vienu roku, \u013caujot nekav\u0113joties piek\u013c\u016bt pieciem apgaismojuma re\u017e\u012bmiem. Cietais korpuss ir izgatavots no alum\u012bnija.<\/p>","protected":false},"excerpt":{"rendered":"<p>Neliels un \u0101rk\u0101rt\u012bgi paroc\u012bgs gaismas avots \u2013 pret \u016bdeni un triecieniem iztur\u012bgs luktur\u012btis. Tam ir LED gaismas avots un COB LED gaismas avots. Pateicoties izmantotaj\u0101m gaismas diod\u0113m, tas nodro\u0161ina fokus\u0113tu gaismas staru, savuk\u0101rt COB LED vienm\u0113r\u012bgi izklied\u0113 gaismu 90\u00b0 vai 360\u00b0 diapazon\u0101 ar jaudu l\u012bdz 270 l\u016bmeniem. Modelis ir apr\u012bkots ar praktisku stiprin\u0101juma klipsi, kas [&hellip;]<\/p>\n","protected":false},"featured_media":34234,"comment_status":"closed","ping_status":"closed","template":"","meta":{"inline_featured_image":false},"product_cat":[1594,772,729],"product_tag":[],"yst_prominent_words":[],"class_list":{"0":"post-34208","1":"product","2":"type-product","3":"status-publish","4":"has-post-thumbnail","6":"product_cat-lukturi-preces-aktivai-atputai","7":"product_cat-atlaides","8":"product_cat-laternas","10":"first","11":"instock","12":"sale","13":"taxable","14":"shipping-taxable","15":"purchasable","16":"product-type-simple"},"jetpack_sharing_enabled":true,"_links":{"self":[{"href":"https:\/\/ddt.lv\/lv\/wp-json\/wp\/v2\/product\/34208"}],"collection":[{"href":"https:\/\/ddt.lv\/lv\/wp-json\/wp\/v2\/product"}],"about":[{"href":"https:\/\/ddt.lv\/lv\/wp-json\/wp\/v2\/types\/product"}],"replies":[{"embeddable":true,"href":"https:\/\/ddt.lv\/lv\/wp-json\/wp\/v2\/comments?post=34208"}],"wp:featuredmedia":[{"embeddable":true,"href":"https:\/\/ddt.lv\/lv\/wp-json\/wp\/v2\/media\/34234"}],"wp:attachment":[{"href":"https:\/\/ddt.lv\/lv\/wp-json\/wp\/v2\/media?parent=34208"}],"wp:term":[{"taxonomy":"product_cat","embeddable":true,"href":"https:\/\/ddt.lv\/lv\/wp-json\/wp\/v2\/product_cat?post=34208"},{"taxonomy":"product_tag","embeddable":true,"href":"https:\/\/ddt.lv\/lv\/wp-json\/wp\/v2\/product_tag?post=34208"},{"taxonomy":"yst_prominent_words","embeddable":true,"href":"https:\/\/ddt.lv\/lv\/wp-json\/wp\/v2\/yst_prominent_words?post=34208"}],"curies":[{"name":"wp","href":"https:\/\/api.w.org\/{rel}","templated":true}]}}