{"id":34205,"date":"2022-07-19T12:20:29","date_gmt":"2022-07-19T09:20:29","guid":{"rendered":"https:\/\/ddt.lv\/lv\/product\/savienojuma-vads-hdmi-a-spraudnis-hdmi-a-spraudnis-1-5m-emos\/"},"modified":"2026-04-13T10:05:35","modified_gmt":"2026-04-13T07:05:35","slug":"savienojuma-vads-hdmi-a-spraudnis-hdmi-a-spraudnis-1-5m-emos","status":"publish","type":"product","link":"https:\/\/ddt.lv\/lv\/product\/savienojuma-vads-hdmi-a-spraudnis-hdmi-a-spraudnis-1-5m-emos\/","title":{"rendered":"Savienojuma vads HDMI-A spraudnis HDMI &#8211; A spraudnis 1.5m EMOS"},"content":{"rendered":"<p><span class=\"JLqJ4b ChMk0b\" data-language-for-alternatives=\"lv\" data-language-to-translate-into=\"en\" data-phrase-index=\"0\" data-number-of-phrases=\"3\"><span class=\"Q4iAWc\">Audio un video sign\u0101la p\u0101rraide digit\u0101l\u0101 kvalit\u0101t\u0113 bez saspie\u0161anas un konvert\u0113\u0161anas pa vienu kabeli. Caurlaide l\u012bdz 10,2Gb \/ s (standarta un HDTV video sign\u0101la p\u0101rraide, Dolby TrueHD un DTS-HD Master Audio p\u0101rraide).<\/span><\/span> <span class=\"JLqJ4b ChMk0b\" data-language-for-alternatives=\"lv\" data-language-to-translate-into=\"en\" data-phrase-index=\"1\" data-number-of-phrases=\"3\"><span class=\"Q4iAWc\">Piem\u0113rots m\u016bsdienu LCD un plazmas televizoriem, DVD atska\u0146ot\u0101jiem un rakst\u012bt\u0101jiem.<\/span><\/span> <span class=\"JLqJ4b ChMk0b\" data-language-for-alternatives=\"lv\" data-language-to-translate-into=\"en\" data-phrase-index=\"2\" data-number-of-phrases=\"3\"><span class=\"Q4iAWc\">Produkta priek\u0161roc\u012bbas Apzelt\u012bti savienot\u0101ji.<\/span><\/span><\/p>","protected":false},"excerpt":{"rendered":"<p>Audio un video sign\u0101la p\u0101rraide digit\u0101l\u0101 kvalit\u0101t\u0113 bez saspie\u0161anas un konvert\u0113\u0161anas pa vienu kabeli. Caurlaide l\u012bdz 10,2Gb \/ s (standarta un HDTV video sign\u0101la p\u0101rraide, Dolby TrueHD un DTS-HD Master Audio p\u0101rraide). Piem\u0113rots m\u016bsdienu LCD un plazmas televizoriem, DVD atska\u0146ot\u0101jiem un rakst\u012bt\u0101jiem. Produkta priek\u0161roc\u012bbas Apzelt\u012bti savienot\u0101ji.<\/p>\n","protected":false},"featured_media":34228,"comment_status":"closed","ping_status":"closed","template":"","meta":{"inline_featured_image":false},"product_cat":[742],"product_tag":[],"yst_prominent_words":[],"class_list":{"0":"post-34205","1":"product","2":"type-product","3":"status-publish","4":"has-post-thumbnail","6":"product_cat-savienojuma-vadi","8":"first","9":"instock","10":"taxable","11":"shipping-taxable","12":"purchasable","13":"product-type-simple"},"jetpack_sharing_enabled":true,"_links":{"self":[{"href":"https:\/\/ddt.lv\/lv\/wp-json\/wp\/v2\/product\/34205"}],"collection":[{"href":"https:\/\/ddt.lv\/lv\/wp-json\/wp\/v2\/product"}],"about":[{"href":"https:\/\/ddt.lv\/lv\/wp-json\/wp\/v2\/types\/product"}],"replies":[{"embeddable":true,"href":"https:\/\/ddt.lv\/lv\/wp-json\/wp\/v2\/comments?post=34205"}],"wp:featuredmedia":[{"embeddable":true,"href":"https:\/\/ddt.lv\/lv\/wp-json\/wp\/v2\/media\/34228"}],"wp:attachment":[{"href":"https:\/\/ddt.lv\/lv\/wp-json\/wp\/v2\/media?parent=34205"}],"wp:term":[{"taxonomy":"product_cat","embeddable":true,"href":"https:\/\/ddt.lv\/lv\/wp-json\/wp\/v2\/product_cat?post=34205"},{"taxonomy":"product_tag","embeddable":true,"href":"https:\/\/ddt.lv\/lv\/wp-json\/wp\/v2\/product_tag?post=34205"},{"taxonomy":"yst_prominent_words","embeddable":true,"href":"https:\/\/ddt.lv\/lv\/wp-json\/wp\/v2\/yst_prominent_words?post=34205"}],"curies":[{"name":"wp","href":"https:\/\/api.w.org\/{rel}","templated":true}]}}