{"id":34203,"date":"2022-07-18T23:40:25","date_gmt":"2022-07-18T20:40:25","guid":{"rendered":"https:\/\/ddt.lv\/lv\/product\/lukturis-3w-cob-1w-led-180lm-3xaaa-ar-magnetuar-aki-emos\/"},"modified":"2026-04-06T11:05:34","modified_gmt":"2026-04-06T08:05:34","slug":"lukturis-3w-cob-1w-led-180lm-3xaaa-ar-magnetuar-aki-emos","status":"publish","type":"product","link":"https:\/\/ddt.lv\/lv\/product\/lukturis-3w-cob-1w-led-180lm-3xaaa-ar-magnetuar-aki-emos\/","title":{"rendered":"Lukturis 3W COB+1W LED 180lm (3xAAA) ar magn\u0113tu,ar \u0101\u0137i  EMOS"},"content":{"rendered":"<p>Univers\u0101la plastmasas darba COB LED lampa, kas atrod savu vietu katr\u0101 m\u0101j\u0101, darbn\u012bc\u0101 un visur, kur nepiecie\u0161ams nodro\u0161in\u0101t pla\u0161u apgaismojuma laukumu. \u0160im lukturim ir rot\u0113jo\u0161s rokturis. Taj\u0101 ietilpst ar\u012b praktisks \u0101\u0137is un magn\u0113ts lampas pakarin\u0101\u0161anai.<\/p>","protected":false},"excerpt":{"rendered":"<p>Univers\u0101la plastmasas darba COB LED lampa, kas atrod savu vietu katr\u0101 m\u0101j\u0101, darbn\u012bc\u0101 un visur, kur nepiecie\u0161ams nodro\u0161in\u0101t pla\u0161u apgaismojuma laukumu. \u0160im lukturim ir rot\u0113jo\u0161s rokturis. Taj\u0101 ietilpst ar\u012b praktisks \u0101\u0137is un magn\u0113ts lampas pakarin\u0101\u0161anai.<\/p>\n","protected":false},"featured_media":34240,"comment_status":"closed","ping_status":"closed","template":"","meta":{"inline_featured_image":false},"product_cat":[728],"product_tag":[],"yst_prominent_words":[],"class_list":{"0":"post-34203","1":"product","2":"type-product","3":"status-publish","4":"has-post-thumbnail","6":"product_cat-ar-magnetu","8":"first","9":"instock","10":"taxable","11":"shipping-taxable","12":"purchasable","13":"product-type-simple"},"jetpack_sharing_enabled":true,"_links":{"self":[{"href":"https:\/\/ddt.lv\/lv\/wp-json\/wp\/v2\/product\/34203"}],"collection":[{"href":"https:\/\/ddt.lv\/lv\/wp-json\/wp\/v2\/product"}],"about":[{"href":"https:\/\/ddt.lv\/lv\/wp-json\/wp\/v2\/types\/product"}],"replies":[{"embeddable":true,"href":"https:\/\/ddt.lv\/lv\/wp-json\/wp\/v2\/comments?post=34203"}],"wp:featuredmedia":[{"embeddable":true,"href":"https:\/\/ddt.lv\/lv\/wp-json\/wp\/v2\/media\/34240"}],"wp:attachment":[{"href":"https:\/\/ddt.lv\/lv\/wp-json\/wp\/v2\/media?parent=34203"}],"wp:term":[{"taxonomy":"product_cat","embeddable":true,"href":"https:\/\/ddt.lv\/lv\/wp-json\/wp\/v2\/product_cat?post=34203"},{"taxonomy":"product_tag","embeddable":true,"href":"https:\/\/ddt.lv\/lv\/wp-json\/wp\/v2\/product_tag?post=34203"},{"taxonomy":"yst_prominent_words","embeddable":true,"href":"https:\/\/ddt.lv\/lv\/wp-json\/wp\/v2\/yst_prominent_words?post=34203"}],"curies":[{"name":"wp","href":"https:\/\/api.w.org\/{rel}","templated":true}]}}