{"id":34202,"date":"2022-07-18T23:20:26","date_gmt":"2022-07-18T20:20:26","guid":{"rendered":"https:\/\/ddt.lv\/lv\/product\/sav-vads-usb-a-f-spraudnis-micro-b-m-spraudnis-0-15m-emos\/"},"modified":"2026-04-13T10:05:35","modified_gmt":"2026-04-13T07:05:35","slug":"sav-vads-usb-a-f-spraudnis-micro-b-m-spraudnis-0-15m-emos","status":"publish","type":"product","link":"https:\/\/ddt.lv\/lv\/product\/sav-vads-usb-a-f-spraudnis-micro-b-m-spraudnis-0-15m-emos\/","title":{"rendered":"Sav.vads USB A\/F spraudnis- micro B\/M spraudnis 0.15m  EMOS"},"content":{"rendered":"<p>EMOS mikro-USB kabelis ar OTG funkciju datu p\u0101rs\u016bt\u012b\u0161anai ar garumu 0,15 m. Savienot\u0101ji ir A ligzda &#8211; Micro B spraudnis ar OTG funkciju. Datu p\u0101rs\u016bt\u012b\u0161anas \u0101trums ir 480 Mbit\/s (High Speed). Kabe\u013ca korpusa materi\u0101ls ir PVC + tekstils. USB versija 2.0. Parametri: Savienot\u0101ji: A ligzda &#8211; Micro B spraudnis ar OTG funkciju, USB versija 2.0Garums: 0.15m Lieto\u0161ana: Datu p\u0101rraides \u0101trums: 480 Mbit\/s (High Speed) Materi\u0101ls: PVC + tekstils Kr\u0101sa: Melns Svars: 17g Lieto\u0161ana: Pasniedz piem. mobilo t\u0101lru\u0146u, plan\u0161etdatoru ar Micro USB savienot\u0101ju un OTG funkciju datu p\u0101rs\u016bt\u012b\u0161anai. Vienk\u0101r\u0161i pievienojiet EMOS Micro-USB kabeli ier\u012bcei (mobilajam t\u0101lrunim, plan\u0161etdatoram) ar Micro-USB savienot\u0101ju un kabe\u013ca USB interfeisam, pievienojiet atbilsto\u0161u USB kabeli vai USB datu atsl\u0113gu datu p\u0101rs\u016bt\u012b\u0161anai.<\/p>","protected":false},"excerpt":{"rendered":"<p>EMOS mikro-USB kabelis ar OTG funkciju datu p\u0101rs\u016bt\u012b\u0161anai ar garumu 0,15 m. Savienot\u0101ji ir A ligzda &#8211; Micro B spraudnis ar OTG funkciju. Datu p\u0101rs\u016bt\u012b\u0161anas \u0101trums ir 480 Mbit\/s (High Speed). Kabe\u013ca korpusa materi\u0101ls ir PVC + tekstils. USB versija 2.0. Parametri: Savienot\u0101ji: A ligzda &#8211; Micro B spraudnis ar OTG funkciju, USB versija 2.0Garums: [&hellip;]<\/p>\n","protected":false},"featured_media":34226,"comment_status":"closed","ping_status":"closed","template":"","meta":{"inline_featured_image":false},"product_cat":[742],"product_tag":[],"yst_prominent_words":[],"class_list":{"0":"post-34202","1":"product","2":"type-product","3":"status-publish","4":"has-post-thumbnail","6":"product_cat-savienojuma-vadi","8":"first","9":"instock","10":"taxable","11":"shipping-taxable","12":"purchasable","13":"product-type-simple"},"jetpack_sharing_enabled":true,"_links":{"self":[{"href":"https:\/\/ddt.lv\/lv\/wp-json\/wp\/v2\/product\/34202"}],"collection":[{"href":"https:\/\/ddt.lv\/lv\/wp-json\/wp\/v2\/product"}],"about":[{"href":"https:\/\/ddt.lv\/lv\/wp-json\/wp\/v2\/types\/product"}],"replies":[{"embeddable":true,"href":"https:\/\/ddt.lv\/lv\/wp-json\/wp\/v2\/comments?post=34202"}],"wp:featuredmedia":[{"embeddable":true,"href":"https:\/\/ddt.lv\/lv\/wp-json\/wp\/v2\/media\/34226"}],"wp:attachment":[{"href":"https:\/\/ddt.lv\/lv\/wp-json\/wp\/v2\/media?parent=34202"}],"wp:term":[{"taxonomy":"product_cat","embeddable":true,"href":"https:\/\/ddt.lv\/lv\/wp-json\/wp\/v2\/product_cat?post=34202"},{"taxonomy":"product_tag","embeddable":true,"href":"https:\/\/ddt.lv\/lv\/wp-json\/wp\/v2\/product_tag?post=34202"},{"taxonomy":"yst_prominent_words","embeddable":true,"href":"https:\/\/ddt.lv\/lv\/wp-json\/wp\/v2\/yst_prominent_words?post=34202"}],"curies":[{"name":"wp","href":"https:\/\/api.w.org\/{rel}","templated":true}]}}