{"id":34201,"date":"2022-07-18T23:20:26","date_gmt":"2022-07-18T20:20:26","guid":{"rendered":"https:\/\/ddt.lv\/lv\/product\/elektro-limlente-15mm-10m-zala-iep-10gab-emos\/"},"modified":"2026-04-08T14:37:06","modified_gmt":"2026-04-08T11:37:06","slug":"elektro-limlente-15mm-10m-zala-iep-10gab-emos","status":"publish","type":"product","link":"https:\/\/ddt.lv\/lv\/product\/elektro-limlente-15mm-10m-zala-iep-10gab-emos\/","title":{"rendered":"Elektro l\u012bmlente 15mm\/10m za\u013ca (iep.10gab) EMOS"},"content":{"rendered":"<p>PVC. lentes platums 15 mm. spoles garums 10 m. lentes biezums 0,13 mm, kr\u0101sa &#8211; za\u013ca. pagarin\u0101jums vismaz 125%. elektrisk\u0101 iztur\u012bba vismaz 40 kV \/ mm. elektrisk\u0101 iztur\u012bba p\u0113c mitruma vismaz 35 kV \/ mm. atbilst ROHS direkt\u012bvai . atbilst REACH . uzst\u0101d\u012b\u0161anas temperat\u016bras diapazons -25-90 \u00b0 C.<\/p>","protected":false},"excerpt":{"rendered":"<p>PVC. lentes platums 15 mm. spoles garums 10 m. lentes biezums 0,13 mm, kr\u0101sa &#8211; za\u013ca. pagarin\u0101jums vismaz 125%. elektrisk\u0101 iztur\u012bba vismaz 40 kV \/ mm. elektrisk\u0101 iztur\u012bba p\u0113c mitruma vismaz 35 kV \/ mm. atbilst ROHS direkt\u012bvai . atbilst REACH . uzst\u0101d\u012b\u0161anas temperat\u016bras diapazons -25-90 \u00b0 C.<\/p>\n","protected":false},"featured_media":34219,"comment_status":"closed","ping_status":"closed","template":"","meta":{"inline_featured_image":false},"product_cat":[1295],"product_tag":[],"yst_prominent_words":[],"class_list":{"0":"post-34201","1":"product","2":"type-product","3":"status-publish","4":"has-post-thumbnail","6":"product_cat-limlentes","8":"first","9":"instock","10":"taxable","11":"shipping-taxable","12":"purchasable","13":"product-type-simple"},"jetpack_sharing_enabled":true,"_links":{"self":[{"href":"https:\/\/ddt.lv\/lv\/wp-json\/wp\/v2\/product\/34201"}],"collection":[{"href":"https:\/\/ddt.lv\/lv\/wp-json\/wp\/v2\/product"}],"about":[{"href":"https:\/\/ddt.lv\/lv\/wp-json\/wp\/v2\/types\/product"}],"replies":[{"embeddable":true,"href":"https:\/\/ddt.lv\/lv\/wp-json\/wp\/v2\/comments?post=34201"}],"wp:featuredmedia":[{"embeddable":true,"href":"https:\/\/ddt.lv\/lv\/wp-json\/wp\/v2\/media\/34219"}],"wp:attachment":[{"href":"https:\/\/ddt.lv\/lv\/wp-json\/wp\/v2\/media?parent=34201"}],"wp:term":[{"taxonomy":"product_cat","embeddable":true,"href":"https:\/\/ddt.lv\/lv\/wp-json\/wp\/v2\/product_cat?post=34201"},{"taxonomy":"product_tag","embeddable":true,"href":"https:\/\/ddt.lv\/lv\/wp-json\/wp\/v2\/product_tag?post=34201"},{"taxonomy":"yst_prominent_words","embeddable":true,"href":"https:\/\/ddt.lv\/lv\/wp-json\/wp\/v2\/yst_prominent_words?post=34201"}],"curies":[{"name":"wp","href":"https:\/\/api.w.org\/{rel}","templated":true}]}}